{"id":50033,"date":"2024-05-27T12:00:18","date_gmt":"2024-05-27T09:00:18","guid":{"rendered":"https:\/\/startlan.ee\/toode\/7days-my-beauty-week-ornalt-puhastavad-jahutavad-koorivad-padjakesed-naole-phaice-50tk-150ml\/"},"modified":"2026-05-13T18:00:17","modified_gmt":"2026-05-13T15:00:17","slug":"7days-my-beauty-week-ornalt-puhastavad-jahutavad-koorivad-padjakesed-naole-phaice-50tk-150ml","status":"publish","type":"product","link":"https:\/\/startlan.ee\/en\/toode\/7days-my-beauty-week-ornalt-puhastavad-jahutavad-koorivad-padjakesed-naole-phaice-50tk-150ml\/","title":{"rendered":"7DAYS MY BEAUTY WEEK \u00f5rnalt puhastavad jahutavad koorivad padjakesed n\u00e4ole PHA+ICE 50tk 150ml"},"content":{"rendered":"<p>M\u00f5eldud s\u00fcgavaks ja \u00f5rnaks puhastamiseks ning naha veetasakaalu taastamiseks. Sobib igap\u00e4evaseks kasutamiseks, igale vanusele ja nahat\u00fc\u00fcbile. Aktiveerib uuenemisprotsesse epidermises, toniseerib ja ahendab poore PRO valemiga. PHA happekompleks gl\u00fckonolaktooniga k\u00e4ivitab taastavad protsessid , koorib \u00f5rnalt ja \u00fchtlustab naha mikroreljeefi, aitab matistada, toniseerida ja t\u00f5husalt v\u00f5idelda ebat\u00e4iuslikkusega: aknest, vistrikest kuni mustpeadeni n\u00e4ol.<br \/>\nKoorimispadjad on intensiivselt essentsiga k\u00fcllastunud ja hoolitsevad naha eest kolmel tasandil:<br \/>\n\u2022 Reljeefne pool &#8211; PRO n\u00e4okoorimine;<br \/>\n\u2022 Sile pool \u2013 niisutav ja t\u00f5stev;<br \/>\n\u2022 M\u00f5lemad pooled sobivad suurep\u00e4raselt meigij\u00e4\u00e4kide eemaldamiseks.<\/p>\n<p>&nbsp;<\/p>\n<p><strong>KOOSTIS:\u00a0<\/strong>AQUA, BUTYLENE GLYCOL, BETAINE, GLUCONOLACTONE, ROSMARINUS OFFICINALIS (ROSEMARY) EXTRACT, DIPROPYLENE GLYCOL, HYDROXYACETOPHENONE, 1,2-HEXANEDIOL, CAPRYLYL GLYCOL, ISOPENTYLDIOL, HYALURONIC ACID, CAMELLIA SINENSIS SEED OIL, EUCALYPTUS GLOBULUS LEAF OIL, CAMELLIA SINENSIS LEAF EXTRACT, MENTHA PIPERITA (PEPPERMINT) LEAF WATER, ROSMARINUS OFFICINALIS (ROSEMARY) LEAF WATER, MELISSA OFFICINALIS FLOWER\/LEAF\/STEM WATER, MENTHOL, TRIDECETH-9, PROPYLENE GLYCOL, PEG-40 HYDROGENATED CASTOR OIL, SODIUM HYDROXIDE, DIPOTASSIUM GLYCYRRHIZATE, PPG-5-CETETH-20, DISODIUM EDTA, PHENOXYETHANOL.<\/p>\n","protected":false},"excerpt":{"rendered":"<p>M\u00f5eldud s\u00fcgavaks ja \u00f5rnaks puhastamiseks ning naha veetasakaalu taastamiseks. Sobib igap\u00e4evaseks kasutamiseks, igale vanusele ja nahat\u00fc\u00fcbile. Aktiveerib uuenemisprotsesse epidermises, toniseerib&#8230;<\/p>\n","protected":false},"featured_media":50224,"comment_status":"open","ping_status":"closed","template":"","meta":{"_acf_changed":false,"inline_featured_image":false},"pwb-brand":[981],"product_brand":[],"product_cat":[1071,867,982],"product_tag":[],"class_list":{"0":"post-50033","1":"product","2":"type-product","3":"status-publish","4":"has-post-thumbnail","6":"pwb-brand-7days","7":"product_cat-korea","8":"product_cat-puhastus-meigieemaldus","9":"product_cat-koorivad-padjakesed","11":"first","12":"instock","13":"sale","14":"taxable","15":"shipping-taxable","16":"purchasable","17":"product-type-simple"},"acf":[],"brands":[{"id":981,"name":"7Days","slug":"7days"}],"_links":{"self":[{"href":"https:\/\/startlan.ee\/en\/wp-json\/wp\/v2\/product\/50033","targetHints":{"allow":["GET"]}}],"collection":[{"href":"https:\/\/startlan.ee\/en\/wp-json\/wp\/v2\/product"}],"about":[{"href":"https:\/\/startlan.ee\/en\/wp-json\/wp\/v2\/types\/product"}],"replies":[{"embeddable":true,"href":"https:\/\/startlan.ee\/en\/wp-json\/wp\/v2\/comments?post=50033"}],"wp:featuredmedia":[{"embeddable":true,"href":"https:\/\/startlan.ee\/en\/wp-json\/wp\/v2\/media\/50224"}],"wp:attachment":[{"href":"https:\/\/startlan.ee\/en\/wp-json\/wp\/v2\/media?parent=50033"}],"wp:term":[{"taxonomy":"pwb-brand","embeddable":true,"href":"https:\/\/startlan.ee\/en\/wp-json\/wp\/v2\/pwb-brand?post=50033"},{"taxonomy":"product_brand","embeddable":true,"href":"https:\/\/startlan.ee\/en\/wp-json\/wp\/v2\/product_brand?post=50033"},{"taxonomy":"product_cat","embeddable":true,"href":"https:\/\/startlan.ee\/en\/wp-json\/wp\/v2\/product_cat?post=50033"},{"taxonomy":"product_tag","embeddable":true,"href":"https:\/\/startlan.ee\/en\/wp-json\/wp\/v2\/product_tag?post=50033"}],"curies":[{"name":"wp","href":"https:\/\/api.w.org\/{rel}","templated":true}]}}