{"id":50032,"date":"2024-05-27T12:00:18","date_gmt":"2024-05-27T09:00:18","guid":{"rendered":"https:\/\/startlan.ee\/toode\/7days-my-beauty-week-sugavpuhastavad-koorimispadjad-naole-bhacica-50tk-150ml\/"},"modified":"2026-05-13T18:00:17","modified_gmt":"2026-05-13T15:00:17","slug":"7days-my-beauty-week-sugavpuhastavad-koorimispadjad-naole-bhacica-50tk-150ml","status":"publish","type":"product","link":"https:\/\/startlan.ee\/en\/toode\/7days-my-beauty-week-sugavpuhastavad-koorimispadjad-naole-bhacica-50tk-150ml\/","title":{"rendered":"7DAYS MY BEAUTY WEEK s\u00fcgavpuhastavad koorimispadjad n\u00e4ole BHA+CICA 50tk 150ml"},"content":{"rendered":"<p>Professionaalne n\u00e4okoorija, mis aktiveerib epidermise uuenemisprotsesse ja poleerib nahka t\u00e4nu Anti-Acne PRO valemile: BHA happed \u2013 n\u00e4ole m\u00f5eldud salits\u00fc\u00fclhape lahustab surnud rakud ja omab antibakteriaalset toimet, aidates \u00e4ra hoida vistrike, akne ja tedret\u00e4hnide teket ninale. Salits\u00fc\u00fclkoorimine k\u00e4ivitab n\u00e4onaha t\u00f5husa koorimise, poleerib \u00f5rnalt aknej\u00e4rgsete s\u00fcmptomitega nahka, ahendab poore ja matistab. Centella Asiatica ja teepuu mahl omavad k\u00f5ikeh\u00f5lmavat rahustavat, hooldavat ja pehmendavat toimet, tagastades nahale terve ja s\u00e4rava v\u00e4limuse. Puhastab nahka, ahendab poore ja matistab 1 minutiga. Padjad on intensiivselt essentsiga immutatud, hoolitsedes naha eest kolmel tasandil:<br \/>\n\u2022 reljeefne pool &#8211; PRO n\u00e4okoorimine;<br \/>\n\u2022 sile pool \u2013 niisutav ja t\u00f5stev;<br \/>\n\u2022 m\u00f5lemad pooled sobivad suurep\u00e4raselt meigij\u00e4\u00e4kide eemaldamiseks.<br \/>\nSobib igap\u00e4evaseks kasutamiseks.<\/p>\n<p>&nbsp;<\/p>\n<p><strong>KOOSTIS:\u00a0<\/strong>AQUA, BUTYLENE GLYCOL, METHYLPROPANEDIOL, BETAINE, CENTELLA ASIATICA LEAF EXTRACT, 1,2-HEXANEDIOL, HYDROXYACETOPHENONE, MELALEUCA ALTERNIFOLIA (TEA TREE) LEAF WATER, SALICYLIC ACID, SALIX ALBA (WILLOW) BARK EXTRACT, GLYCYRRHIZA GLABRA (LICORICE) ROOT EXTRACT, MELALEUCA ALTERNIFOLIA (TEA TREE) LEAF OIL, MENTHA PIPERITA (PEPPERMINT) OIL, PROPYLENE GLYCOL, PEG-40 HYDROGENATED CASTOR OIL, DIPOTASSIUM GLYCYRRHIZATE, PPG-5-CETETH-20, DISODIUM EDTA, PHENOXYETHANOL, PARFUME.<\/p>\n","protected":false},"excerpt":{"rendered":"<p>Professionaalne n\u00e4okoorija, mis aktiveerib epidermise uuenemisprotsesse ja poleerib nahka t\u00e4nu Anti-Acne PRO valemile: BHA happed \u2013 n\u00e4ole m\u00f5eldud salits\u00fc\u00fclhape lahustab&#8230;<\/p>\n","protected":false},"featured_media":50227,"comment_status":"open","ping_status":"closed","template":"","meta":{"_acf_changed":false,"inline_featured_image":false},"pwb-brand":[981],"product_brand":[],"product_cat":[867,982,1071],"product_tag":[],"class_list":{"0":"post-50032","1":"product","2":"type-product","3":"status-publish","4":"has-post-thumbnail","6":"pwb-brand-7days","7":"product_cat-puhastus-meigieemaldus","8":"product_cat-koorivad-padjakesed","9":"product_cat-korea","11":"first","12":"instock","13":"sale","14":"taxable","15":"shipping-taxable","16":"purchasable","17":"product-type-simple"},"acf":[],"brands":[{"id":981,"name":"7Days","slug":"7days"}],"_links":{"self":[{"href":"https:\/\/startlan.ee\/en\/wp-json\/wp\/v2\/product\/50032","targetHints":{"allow":["GET"]}}],"collection":[{"href":"https:\/\/startlan.ee\/en\/wp-json\/wp\/v2\/product"}],"about":[{"href":"https:\/\/startlan.ee\/en\/wp-json\/wp\/v2\/types\/product"}],"replies":[{"embeddable":true,"href":"https:\/\/startlan.ee\/en\/wp-json\/wp\/v2\/comments?post=50032"}],"wp:featuredmedia":[{"embeddable":true,"href":"https:\/\/startlan.ee\/en\/wp-json\/wp\/v2\/media\/50227"}],"wp:attachment":[{"href":"https:\/\/startlan.ee\/en\/wp-json\/wp\/v2\/media?parent=50032"}],"wp:term":[{"taxonomy":"pwb-brand","embeddable":true,"href":"https:\/\/startlan.ee\/en\/wp-json\/wp\/v2\/pwb-brand?post=50032"},{"taxonomy":"product_brand","embeddable":true,"href":"https:\/\/startlan.ee\/en\/wp-json\/wp\/v2\/product_brand?post=50032"},{"taxonomy":"product_cat","embeddable":true,"href":"https:\/\/startlan.ee\/en\/wp-json\/wp\/v2\/product_cat?post=50032"},{"taxonomy":"product_tag","embeddable":true,"href":"https:\/\/startlan.ee\/en\/wp-json\/wp\/v2\/product_tag?post=50032"}],"curies":[{"name":"wp","href":"https:\/\/api.w.org\/{rel}","templated":true}]}}