{"id":50031,"date":"2024-05-27T12:00:17","date_gmt":"2024-05-27T09:00:17","guid":{"rendered":"https:\/\/startlan.ee\/toode\/7days-my-beauty-week-miracle-puhastavad-koorimispadjad-naole-ahabhaphalha-50tk-150ml\/"},"modified":"2026-05-13T18:00:17","modified_gmt":"2026-05-13T15:00:17","slug":"7days-my-beauty-week-miracle-puhastavad-koorimispadjad-naole-ahabhaphalha-50tk-150ml","status":"publish","type":"product","link":"https:\/\/startlan.ee\/en\/toode\/7days-my-beauty-week-miracle-puhastavad-koorimispadjad-naole-ahabhaphalha-50tk-150ml\/","title":{"rendered":"7DAYS MY BEAUTY WEEK Miracle puhastavad koorimispadjad n\u00e4ole AHA+BHA+PHA+LHA 50tk 150ml"},"content":{"rendered":"<p>Muuda nahk siledaks, pringiks ja s\u00e4ravaks, v\u00f5imaldades saavutada tulemuse \u2013 puhas, niisutatud ja sile nahk 1 minutiga. Sobib igap\u00e4evaseks kasutamiseks k\u00f5igile nahat\u00fc\u00fcpidele ja igas vanuses.<br \/>\nAHA happed: gl\u00fckool, vein ja \u00f5un. Tungivad epidermisesse et k\u00e4ivitada uuenemisprotsesse.<br \/>\nGl\u00fckoolkoorimine koorib ja lahustab surnud rakud.<br \/>\nBHA happed: Salits\u00fc\u00fclhappel on antibakteriaalne toime, aidates \u00e4ra hoida p\u00f5letikke, vistrikke, aknet ja tedret\u00e4ppe ninal.<br \/>\nSalits\u00fc\u00fclkoorimine \u2013 100% poore ahendav ja matistav.<br \/>\nPHA happed aitavad taastada naha veetasakaalu ja kaitsebarj\u00e4\u00e4ri, tagades elastsuse ja s\u00e4ra.<br \/>\nLHA happed k\u00e4ivitavad \u00f5rna ja t\u00f5husa n\u00e4onaha koorimise, hoiavad \u00e4ra ebat\u00e4iuslikkuse ilmnemise, \u00fchtlustavad nahatooni ja mikroreljeefi.<br \/>\nNiatsiinamiid niisutab, rahustab, v\u00e4hendab punetust, pehmendab ja suurendab naha elastsust.<br \/>\nHoolitse naha eest kolmel tasandil:<br \/>\n\u2022 reljeefne pool &#8211; PRO koorimine n\u00e4ole;<br \/>\n\u2022 sile pool \u2013 niisutav ja t\u00f5stev;<br \/>\n\u2022 m\u00f5lemad pooled sobivad suurep\u00e4raselt meigij\u00e4\u00e4kide eemaldamiseks.<\/p>\n<p>&nbsp;<\/p>\n<p><strong>KOOSTIS:\u00a0<\/strong>AQUA, METHYLPROPANEDIOL, BUTYLENE GLYCOL, BETAINE, GLUCONOLACTONE, SODIUM LACTATE, GLYCOLIC ACID, SUCROSE, UREA, SODIUM CITRATE, TARTARIC ACID, MALIC ACID, SALICYLIC ACID, LACTOBIONIC ACID, CAPRYLOYL SALICYLIC ACID, NIACINAMIDE, PROPANEDIOL, GLYCERIN, 1,2-HEXANEDIOL, HYDROXYACETOPHENONE, PPG-26-BUTETH-26, PEG-40 HYDROGENATED CASTOR OIL, SODIUM HYDROXIDE, DIPOTASSIUM GLYCYRRHIZATE, PPG-5-CETETH-20, DISODIUM EDTA, PHENOXYETHANOL.<\/p>\n","protected":false},"excerpt":{"rendered":"<p>Muuda nahk siledaks, pringiks ja s\u00e4ravaks, v\u00f5imaldades saavutada tulemuse \u2013 puhas, niisutatud ja sile nahk 1 minutiga. Sobib igap\u00e4evaseks kasutamiseks&#8230;<\/p>\n","protected":false},"featured_media":50210,"comment_status":"open","ping_status":"closed","template":"","meta":{"_acf_changed":false,"inline_featured_image":false},"pwb-brand":[981],"product_brand":[],"product_cat":[982,1071],"product_tag":[],"class_list":{"0":"post-50031","1":"product","2":"type-product","3":"status-publish","4":"has-post-thumbnail","6":"pwb-brand-7days","7":"product_cat-koorivad-padjakesed","8":"product_cat-korea","10":"first","11":"instock","12":"sale","13":"taxable","14":"shipping-taxable","15":"purchasable","16":"product-type-simple"},"acf":[],"brands":[{"id":981,"name":"7Days","slug":"7days"}],"_links":{"self":[{"href":"https:\/\/startlan.ee\/en\/wp-json\/wp\/v2\/product\/50031","targetHints":{"allow":["GET"]}}],"collection":[{"href":"https:\/\/startlan.ee\/en\/wp-json\/wp\/v2\/product"}],"about":[{"href":"https:\/\/startlan.ee\/en\/wp-json\/wp\/v2\/types\/product"}],"replies":[{"embeddable":true,"href":"https:\/\/startlan.ee\/en\/wp-json\/wp\/v2\/comments?post=50031"}],"wp:featuredmedia":[{"embeddable":true,"href":"https:\/\/startlan.ee\/en\/wp-json\/wp\/v2\/media\/50210"}],"wp:attachment":[{"href":"https:\/\/startlan.ee\/en\/wp-json\/wp\/v2\/media?parent=50031"}],"wp:term":[{"taxonomy":"pwb-brand","embeddable":true,"href":"https:\/\/startlan.ee\/en\/wp-json\/wp\/v2\/pwb-brand?post=50031"},{"taxonomy":"product_brand","embeddable":true,"href":"https:\/\/startlan.ee\/en\/wp-json\/wp\/v2\/product_brand?post=50031"},{"taxonomy":"product_cat","embeddable":true,"href":"https:\/\/startlan.ee\/en\/wp-json\/wp\/v2\/product_cat?post=50031"},{"taxonomy":"product_tag","embeddable":true,"href":"https:\/\/startlan.ee\/en\/wp-json\/wp\/v2\/product_tag?post=50031"}],"curies":[{"name":"wp","href":"https:\/\/api.w.org\/{rel}","templated":true}]}}