{"id":50030,"date":"2024-05-27T12:00:17","date_gmt":"2024-05-27T09:00:17","guid":{"rendered":"https:\/\/startlan.ee\/toode\/7days-my-beauty-week-koorivad-koorivad-padjakesed-naole-ahavitamiin-c-50tk-150ml\/"},"modified":"2026-05-13T18:00:17","modified_gmt":"2026-05-13T15:00:17","slug":"7days-my-beauty-week-koorivad-koorivad-padjakesed-naole-ahavitamiin-c-50tk-150ml","status":"publish","type":"product","link":"https:\/\/startlan.ee\/en\/toode\/7days-my-beauty-week-koorivad-koorivad-padjakesed-naole-ahavitamiin-c-50tk-150ml\/","title":{"rendered":"7DAYS MY BEAUTY WEEK Koorivad padjakesed n\u00e4ole AHA+VITAMIIN C 50tk 150ml"},"content":{"rendered":"<p>M\u00f5eldud naha koheseks puhastamiseks ja silumiseks. Sobib igap\u00e4evaseks kasutamiseks, igale nahat\u00fc\u00fcbile ja vanusele. Aktiveerib epidermise uuenemisprotsesse ja poleerib nahka PRO valemiga. AHA happed: gl\u00fckool- ja piimhapete kompleks tungib s\u00fcgavale nahka, lahustab surnud rakke ja k\u00e4ivitab n\u00e4onaha koorimise, uuendab nahka t\u00f5husalt, suurendab kollageeni ja h\u00fcaluroonhappe tootmist, \u00fchtlustab seel\u00e4bi nahatooni ja parandab mikrotekstuuri ja tedret\u00e4hnid n\u00e4ol, ahendab poore ja matistab C-vitamiin s\u00fcgavniisutab ja toniseerib, annab nahale s\u00e4ra ja \u00fchtlustab, vabaneb pigmentatsioonist n\u00e4ol ja akne j\u00e4rel, andes n\u00e4ole terve v\u00e4rvi ja s\u00e4ra. Centella Asiatica ja Witch Hazel on antioks\u00fcdantne, hooldav, rahustav ja pehmendav toime, leevendades punetust.<br \/>\nHoolitse oma naha eest kolmel tasandil:<br \/>\n\u2022 reljeefne pool &#8211; PRO happekoorimine n\u00e4ole;<br \/>\n\u2022 sile pool \u2013 niisutav ja t\u00f5stev;<br \/>\n\u2022 m\u00f5lemad pooled sobivad suurep\u00e4raselt meigij\u00e4\u00e4kide eemaldamiseks.<\/p>\n<p>&nbsp;<\/p>\n<p><strong>KOOSTIS:\u00a0<\/strong>AQUA, BUTYLENE GLYCOL, LACTIC ACID, BETAINE, SODIUM HYDROXIDE, GLYCOLIC ACID, 3-O-ETHYL ASCORBIC ACID, HAMAMELIS VIRGINIANA (WITCH HAZEL) WATER, RUBUS FRUTICOSUS (BLACKBERRY) FRUIT EXTRACT, RUBUS IDAEUS (RASPBERRY) FRUIT EXTRACT, CENTELLA ASIATICA LEAF EXTRACT, 1,2-HEXANEDIOL, HYDROXYACETOPHENONE, CITRIC ACID, SODIUM BENZOATE, POTASSIUM SORBATE, DIPOTASSIUM GLYCYRRHIZATE, PPG-5-CETETH-20, DISODIUM EDTA, PHENOXYETHANOL.<\/p>\n","protected":false},"excerpt":{"rendered":"<p>M\u00f5eldud naha koheseks puhastamiseks ja silumiseks. Sobib igap\u00e4evaseks kasutamiseks, igale nahat\u00fc\u00fcbile ja vanusele. Aktiveerib epidermise uuenemisprotsesse ja poleerib nahka PRO&#8230;<\/p>\n","protected":false},"featured_media":50214,"comment_status":"open","ping_status":"closed","template":"","meta":{"_acf_changed":false,"inline_featured_image":false},"pwb-brand":[981],"product_brand":[],"product_cat":[982,1071],"product_tag":[],"class_list":{"0":"post-50030","1":"product","2":"type-product","3":"status-publish","4":"has-post-thumbnail","6":"pwb-brand-7days","7":"product_cat-koorivad-padjakesed","8":"product_cat-korea","10":"first","11":"instock","12":"sale","13":"taxable","14":"shipping-taxable","15":"purchasable","16":"product-type-simple"},"acf":[],"brands":[{"id":981,"name":"7Days","slug":"7days"}],"_links":{"self":[{"href":"https:\/\/startlan.ee\/en\/wp-json\/wp\/v2\/product\/50030","targetHints":{"allow":["GET"]}}],"collection":[{"href":"https:\/\/startlan.ee\/en\/wp-json\/wp\/v2\/product"}],"about":[{"href":"https:\/\/startlan.ee\/en\/wp-json\/wp\/v2\/types\/product"}],"replies":[{"embeddable":true,"href":"https:\/\/startlan.ee\/en\/wp-json\/wp\/v2\/comments?post=50030"}],"wp:featuredmedia":[{"embeddable":true,"href":"https:\/\/startlan.ee\/en\/wp-json\/wp\/v2\/media\/50214"}],"wp:attachment":[{"href":"https:\/\/startlan.ee\/en\/wp-json\/wp\/v2\/media?parent=50030"}],"wp:term":[{"taxonomy":"pwb-brand","embeddable":true,"href":"https:\/\/startlan.ee\/en\/wp-json\/wp\/v2\/pwb-brand?post=50030"},{"taxonomy":"product_brand","embeddable":true,"href":"https:\/\/startlan.ee\/en\/wp-json\/wp\/v2\/product_brand?post=50030"},{"taxonomy":"product_cat","embeddable":true,"href":"https:\/\/startlan.ee\/en\/wp-json\/wp\/v2\/product_cat?post=50030"},{"taxonomy":"product_tag","embeddable":true,"href":"https:\/\/startlan.ee\/en\/wp-json\/wp\/v2\/product_tag?post=50030"}],"curies":[{"name":"wp","href":"https:\/\/api.w.org\/{rel}","templated":true}]}}