{"id":50028,"date":"2024-05-27T10:00:19","date_gmt":"2024-05-27T07:00:19","guid":{"rendered":"https:\/\/startlan.ee\/toode\/7days-my-beauty-week-savikoorimismask-2in1-detox-skin-50ml\/"},"modified":"2026-05-13T18:00:23","modified_gmt":"2026-05-13T15:00:23","slug":"7days-my-beauty-week-savikoorimismask-2in1-detox-skin-50ml","status":"publish","type":"product","link":"https:\/\/startlan.ee\/en\/toode\/7days-my-beauty-week-savikoorimismask-2in1-detox-skin-50ml\/","title":{"rendered":"7DAYS MY BEAUTY WEEK savikoorimismask 2in1 DETOX SKIN 50ml"},"content":{"rendered":"<p>Savikoorimismask 7DAYS DETOX SKIN pakub Koreast p\u00e4rit s\u00fcgavpuhastust ja NUTIKAT nahahooldust armastusega. Spetsiaalne 2in1 nutikas koostis toimib savimaski + n\u00e4okoorijana. MY BEAUTY WEEK &#8211; SMART care on kombinatsioon nutikatest koostisosadest ja uuenduslikest koostistest 100% efektiivsuse saavutamiseks: Valge savi (kaoliin) t\u00f5mbab ettevaatlikult v\u00e4lja ebapuhtused, ahendab poore ja kuivatab neid. Tsink v\u00f5itleb puudustega ja reguleerib rasu tootmist. Vetikad (pruunvetikas, fucus) on m\u00f5eldud naha tasakaalu taastamiseks, t\u00f5stmiseks ja n\u00e4o niisutamiseks. Azuki ubade 100% looduslikud osakesed koorivad \u00f5rnalt ja lahustuvad nahaga kokkupuutel. Detox-lehtmask on probleemsele nahale t\u00f5eline abimees: \u00fchtlustab nahatooni, matistab seda, pehmendab ja annab loomuliku s\u00e4ra. T\u00c4IUSLIK SOBIVUS: koorija-mask + elustav n\u00e4oseerum MILKY BOOST Squalane MY BEAUTY WEEK.<\/p>\n<p>&nbsp;<\/p>\n<p><strong>KOOSTIS: <\/strong>AQUA, KAOLIN, GLYCERIN, BENTONITE, DIPROPYLENE GLYCOL, MAGNESIUM ALUMINUM SILICATE, VIGNA ANGULARIS SEED POWDER, ZINC OXIDE, CHLORELLA VULGARIS EXTRACT, PORPHYRA YEZOENSIS EXTRACT, UNDARIA PINNATIFIDA EXTRACT, SODIUM HYALURONATE, CHARCOAL POWDER, XANTHAN GUM, ACRYLATES\/C10-30 ALKYL ACRYLATE CROSSPOLYMER, PEG-60 HYDROGENATED CASTOR OIL, 1,2-HEXANEDIOL, BUTYLENE GLYCOL, ETHYLHEXYLGLYCERIN, DISODIUM EDTA, BENZOTRIAZOLYL DODECYL P-CRESOL, QUARTZ, ALCOHOL, TRIS(TETRAMETHYLHYDROXYPIPERIDINOL) CITRATE, FRAGRANCE, PHENOXYETHANOL, CI 42090.<\/p>\n","protected":false},"excerpt":{"rendered":"<p>Savikoorimismask 7DAYS DETOX SKIN pakub Koreast p\u00e4rit s\u00fcgavpuhastust ja NUTIKAT nahahooldust armastusega. Spetsiaalne 2in1 nutikas koostis toimib savimaski + n\u00e4okoorijana&#8230;.<\/p>\n","protected":false},"featured_media":50198,"comment_status":"open","ping_status":"closed","template":"","meta":{"_acf_changed":false,"inline_featured_image":false},"pwb-brand":[981],"product_brand":[],"product_cat":[866,1071],"product_tag":[],"class_list":{"0":"post-50028","1":"product","2":"type-product","3":"status-publish","4":"has-post-thumbnail","6":"pwb-brand-7days","7":"product_cat-maskid-nagu","8":"product_cat-korea","10":"first","11":"instock","12":"sale","13":"taxable","14":"shipping-taxable","15":"purchasable","16":"product-type-simple"},"acf":[],"brands":[{"id":981,"name":"7Days","slug":"7days"}],"_links":{"self":[{"href":"https:\/\/startlan.ee\/en\/wp-json\/wp\/v2\/product\/50028","targetHints":{"allow":["GET"]}}],"collection":[{"href":"https:\/\/startlan.ee\/en\/wp-json\/wp\/v2\/product"}],"about":[{"href":"https:\/\/startlan.ee\/en\/wp-json\/wp\/v2\/types\/product"}],"replies":[{"embeddable":true,"href":"https:\/\/startlan.ee\/en\/wp-json\/wp\/v2\/comments?post=50028"}],"wp:featuredmedia":[{"embeddable":true,"href":"https:\/\/startlan.ee\/en\/wp-json\/wp\/v2\/media\/50198"}],"wp:attachment":[{"href":"https:\/\/startlan.ee\/en\/wp-json\/wp\/v2\/media?parent=50028"}],"wp:term":[{"taxonomy":"pwb-brand","embeddable":true,"href":"https:\/\/startlan.ee\/en\/wp-json\/wp\/v2\/pwb-brand?post=50028"},{"taxonomy":"product_brand","embeddable":true,"href":"https:\/\/startlan.ee\/en\/wp-json\/wp\/v2\/product_brand?post=50028"},{"taxonomy":"product_cat","embeddable":true,"href":"https:\/\/startlan.ee\/en\/wp-json\/wp\/v2\/product_cat?post=50028"},{"taxonomy":"product_tag","embeddable":true,"href":"https:\/\/startlan.ee\/en\/wp-json\/wp\/v2\/product_tag?post=50028"}],"curies":[{"name":"wp","href":"https:\/\/api.w.org\/{rel}","templated":true}]}}