{"id":50027,"date":"2024-05-27T10:00:19","date_gmt":"2024-05-27T07:00:19","guid":{"rendered":"https:\/\/startlan.ee\/toode\/7days-my-beauty-week-paeva-ja-ookreem-vitamin-c-radiance-50ml\/"},"modified":"2026-05-13T18:00:23","modified_gmt":"2026-05-13T15:00:23","slug":"7days-my-beauty-week-paeva-ja-ookreem-vitamin-c-radiance-50ml","status":"publish","type":"product","link":"https:\/\/startlan.ee\/en\/toode\/7days-my-beauty-week-paeva-ja-ookreem-vitamin-c-radiance-50ml\/","title":{"rendered":"7DAYS MY BEAUTY WEEK p\u00e4eva- ja \u00f6\u00f6kreem VITAMIN C Radiance 50ml"},"content":{"rendered":"<p>N\u00e4okreem 7DAYS VITAMIN C annab nahale loomuliku terve s\u00e4ra, rikastab seda vitamiinidega ja niisutab intensiivselt. MY BEAUTY WEEK &#8211; SMART care on kombinatsioon nutikatest koostisosadest ja uuenduslikest koostistest, mis tagavad 100% efektiivsuse. Kreemi intensiivne koostis sisaldab 7 looduslikku \u00f5li: sheav\u00f5i, sidrun, bergamott, apelsin, laim, m\u00e4nd, eukal\u00fcpt eriti kuivadele n\u00e4o- ja kehapiirkondadele. See niisutav kreem niisutab koheselt nahka, muudab selle s\u00e4ravaks, eemaldab pingultunde, \u00fchtlustab nahatooni. AKTIIVSED KOOSTISOSAD: C-vitamiin annab antioks\u00fcdantse toime, regenereerib, helendab. E-vitamiin toidab, v\u00f5itleb vananemisilmingute vastu, annab t\u00f5stev\u00f5ime, silub nahka. Troopiliste puuviljade ekstraktid niisutavad, v\u00f5itlevad kuivuse vastu, muudavad naha v\u00e4rskeks ja siledaks. Pehme ja kreemjas tekstuur maitsva l\u00f5hnaga \u2013 \u00e4ra s\u00f6\u00f6 seda! T\u00c4IUSLIK SOBIVUS: s\u00e4ra andev n\u00e4oseerum-toonik VITAMIN C MY BEAUTY WEEK. Koreast armastusega.<\/p>\n<p>&nbsp;<\/p>\n<p><strong>KOOSTIS:\u00a0<\/strong>AQUA, BUTYLENE GLYCOL, CYCLOPENTASILOXANE, CYCLOHEXASILOXANE, GLYCERIN, CETEARYL ALCOHOL, CETYL ETHYLHEXANOATE, 1,2-HEXANEDIOL, GLYCERETH-26, ASCORBIC ACID, TOCOPHERYL ACETATE, ARGININE, PERSEA GRATISSIMA (AVOCADO) FRUIT EXTRACT, PUNICA GRANATUM FRUIT EXTRACT, COCOS NUCIFERA (COCONUT) FRUIT EXTRACT, ARGANIA SPINOSA KERNEL OIL, BERTHOLLETIA EXCELSA SEED OIL, CAMELLIA JAPONICA SEED OIL, HIPPOPHAE RHAMNOIDES FRUIT EXTRACT, MELALEUCA ALTERNIFOLIA (TEA TREE) LEAF OIL, PERSEA GRATISSIMA (AVOCADO) OIL, SIMMONDSIA CHINENSIS (JOJOBA) SEED OIL, CITRUS AURANTIUM DULCIS (ORANGE) FRUIT EXTRACT, CITRUS LIMON (LEMON) FRUIT EXTRACT, CITRUS PARADISI (GRAPEFRUIT) FRUIT EXTRACT, CITRUS UNSHIU FRUIT EXTRACT, CITRUS AURANTIFOLIA (LIME) FRUIT EXTRACT, CITRUS JUNOS FRUIT EXTRACT, DIMETHICONE, GLYCERYL STEARATE, POLYSORBATE 60, ACRYLATES\/C10-30 ALKYL ACRYLATE CROSSPOLYMER, SORBITAN SESQUIOLEATE, PALMITIC ACID, STEARIC ACID, HYDROXYETHYLCELLULOSE, DISODIUM EDTA, BENZOTRIAZOLYL DODECYL P-CRESOL, ALCOHOL, ARACHIDIC ACID, TRIS(TETRAMETHYLHYDROXYPIPERIDINOL) CITRATE, LAURIC ACID, MYRISTIC ACID, OLEIC ACID, FRAGRANCE, CI 15985, CI 19140.<\/p>\n","protected":false},"excerpt":{"rendered":"<p>N\u00e4okreem 7DAYS VITAMIN C annab nahale loomuliku terve s\u00e4ra, rikastab seda vitamiinidega ja niisutab intensiivselt. MY BEAUTY WEEK &#8211; SMART&#8230;<\/p>\n","protected":false},"featured_media":50200,"comment_status":"open","ping_status":"closed","template":"","meta":{"_acf_changed":false,"inline_featured_image":false},"pwb-brand":[981],"product_brand":[],"product_cat":[864,1071],"product_tag":[],"class_list":{"0":"post-50027","1":"product","2":"type-product","3":"status-publish","4":"has-post-thumbnail","6":"pwb-brand-7days","7":"product_cat-naokreemid","8":"product_cat-korea","10":"first","11":"instock","12":"sale","13":"taxable","14":"shipping-taxable","15":"purchasable","16":"product-type-simple"},"acf":[],"brands":[{"id":981,"name":"7Days","slug":"7days"}],"_links":{"self":[{"href":"https:\/\/startlan.ee\/en\/wp-json\/wp\/v2\/product\/50027","targetHints":{"allow":["GET"]}}],"collection":[{"href":"https:\/\/startlan.ee\/en\/wp-json\/wp\/v2\/product"}],"about":[{"href":"https:\/\/startlan.ee\/en\/wp-json\/wp\/v2\/types\/product"}],"replies":[{"embeddable":true,"href":"https:\/\/startlan.ee\/en\/wp-json\/wp\/v2\/comments?post=50027"}],"wp:featuredmedia":[{"embeddable":true,"href":"https:\/\/startlan.ee\/en\/wp-json\/wp\/v2\/media\/50200"}],"wp:attachment":[{"href":"https:\/\/startlan.ee\/en\/wp-json\/wp\/v2\/media?parent=50027"}],"wp:term":[{"taxonomy":"pwb-brand","embeddable":true,"href":"https:\/\/startlan.ee\/en\/wp-json\/wp\/v2\/pwb-brand?post=50027"},{"taxonomy":"product_brand","embeddable":true,"href":"https:\/\/startlan.ee\/en\/wp-json\/wp\/v2\/product_brand?post=50027"},{"taxonomy":"product_cat","embeddable":true,"href":"https:\/\/startlan.ee\/en\/wp-json\/wp\/v2\/product_cat?post=50027"},{"taxonomy":"product_tag","embeddable":true,"href":"https:\/\/startlan.ee\/en\/wp-json\/wp\/v2\/product_tag?post=50027"}],"curies":[{"name":"wp","href":"https:\/\/api.w.org\/{rel}","templated":true}]}}