{"id":50026,"date":"2024-05-27T10:00:19","date_gmt":"2024-05-27T07:00:19","guid":{"rendered":"https:\/\/startlan.ee\/toode\/7-day-my-beauty-week-sos-paeva-ja-ookreem-peach-velvet-50ml\/"},"modified":"2026-05-13T18:00:23","modified_gmt":"2026-05-13T15:00:23","slug":"7-day-my-beauty-week-sos-paeva-ja-ookreem-peach-velvet-50ml","status":"publish","type":"product","link":"https:\/\/startlan.ee\/en\/toode\/7-day-my-beauty-week-sos-paeva-ja-ookreem-peach-velvet-50ml\/","title":{"rendered":"7 DAY MY BEAUTY WEEK SOS p\u00e4eva- ja \u00f6\u00f6kreem PEACH VELVET 50ml"},"content":{"rendered":"<p>Niisutav ja toitev n\u00e4okreem 7DAYS PEACH VELVET on just see, mida Sinu nahk vajab nii p\u00e4rast koorimist kui ka muudel juhtudel. MY BEAUTY WEEK SMART care on kombinatsioon nutikatest koostisosadest ja uuenduslikest koostistest, mis tagavad 100% efektiivsuse. See kreem taastab, elustab ja muudab teie nahka koheselt. See on t\u00f5eline p\u00e4\u00e4ste probleemsele, kuivale, deh\u00fcdreeritud ja esimeste vananemism\u00e4rkidega nahale. AKTIIVSED KOOSTISAINED: Pantenool tagab naha intensiivse regenereerimise. \u00d5likompleks ja n\u00e4o kollageen pakuvad toitmist, pehmendamist ja ekspressliftingut. Troopilised puuviljad v\u00f5itlevad ebat\u00e4iuslikkusega, \u00fchtlustavad nahatooni. Pehme ja kreemjas tekstuur maitsva l\u00f5hnaga \u2013 \u00e4ra s\u00f6\u00f6 seda! T\u00c4IUSLIK SOBIVUS: kooriv n\u00e4oseerum AHA+BHA koorimine MY BEAUTY WEEK. Koreast armastusega.<\/p>\n<p>&nbsp;<\/p>\n<p><strong>KOOSTIS:\u00a0<\/strong>AQUA, BUTYLENE GLYCOL, CYCLOPENTASILOXANE, GLYCERIN, 1,2-HEXANEDIOL, ETHYLHEXYL STEARATE, GLYCERYL STEARATE, PANTHENOL, ARGININE, PERSEA GRATISSIMA (AVOCADO) OIL, PUNICA GRANATUM FRUIT EXTRACT, PERSEA GRATISSIMA (AVOCADO) FRUIT EXTRACT, TOCOPHERYL ACETATE, HYDROLYZED COLLAGEN, BERTHOLLETIA EXCELSA SEED OIL, SIMMONDSIA CHINENSIS (JOJOBA) SEED OIL, CETEARYL ALCOHOL, POLYSORBATE 60, DIMETHICONE, PALMITIC ACID, STEARIC ACID, ACRYLATES\/C10-30 ALKYL ACRYLATE CROSSPOLYMER, SORBITAN SESQUIOLEATE, DISODIUM EDTA, BENZOTRIAZOLYL DODECYL P-CRESOL, ARACHIDIC ACID, ALCOHOL, TRIS(TETRAMETHYLHYDROXYPIPERIDINOL) CITRATE, LAURIC ACID, MYRISTIC ACID, OLEIC ACID, FRAGRANCE, ETHYLHEXYLGLYCERIN, CI 15985, CI 19140.<\/p>\n","protected":false},"excerpt":{"rendered":"<p>Niisutav ja toitev n\u00e4okreem 7DAYS PEACH VELVET on just see, mida Sinu nahk vajab nii p\u00e4rast koorimist kui ka muudel&#8230;<\/p>\n","protected":false},"featured_media":50203,"comment_status":"open","ping_status":"closed","template":"","meta":{"_acf_changed":false,"inline_featured_image":false},"pwb-brand":[981],"product_brand":[],"product_cat":[864,1071],"product_tag":[],"class_list":{"0":"post-50026","1":"product","2":"type-product","3":"status-publish","4":"has-post-thumbnail","6":"pwb-brand-7days","7":"product_cat-naokreemid","8":"product_cat-korea","10":"first","11":"instock","12":"sale","13":"taxable","14":"shipping-taxable","15":"purchasable","16":"product-type-simple"},"acf":[],"brands":[{"id":981,"name":"7Days","slug":"7days"}],"_links":{"self":[{"href":"https:\/\/startlan.ee\/en\/wp-json\/wp\/v2\/product\/50026","targetHints":{"allow":["GET"]}}],"collection":[{"href":"https:\/\/startlan.ee\/en\/wp-json\/wp\/v2\/product"}],"about":[{"href":"https:\/\/startlan.ee\/en\/wp-json\/wp\/v2\/types\/product"}],"replies":[{"embeddable":true,"href":"https:\/\/startlan.ee\/en\/wp-json\/wp\/v2\/comments?post=50026"}],"wp:featuredmedia":[{"embeddable":true,"href":"https:\/\/startlan.ee\/en\/wp-json\/wp\/v2\/media\/50203"}],"wp:attachment":[{"href":"https:\/\/startlan.ee\/en\/wp-json\/wp\/v2\/media?parent=50026"}],"wp:term":[{"taxonomy":"pwb-brand","embeddable":true,"href":"https:\/\/startlan.ee\/en\/wp-json\/wp\/v2\/pwb-brand?post=50026"},{"taxonomy":"product_brand","embeddable":true,"href":"https:\/\/startlan.ee\/en\/wp-json\/wp\/v2\/product_brand?post=50026"},{"taxonomy":"product_cat","embeddable":true,"href":"https:\/\/startlan.ee\/en\/wp-json\/wp\/v2\/product_cat?post=50026"},{"taxonomy":"product_tag","embeddable":true,"href":"https:\/\/startlan.ee\/en\/wp-json\/wp\/v2\/product_tag?post=50026"}],"curies":[{"name":"wp","href":"https:\/\/api.w.org\/{rel}","templated":true}]}}