{"id":50025,"date":"2024-05-27T10:00:19","date_gmt":"2024-05-27T07:00:19","guid":{"rendered":"https:\/\/startlan.ee\/toode\/7days-my-beauty-week-unemask-avocado-squash-toitev-50ml\/"},"modified":"2026-05-13T18:00:23","modified_gmt":"2026-05-13T15:00:23","slug":"7days-my-beauty-week-unemask-avocado-squash-toitev-50ml","status":"publish","type":"product","link":"https:\/\/startlan.ee\/en\/toode\/7days-my-beauty-week-unemask-avocado-squash-toitev-50ml\/","title":{"rendered":"7DAYS MY BEAUTY WEEK unemask AVOCADO SQUASH Toitev 50ml"},"content":{"rendered":"<p>Toitev unemask 7DAYS AVOCADO SQUASH koheseks muutumiseks \u00fche \u00f6\u00f6 jooksul. See toitev mask k\u00f5ige olulisema supertoidu, avokaadoga, v\u00e4rskendab nahka, taastab seda ja annab talle armastusega Koreast p\u00e4rit kiireloomulise vananemisvastase efekti. MY BEAUTY WEEK SMART care on kombinatsioon nutikatest koostisosadest ja uuenduslikest koostistest, mis tagavad 100% efektiivsuse. \u00d6\u00f6mask ei varja v\u00e4simuse ja kortsude j\u00e4lgi, vaid v\u00f5itleb nendega. Spetsiaalne nutikas koostis: avokaado\u00f5li toidab ja niisutab teie n\u00e4gu. Sheav\u00f5i paneb naha s\u00e4rama ja taastab selle reljeefi. Laim stimuleerib naha enda kollageeni tootmist, aitab muuta heledamaks pigmendilaike ja tumedaid silmaaluseid. Pehme ja kreemjas tekstuur maitsva l\u00f5hnaga \u2013 \u00e4ra s\u00f6\u00f6 seda! Sobib igat t\u00fc\u00fcpi nahale, eriti vananemisilmingute korral. T\u00c4IUSLIK SOBIVUS: vananemisvastane \u00f5line n\u00e4oseerum GREEN POWER Vitamiin E MY BEAUTY WEEK.<\/p>\n<p>&nbsp;<\/p>\n<p><strong>KOOSTIS:\u00a0<\/strong>AQUA, GLYCERIN, CETEARYL ALCOHOL, CYCLOPENTASILOXANE, CYCLOHEXASILOXANE, 1,2-HEXANEDIOL, PERSEA GRATISSIMA (AVOCADO) OIL, BUTYROSPERMUM PARKII (SHEA) BUTTER, BUTYLENE GLYCOL, GLYCERETH-26, CITRUS AURANTIFOLIA (LIME) FRUIT EXTRACT, SPINACIA OLERACEA (SPINACH) LEAF EXTRACT, ARGININE, TOCOPHERYL ACETATE, DIMETHICONE, GLYCERYL STEARATE, POLYSORBATE 60, SORBITAN SESQUIOLEATE, PALMITIC ACID, STEARIC ACID, ACRYLATES\/C10-30 ALKYL ACRYLATE CROSSPOLYMER, HYDROXYETHYLCELLULOSE, DISODIUM EDTA, BENZOTRIAZOLYL DODECYL P-CRESOL, ARACHIDIC ACID, CI 19140, ALCOHOL, TRIS(TETRAMETHYLHYDROXYPIPERIDINOL) CITRATE, LAURIC ACID, MYRISTIC ACID, OLEIC ACID, FRAGRANCE, CI 42090.<\/p>\n","protected":false},"excerpt":{"rendered":"<p>Toitev unemask 7DAYS AVOCADO SQUASH koheseks muutumiseks \u00fche \u00f6\u00f6 jooksul. See toitev mask k\u00f5ige olulisema supertoidu, avokaadoga, v\u00e4rskendab nahka, taastab&#8230;<\/p>\n","protected":false},"featured_media":50208,"comment_status":"open","ping_status":"closed","template":"","meta":{"_acf_changed":false,"inline_featured_image":false},"pwb-brand":[981],"product_brand":[],"product_cat":[866,1071,936],"product_tag":[],"class_list":{"0":"post-50025","1":"product","2":"type-product","3":"status-publish","4":"has-post-thumbnail","6":"pwb-brand-7days","7":"product_cat-maskid-nagu","8":"product_cat-korea","9":"product_cat-soodustooted","11":"first","12":"instock","13":"sale","14":"taxable","15":"shipping-taxable","16":"purchasable","17":"product-type-simple"},"acf":[],"brands":[{"id":981,"name":"7Days","slug":"7days"}],"_links":{"self":[{"href":"https:\/\/startlan.ee\/en\/wp-json\/wp\/v2\/product\/50025","targetHints":{"allow":["GET"]}}],"collection":[{"href":"https:\/\/startlan.ee\/en\/wp-json\/wp\/v2\/product"}],"about":[{"href":"https:\/\/startlan.ee\/en\/wp-json\/wp\/v2\/types\/product"}],"replies":[{"embeddable":true,"href":"https:\/\/startlan.ee\/en\/wp-json\/wp\/v2\/comments?post=50025"}],"wp:featuredmedia":[{"embeddable":true,"href":"https:\/\/startlan.ee\/en\/wp-json\/wp\/v2\/media\/50208"}],"wp:attachment":[{"href":"https:\/\/startlan.ee\/en\/wp-json\/wp\/v2\/media?parent=50025"}],"wp:term":[{"taxonomy":"pwb-brand","embeddable":true,"href":"https:\/\/startlan.ee\/en\/wp-json\/wp\/v2\/pwb-brand?post=50025"},{"taxonomy":"product_brand","embeddable":true,"href":"https:\/\/startlan.ee\/en\/wp-json\/wp\/v2\/product_brand?post=50025"},{"taxonomy":"product_cat","embeddable":true,"href":"https:\/\/startlan.ee\/en\/wp-json\/wp\/v2\/product_cat?post=50025"},{"taxonomy":"product_tag","embeddable":true,"href":"https:\/\/startlan.ee\/en\/wp-json\/wp\/v2\/product_tag?post=50025"}],"curies":[{"name":"wp","href":"https:\/\/api.w.org\/{rel}","templated":true}]}}