{"id":50024,"date":"2024-05-27T10:00:18","date_gmt":"2024-05-27T07:00:18","guid":{"rendered":"https:\/\/startlan.ee\/toode\/7days-my-beauty-week-noopuhastusvaht-sea-foam-50ml\/"},"modified":"2026-05-13T18:00:23","modified_gmt":"2026-05-13T15:00:23","slug":"7days-my-beauty-week-noopuhastusvaht-sea-foam-50ml","status":"publish","type":"product","link":"https:\/\/startlan.ee\/en\/toode\/7days-my-beauty-week-noopuhastusvaht-sea-foam-50ml\/","title":{"rendered":"7DAYS MY BEAUTY WEEK n\u00e4opuhastusvaht SEA FOAM 50ml"},"content":{"rendered":"<p>N\u00e4opesuvaht 7DAYS SEA FOAM pakub \u00f5rna s\u00fcgavpuhastust. MY BEAUTY WEEK SMART care on kombinatsioon nutikatest koostisosadest ja uuenduslikest koostistest, mis tagavad 100% efektiivsuse. Toimib nagu h\u00fcdrofiilne \u00f5li, n\u00e4opesu v\u00f5i n\u00e4ovahuga puhastusvahend. Intensiivne koostis toimeainetega: pantenool, neemipuu, roheline tee, meliss, aaloe, bakla\u017eaan, koralliin, kurkum, eukal\u00fcpt. Pantenool aktiveerib naha taastamisprotsesse, eemaldab punetuse ja k\u00fcllastab naha niiskusega. Aloe barbadensis niisutab, suurendab naha taastavaid v\u00f5imeid ja omab vananemisvastaseid omadusi. Teepuu v\u00f5itleb tedret\u00e4hnide, \u00f5lise l\u00e4ike ja muude naha ebat\u00e4iuslikkustega. N\u00e4opesuvahul on kohev tekstuur ja maitsev l\u00f5hn \u2013 \u00e4rge s\u00f6\u00f6ge seda! T\u00c4IUSLIK SOBIVUS: \u00f5likontrolli n\u00e4oseerum B3+ZN MY BEAUTY WEEK. Koreast armastusega. TULEMUS: n\u00e4opuhastus, v\u00e4rske, sile ja sametine nahk.<\/p>\n<p>&nbsp;<\/p>\n<p><strong>KOOSTIS:\u00a0<\/strong>AQUA, GLYCERIN, PALMITIC ACID, STEARIC ACID, MYRISTIC ACID, LAURIC ACID, POTASSIUM HYDROXIDE, LAURAMIDE DEA, PANTHENOL, ALOE BARBADENSIS LEAF EXTRACT, CAMELLIA SINENSIS LEAF EXTRACT, GLYCERYL STEARATE, PEG-100 STEARATE, POLYSORBATE 20, 1,2-HEXANEDIOL, BUTYLENE GLYCOL, ARACHIDIC ACID, POLYQUATERNIUM-7, DISODIUM EDTA, BENZOTRIAZOLYL DODECYL P-CRESOL, OLEIC ACID, CAPRIC ACID, ALCOHOL, SODIUM BENZOATE, TRIS(TETRAMETHYLHYDROXYPIPERIDINOL) CITRATE, PHENOXYETHANOL, FRAGRANCE, CI 42090, CI 19140.<\/p>\n","protected":false},"excerpt":{"rendered":"<p>N\u00e4opesuvaht 7DAYS SEA FOAM pakub \u00f5rna s\u00fcgavpuhastust. MY BEAUTY WEEK SMART care on kombinatsioon nutikatest koostisosadest ja uuenduslikest koostistest, mis&#8230;<\/p>\n","protected":false},"featured_media":50205,"comment_status":"open","ping_status":"closed","template":"","meta":{"_acf_changed":false,"inline_featured_image":false},"pwb-brand":[981],"product_brand":[],"product_cat":[867,936,1071],"product_tag":[],"class_list":{"0":"post-50024","1":"product","2":"type-product","3":"status-publish","4":"has-post-thumbnail","6":"pwb-brand-7days","7":"product_cat-puhastus-meigieemaldus","8":"product_cat-soodustooted","9":"product_cat-korea","11":"first","12":"instock","13":"sale","14":"taxable","15":"shipping-taxable","16":"purchasable","17":"product-type-simple"},"acf":[],"brands":[{"id":981,"name":"7Days","slug":"7days"}],"_links":{"self":[{"href":"https:\/\/startlan.ee\/en\/wp-json\/wp\/v2\/product\/50024","targetHints":{"allow":["GET"]}}],"collection":[{"href":"https:\/\/startlan.ee\/en\/wp-json\/wp\/v2\/product"}],"about":[{"href":"https:\/\/startlan.ee\/en\/wp-json\/wp\/v2\/types\/product"}],"replies":[{"embeddable":true,"href":"https:\/\/startlan.ee\/en\/wp-json\/wp\/v2\/comments?post=50024"}],"wp:featuredmedia":[{"embeddable":true,"href":"https:\/\/startlan.ee\/en\/wp-json\/wp\/v2\/media\/50205"}],"wp:attachment":[{"href":"https:\/\/startlan.ee\/en\/wp-json\/wp\/v2\/media?parent=50024"}],"wp:term":[{"taxonomy":"pwb-brand","embeddable":true,"href":"https:\/\/startlan.ee\/en\/wp-json\/wp\/v2\/pwb-brand?post=50024"},{"taxonomy":"product_brand","embeddable":true,"href":"https:\/\/startlan.ee\/en\/wp-json\/wp\/v2\/product_brand?post=50024"},{"taxonomy":"product_cat","embeddable":true,"href":"https:\/\/startlan.ee\/en\/wp-json\/wp\/v2\/product_cat?post=50024"},{"taxonomy":"product_tag","embeddable":true,"href":"https:\/\/startlan.ee\/en\/wp-json\/wp\/v2\/product_tag?post=50024"}],"curies":[{"name":"wp","href":"https:\/\/api.w.org\/{rel}","templated":true}]}}