{"id":50023,"date":"2024-05-27T10:00:18","date_gmt":"2024-05-27T07:00:18","guid":{"rendered":"https:\/\/startlan.ee\/toode\/7-day-my-beauty-week-whipped-souffle-kollageeni-paeva-ja-ookreem-50ml\/"},"modified":"2026-05-13T18:00:23","modified_gmt":"2026-05-13T15:00:23","slug":"7-day-my-beauty-week-whipped-souffle-kollageeni-paeva-ja-ookreem-50ml","status":"publish","type":"product","link":"https:\/\/startlan.ee\/en\/toode\/7-day-my-beauty-week-whipped-souffle-kollageeni-paeva-ja-ookreem-50ml\/","title":{"rendered":"7 DAY MY BEAUTY WEEK WHIPPED SOUFFLE Kollageeni p\u00e4eva- ja \u00f6\u00f6kreem 50ml"},"content":{"rendered":"<p>Kollageeniga n\u00e4okreem day&amp;night cream 7DAYS WHIPPED SOUFFLE niisutab intensiivselt, aitab kaasa organismi enda kollageeni taastumisele ja s\u00fcnteesile. Vananemisvastane kreem annab nahale kollageeni kiirkuuri, t\u00e4idab selle energiaga ja muudab selle nagu taaselustamishoolitsus. MY BEAUTY WEEK SMART care on kombinatsioon nutikatest koostisosadest ja uuenduslikest koostistest, mis tagavad 100% efektiivsuse. AKTIIVSED KOOSTISAINED: kollageen t\u00f5stab n\u00e4okontuure, v\u00f5itleb kortsude vastu ja peatab uute teket. \u00d5likompleks pehmendab, toidab ja niisutab n\u00e4onahka. Lillekompleks aitab heledamaks muuta ja eemaldada pigmendilaike. M\u00f5nusa l\u00f5hnaga vahukreem \u2013 \u00e4ra s\u00f6\u00f6 seda! T\u00c4IUSLIK SOBIVUS: t\u00f5stev n\u00e4oseerum COLLAGEN DROPS MY BEAUTY WEEK. Koreast armastusega.<\/p>\n<p>&nbsp;<\/p>\n<p><strong>KOOSTIS:\u00a0<\/strong>AQUA, BUTYLENE GLYCOL, CYCLOPENTASILOXANE, GLYCERIN, 1,2-HEXANEDIOL, ETHYLHEXYL STEARATE, GLYCERYL STEARATE, HYDROLYZED COLLAGEN, PERSEA GRATISSIMA (AVOCADO) OIL, ARGININE, GARDENIA FLORIDA FRUIT EXTRACT, TOCOPHERYL ACETATE, BERTHOLLETIA EXCELSA SEED OIL, SIMMONDSIA CHINENSIS (JOJOBA) SEED OIL, ANTHEMIS NOBILIS FLOWER EXTRACT, BORAGO OFFICINALIS EXTRACT, CENTAUREA CYANUS FLOWER EXTRACT, LAVANDULA ANGUSTIFOLIA (LAVENDER) EXTRACT, CETEARYL ALCOHOL, POLYSORBATE 60, DIMETHICONE, PALMITIC ACID, STEARIC ACID, ACRYLATES\/C10-30 ALKYL ACRYLATE CROSSPOLYMER, SORBITAN SESQUIOLEATE, DEXTRIN, DISODIUM EDTA, BENZOTRIAZOLYL DODECYL P-CRESOL, ULTRAMARINES, ARACHIDIC ACID, ALCOHOL, TRIS(TETRAMETHYLHYDROXYPIPERIDINOL) CITRATE, LAURIC ACID, MYRISTIC ACID, OLEIC ACID, FRAGRANCE, ETHYLHEXYLGLYCERIN.<\/p>\n","protected":false},"excerpt":{"rendered":"<p>Kollageeniga n\u00e4okreem day&amp;night cream 7DAYS WHIPPED SOUFFLE niisutab intensiivselt, aitab kaasa organismi enda kollageeni taastumisele ja s\u00fcnteesile. Vananemisvastane kreem annab&#8230;<\/p>\n","protected":false},"featured_media":50185,"comment_status":"open","ping_status":"closed","template":"","meta":{"_acf_changed":false,"inline_featured_image":false},"pwb-brand":[981],"product_brand":[],"product_cat":[864,936,1071],"product_tag":[],"class_list":{"0":"post-50023","1":"product","2":"type-product","3":"status-publish","4":"has-post-thumbnail","6":"pwb-brand-7days","7":"product_cat-naokreemid","8":"product_cat-soodustooted","9":"product_cat-korea","11":"first","12":"instock","13":"sale","14":"taxable","15":"shipping-taxable","16":"purchasable","17":"product-type-simple"},"acf":[],"brands":[{"id":981,"name":"7Days","slug":"7days"}],"_links":{"self":[{"href":"https:\/\/startlan.ee\/en\/wp-json\/wp\/v2\/product\/50023","targetHints":{"allow":["GET"]}}],"collection":[{"href":"https:\/\/startlan.ee\/en\/wp-json\/wp\/v2\/product"}],"about":[{"href":"https:\/\/startlan.ee\/en\/wp-json\/wp\/v2\/types\/product"}],"replies":[{"embeddable":true,"href":"https:\/\/startlan.ee\/en\/wp-json\/wp\/v2\/comments?post=50023"}],"wp:featuredmedia":[{"embeddable":true,"href":"https:\/\/startlan.ee\/en\/wp-json\/wp\/v2\/media\/50185"}],"wp:attachment":[{"href":"https:\/\/startlan.ee\/en\/wp-json\/wp\/v2\/media?parent=50023"}],"wp:term":[{"taxonomy":"pwb-brand","embeddable":true,"href":"https:\/\/startlan.ee\/en\/wp-json\/wp\/v2\/pwb-brand?post=50023"},{"taxonomy":"product_brand","embeddable":true,"href":"https:\/\/startlan.ee\/en\/wp-json\/wp\/v2\/product_brand?post=50023"},{"taxonomy":"product_cat","embeddable":true,"href":"https:\/\/startlan.ee\/en\/wp-json\/wp\/v2\/product_cat?post=50023"},{"taxonomy":"product_tag","embeddable":true,"href":"https:\/\/startlan.ee\/en\/wp-json\/wp\/v2\/product_tag?post=50023"}],"curies":[{"name":"wp","href":"https:\/\/api.w.org\/{rel}","templated":true}]}}