{"id":50022,"date":"2024-05-27T10:00:18","date_gmt":"2024-05-27T07:00:18","guid":{"rendered":"https:\/\/startlan.ee\/toode\/7days-my-beauty-naomask-2in1-week-aqua-infusion-hualuroon-50ml\/"},"modified":"2026-05-13T18:00:23","modified_gmt":"2026-05-13T15:00:23","slug":"7days-my-beauty-naomask-2in1-week-aqua-infusion-hualuroon-50ml","status":"publish","type":"product","link":"https:\/\/startlan.ee\/en\/toode\/7days-my-beauty-naomask-2in1-week-aqua-infusion-hualuroon-50ml\/","title":{"rendered":"7DAYS MY BEAUTY WEEK n\u00e4omask 2in1 AQUA INFUSION h\u00fcaluroon 50ml"},"content":{"rendered":"<p>H\u00fcaluroonmask 2in1 7DAYS AQUA INFUSION pakub armastusega ekspressniisutavat ja NUTIKAT nahahooldust Koreast. H\u00fcaluroon on t\u00f5eline p\u00e4\u00e4ste kuivale ja deh\u00fcdreeritud nahale. MY BEAUTY WEEK SMART care on kombinatsioon nutikatest koostisosadest ja uuenduslikest koostistest, mis tagavad 100% efektiivsuse. 2in1 mask on su naha ustav s\u00f5ber, alati valmis tuge pakkuma. Selle nutikas koostis toimib nagu intensiivne niisutav mask ja nahale j\u00e4etav h\u00fcaluroongeel. AKTIIVSED AINED: h\u00fcaluroonhape taastab veetasakaalu, eemaldab kuivuse ja pinguloleku, aitab n\u00e4o liftingut ja silub kortse. Teepuu v\u00f5itleb ebat\u00e4iuslikkuse ja \u00f5lise l\u00e4ikega. Puuviljade ja marjade kompleks aitab nahka taastada ja pigmendilaikudega v\u00f5idelda. T\u00c4IUSLIK SOBIVUS: h\u00fcalurooniga n\u00e4oseerum HA+H2O MY BEAUTY WEEK .<\/p>\n<p>&nbsp;<\/p>\n<p><strong>KOOSTIS:\u00a0<\/strong>AQUA, GLYCERIN, BUTYLENE GLYCOL, DIPROPYLENE GLYCOL, 1,2-HEXANEDIOL, SODIUM HYALURONATE, CAMELLIA SINENSIS LEAF EXTRACT, ARGININE, CAPSICUM ANNUUM FRUIT EXTRACT, FRAGARIA ANANASSA (STRAWBERRY) FRUIT EXTRACT, PUNICA GRANATUM FRUIT EXTRACT, SOLANUM LYCOPERSICUM (TOMATO) FRUIT EXTRACT, CITRUS GRANDIS (GRAPEFRUIT) SEED EXTRACT, BETAINE, TOCOPHERYL ACETATE, CARBOMER, POLYSORBATE 20, CETYL ETHYLHEXANOATE, HYDROXYETHYLCELLULOSE, DISODIUM EDTA, BENZOTRIAZOLYL DODECYL P-CRESOL, CHARCOAL POWDER, ALCOHOL CETETH-25, TRIS(TETRAMETHYLHYDROXYPIPERIDINOL) CITRATE, OLETH-10, XANTHAN GUM, FRAGRANCE, CI 42090.<\/p>\n","protected":false},"excerpt":{"rendered":"<p>H\u00fcaluroonmask 2in1 7DAYS AQUA INFUSION pakub armastusega ekspressniisutavat ja NUTIKAT nahahooldust Koreast. H\u00fcaluroon on t\u00f5eline p\u00e4\u00e4ste kuivale ja deh\u00fcdreeritud nahale&#8230;.<\/p>\n","protected":false},"featured_media":50188,"comment_status":"open","ping_status":"closed","template":"","meta":{"_acf_changed":false,"inline_featured_image":false},"pwb-brand":[981],"product_brand":[],"product_cat":[866,1071,936],"product_tag":[],"class_list":{"0":"post-50022","1":"product","2":"type-product","3":"status-publish","4":"has-post-thumbnail","6":"pwb-brand-7days","7":"product_cat-maskid-nagu","8":"product_cat-korea","9":"product_cat-soodustooted","11":"first","12":"instock","13":"sale","14":"taxable","15":"shipping-taxable","16":"purchasable","17":"product-type-simple"},"acf":[],"brands":[{"id":981,"name":"7Days","slug":"7days"}],"_links":{"self":[{"href":"https:\/\/startlan.ee\/en\/wp-json\/wp\/v2\/product\/50022","targetHints":{"allow":["GET"]}}],"collection":[{"href":"https:\/\/startlan.ee\/en\/wp-json\/wp\/v2\/product"}],"about":[{"href":"https:\/\/startlan.ee\/en\/wp-json\/wp\/v2\/types\/product"}],"replies":[{"embeddable":true,"href":"https:\/\/startlan.ee\/en\/wp-json\/wp\/v2\/comments?post=50022"}],"wp:featuredmedia":[{"embeddable":true,"href":"https:\/\/startlan.ee\/en\/wp-json\/wp\/v2\/media\/50188"}],"wp:attachment":[{"href":"https:\/\/startlan.ee\/en\/wp-json\/wp\/v2\/media?parent=50022"}],"wp:term":[{"taxonomy":"pwb-brand","embeddable":true,"href":"https:\/\/startlan.ee\/en\/wp-json\/wp\/v2\/pwb-brand?post=50022"},{"taxonomy":"product_brand","embeddable":true,"href":"https:\/\/startlan.ee\/en\/wp-json\/wp\/v2\/product_brand?post=50022"},{"taxonomy":"product_cat","embeddable":true,"href":"https:\/\/startlan.ee\/en\/wp-json\/wp\/v2\/product_cat?post=50022"},{"taxonomy":"product_tag","embeddable":true,"href":"https:\/\/startlan.ee\/en\/wp-json\/wp\/v2\/product_tag?post=50022"}],"curies":[{"name":"wp","href":"https:\/\/api.w.org\/{rel}","templated":true}]}}