{"id":50021,"date":"2024-05-27T10:00:18","date_gmt":"2024-05-27T07:00:18","guid":{"rendered":"https:\/\/startlan.ee\/toode\/7days-my-beauty-week-kontsentraat-geel-silmaumbrusele-niisutav-18ml\/"},"modified":"2026-05-13T16:00:19","modified_gmt":"2026-05-13T13:00:19","slug":"7days-my-beauty-week-kontsentraat-geel-silmaumbrusele-niisutav-18ml","status":"publish","type":"product","link":"https:\/\/startlan.ee\/en\/toode\/7days-my-beauty-week-kontsentraat-geel-silmaumbrusele-niisutav-18ml\/","title":{"rendered":"7DAYS MY BEAUTY WEEK kontsentraat-geel HYALURON silma\u00fcmbrusele niisutav 18ml"},"content":{"rendered":"<p>Kortsudevastane silma\u00fcmbruse geel-kreem kontsentraat jahutava metallist aplikaatoriga 2in1 7DAYS HYALURONIC \u2013 on 3D massaa\u017e + Korea kosmeetika aktiivsete komponentidega: h\u00fcaluroonhape, C-vitamiin, vetikakompleks ja niatsiinamiid (vitamiin B3). Seda geel-kreemi soovitatakse silmade all olevate tumedate ringide, varesjalgade ja v\u00e4simusj\u00e4lgede vastu v\u00f5itlemiseks. H\u00fcaluroonhape, mis k\u00fcllastab nahka niiskusega, taastab h\u00fcdrolipiidide tasakaalu ja aitab siluda kortse. C-vitamiin ja tsitrusviljade ekstraktid muudavad naha v\u00e4rskeks ja s\u00e4ravaks, toniseerivad ja tugevdavad seda. \u201cRE-FRESH\u201d CRYO metallist aplikaator (silmamasseerija) eemaldab tursed, l\u00f5dvestab lihaseid, aitab parandada mikrotsirkulatsiooni ja s\u00fcvendada aktiivsete komponentide imendumist. Samuti suurendab see aktiivselt kollageeni ja elastiini tootmist. Geel-kreemi kontsentraati v\u00f5id kasutada eraldi v\u00f5i kombineerida seda hommikuti ja \u00f5htuti teiste MY BEAUTY WEEK toodetega. See toimib nagu SMART nahahooldus 24\/7. Pikaajaline tulemus vaid 10 minutiga p\u00e4evas.<\/p>\n<p>&nbsp;<\/p>\n<p><strong>KOOSTIS:\u00a0<\/strong>WATER, BUTYLENE GLYCOL, SODIUM HYALURONATE, ASCORBIC ACID, CITRUS AURANTIUM DULCIS (ORANGE) FRUIT EXTRACT, CITRUS LIMON (LEMON) FRUIT EXTRACT, CITRUS PARADISI (GRAPEFRUIT) FRUIT EXTRACT, CITRUS UNSHIU FRUIT EXTRACT, CITRUS JUNOS FRUIT EXTRACT, CITRUS AURANTIFOLIA (LIME) FRUIT EXTRACT, HYDROXYPROPYLTRIMONIUM HYALURONATE, HYDROLYZED HYALURONIC ACID, SODIUM ACETYLATED HYALURONATE, PORPHYRA YEZOENSIS EXTRACT, UNDARIA PINNATIFIDA EXTRACT, CHLORELLA VULGARIS EXTRACT, GLYCERIN, 1,2-HEXANEDIOL, VINEGAR, LAVANDULA ANGUSTIFOLIA (LAVENDER) FLOWER EXTRACT, MELISSA OFFICINALIS LEAF EXTRACT, CHAMOMILLA RECUTITA (MATRICARIA) FLOWER EXTRACT, ROSMARINUS OFFICINALIS (ROSEMARY) LEAF EXTRACT, NIACINAMIDE, BETAINE, SIMMONDSIA CHINENSIS (JOJOBA) SEED OIL, TOCOPHERYL ACETATE, XANTHAN GUM, PHENOXYETHANOL, CARBOMER, TRIETHANOLAMINE, PEG-60 HYDROGENATED CASTOR OIL, ETHYLHEXYLGLYCERIN, FRAGRANCE, DISODIUM EDTA, CITRIC ACID, SODIUM BENZOATE.<\/p>\n","protected":false},"excerpt":{"rendered":"<p>Kortsudevastane silma\u00fcmbruse geel-kreem kontsentraat jahutava metallist aplikaatoriga 2in1 7DAYS HYALURONIC \u2013 on 3D massaa\u017e + Korea kosmeetika aktiivsete komponentidega: h\u00fcaluroonhape,&#8230;<\/p>\n","protected":false},"featured_media":50190,"comment_status":"open","ping_status":"closed","template":"","meta":{"_acf_changed":false,"inline_featured_image":false},"pwb-brand":[981],"product_brand":[],"product_cat":[940,865,1071],"product_tag":[1042],"class_list":{"0":"post-50021","1":"product","2":"type-product","3":"status-publish","4":"has-post-thumbnail","6":"pwb-brand-7days","7":"product_cat-silmahooldus","8":"product_cat-seerumid-ja-kontsentraadid","9":"product_cat-korea","10":"product_tag-7days-nao-ja-silmakreemid","12":"first","13":"instock","14":"sale","15":"taxable","16":"shipping-taxable","17":"purchasable","18":"product-type-simple"},"acf":[],"brands":[{"id":981,"name":"7Days","slug":"7days"}],"_links":{"self":[{"href":"https:\/\/startlan.ee\/en\/wp-json\/wp\/v2\/product\/50021","targetHints":{"allow":["GET"]}}],"collection":[{"href":"https:\/\/startlan.ee\/en\/wp-json\/wp\/v2\/product"}],"about":[{"href":"https:\/\/startlan.ee\/en\/wp-json\/wp\/v2\/types\/product"}],"replies":[{"embeddable":true,"href":"https:\/\/startlan.ee\/en\/wp-json\/wp\/v2\/comments?post=50021"}],"wp:featuredmedia":[{"embeddable":true,"href":"https:\/\/startlan.ee\/en\/wp-json\/wp\/v2\/media\/50190"}],"wp:attachment":[{"href":"https:\/\/startlan.ee\/en\/wp-json\/wp\/v2\/media?parent=50021"}],"wp:term":[{"taxonomy":"pwb-brand","embeddable":true,"href":"https:\/\/startlan.ee\/en\/wp-json\/wp\/v2\/pwb-brand?post=50021"},{"taxonomy":"product_brand","embeddable":true,"href":"https:\/\/startlan.ee\/en\/wp-json\/wp\/v2\/product_brand?post=50021"},{"taxonomy":"product_cat","embeddable":true,"href":"https:\/\/startlan.ee\/en\/wp-json\/wp\/v2\/product_cat?post=50021"},{"taxonomy":"product_tag","embeddable":true,"href":"https:\/\/startlan.ee\/en\/wp-json\/wp\/v2\/product_tag?post=50021"}],"curies":[{"name":"wp","href":"https:\/\/api.w.org\/{rel}","templated":true}]}}