{"id":50020,"date":"2024-05-27T10:00:18","date_gmt":"2024-05-27T07:00:18","guid":{"rendered":"https:\/\/startlan.ee\/toode\/7days-my-beauty-week-kontsentraat-silmaumbrusele-pinguldav-ja-tostev-18ml\/"},"modified":"2026-05-13T16:00:19","modified_gmt":"2026-05-13T13:00:19","slug":"7days-my-beauty-week-kontsentraat-silmaumbrusele-pinguldav-ja-tostev-18ml","status":"publish","type":"product","link":"https:\/\/startlan.ee\/en\/toode\/7days-my-beauty-week-kontsentraat-silmaumbrusele-pinguldav-ja-tostev-18ml\/","title":{"rendered":"7DAYS MY BEAUTY WEEK kontsentraat COLLAGEN silma\u00fcmbrusele pinguldav ja t\u00f5stev 18ml"},"content":{"rendered":"<p>Pinguldav&amp;t\u00f5stev silmakreem-kontsentraat jahutava metallist aplikaatoriga 2in1 7DAYS COLLAGEN \u2013 on 3D massaa\u017e Korea kosmeetika aktiivsete komponentidega: kollageen, C-vitamiin, vetikakompleks, kofeiin ja peptiidid. Seda kreemi soovitatakse kasutada t\u00f5stmiseks, v\u00e4simusm\u00e4rkide, silmaaluste kottide ja varesjalgade vastu. Kollageen k\u00fcllastab nahka niiskusega ja tugevdab seda, silub kortse. Kofeiin toniseerib, aitab v\u00f5idelda v\u00e4simuse j\u00e4lgede ja tumedate ringidega silmade all. \u201cRE-FRESH\u201d CRYO metalne aplikaator (silmamasseerija) eemaldab tursed, l\u00f5dvestab lihaseid, aitab parandada mikrotsirkulatsiooni ja s\u00fcvendada aktiivsete komponentide imendumist. Samuti suurendab see aktiivselt kollageeni ja elastiini tootmist. Kreemi-kontsentraati v\u00f5id kasutada eraldi v\u00f5i kombineerida hommikuti ja \u00f5htuti teiste MY BEAUTY WEEK toodetega. See toimib nagu SMART nahahooldus 24\/7. Pikaajaline tulemus vaid 10 minutiga p\u00e4evas.<\/p>\n<p>&nbsp;<\/p>\n<p><strong>KOOSTIS:\u00a0<\/strong>WATER, CETYL ETHYLHEXANOATE, BUTYLENE GLYCOL, CETEARYL ALCOHOL, GLYCERIN, 1,2-HEXANEDIOL, GLYCERYL STEARATE, HYDROLYZED COLLAGEN, COFFEA ARABICA (COFFEE) SEED EXTRACT, ARGININE, COPPER TRIPEPTIDE-1, OLIGOPEPTIDE-32, OLIGOPEPTIDE-29, ACETYL HEXAPEPTIDE-8, OCIMUM BASILICUM (BASIL) LEAF EXTRACT, PETROSELINUM SATIVUM (PARSLEY) EXTRACT, PEUCEDANUM GRAVEOLENS (DILL) EXTRACT, ASCORBIC ACID, CITRUS AURANTIUM DULCIS (ORANGE) FRUIT EXTRACT, CITRUS LIMON (LEMON) FRUIT EXTRACT, CITRUS PARADISI (GRAPEFRUIT) FRUIT EXTRACT, CITRUS UNSHIU FRUIT EXTRACT, CITRUS JUNOS FRUIT EXTRACT, CITRUS AURANTIFOLIA (LIME) FRUIT EXTRACT, BETAINE, PORPHYRA YEZOENSIS EXTRACT, UNDARIA PINNATIFIDA EXTRACT, CHLORELLA VULGARIS EXTRACT, DIMETHICONE, SORBITAN SESQUIOLEATE, TOCOPHERYL ACETATE, HYDROXYETHYLCELLULOSE, BEESWAX, PEG-100 STEARATE, ETHYLHEXYLGLYCERIN, FRAGRANCE, ACRYLATES\/C10-30 ALKYL ACRYLATE CROSSPOLYMER, DISODIUM EDTA.<\/p>\n","protected":false},"excerpt":{"rendered":"<p>Pinguldav&amp;t\u00f5stev silmakreem-kontsentraat jahutava metallist aplikaatoriga 2in1 7DAYS COLLAGEN \u2013 on 3D massaa\u017e Korea kosmeetika aktiivsete komponentidega: kollageen, C-vitamiin, vetikakompleks, kofeiin&#8230;<\/p>\n","protected":false},"featured_media":50192,"comment_status":"open","ping_status":"closed","template":"","meta":{"_acf_changed":false,"inline_featured_image":false},"pwb-brand":[981],"product_brand":[],"product_cat":[940,865,1071],"product_tag":[1042],"class_list":{"0":"post-50020","1":"product","2":"type-product","3":"status-publish","4":"has-post-thumbnail","6":"pwb-brand-7days","7":"product_cat-silmahooldus","8":"product_cat-seerumid-ja-kontsentraadid","9":"product_cat-korea","10":"product_tag-7days-nao-ja-silmakreemid","12":"first","13":"instock","14":"sale","15":"taxable","16":"shipping-taxable","17":"purchasable","18":"product-type-simple"},"acf":[],"brands":[{"id":981,"name":"7Days","slug":"7days"}],"_links":{"self":[{"href":"https:\/\/startlan.ee\/en\/wp-json\/wp\/v2\/product\/50020","targetHints":{"allow":["GET"]}}],"collection":[{"href":"https:\/\/startlan.ee\/en\/wp-json\/wp\/v2\/product"}],"about":[{"href":"https:\/\/startlan.ee\/en\/wp-json\/wp\/v2\/types\/product"}],"replies":[{"embeddable":true,"href":"https:\/\/startlan.ee\/en\/wp-json\/wp\/v2\/comments?post=50020"}],"wp:featuredmedia":[{"embeddable":true,"href":"https:\/\/startlan.ee\/en\/wp-json\/wp\/v2\/media\/50192"}],"wp:attachment":[{"href":"https:\/\/startlan.ee\/en\/wp-json\/wp\/v2\/media?parent=50020"}],"wp:term":[{"taxonomy":"pwb-brand","embeddable":true,"href":"https:\/\/startlan.ee\/en\/wp-json\/wp\/v2\/pwb-brand?post=50020"},{"taxonomy":"product_brand","embeddable":true,"href":"https:\/\/startlan.ee\/en\/wp-json\/wp\/v2\/product_brand?post=50020"},{"taxonomy":"product_cat","embeddable":true,"href":"https:\/\/startlan.ee\/en\/wp-json\/wp\/v2\/product_cat?post=50020"},{"taxonomy":"product_tag","embeddable":true,"href":"https:\/\/startlan.ee\/en\/wp-json\/wp\/v2\/product_tag?post=50020"}],"curies":[{"name":"wp","href":"https:\/\/api.w.org\/{rel}","templated":true}]}}