{"id":50018,"date":"2024-05-27T10:00:17","date_gmt":"2024-05-27T07:00:17","guid":{"rendered":"https:\/\/startlan.ee\/toode\/7days-my-beauty-weekkontsentraat-hyaluronic-v-kujuline-vananemisvastane-40ml\/"},"modified":"2026-05-13T18:00:18","modified_gmt":"2026-05-13T15:00:18","slug":"7days-my-beauty-weekkontsentraat-hyaluronic-v-kujuline-vananemisvastane-40ml","status":"publish","type":"product","link":"https:\/\/startlan.ee\/en\/toode\/7days-my-beauty-weekkontsentraat-hyaluronic-v-kujuline-vananemisvastane-40ml\/","title":{"rendered":"7DAYS MY BEAUTY WEEK kontsentraat HYALURONIC V-kujuline vananemisvastane 40ml"},"content":{"rendered":"<p>V-kujuline n\u00e4o vananemisvastane geel-kreem kontsentraat rulliga 2in1 7DAYS HYALURONIC \u2013 on 3D massaa\u017e Korea kosmeetika aktiivsete komponentidega: h\u00fcaluroonhape, C-vitamiin, vetikakompleks ja niatsiinamiid (vitamiin B3). Seda geel-kreemi soovitatakse &#8220;FACE FIT&#8221; treeninguteks, t\u00f5stmiseks, kontuurmassaa\u017eiks, miimika- ja vananemiskortsude vastu v\u00f5itlemiseks ning nende tekke ennetamiseks. H\u00fcaluroonhape niisutab, v\u00e4rskendab ja silub nahka intensiivselt ning taastab h\u00fcdrolipiidide tasakaalu. Vetikate kompleks: klorella tugevdab teie nahka, porf\u00fc\u00fcra pehmendab ja kergendab seda, undaria aktiveerib antioks\u00fcdantide kaitse ja stimuleerib kollageeni s\u00fcnteesi. &#8220;FACE FIT&#8221; tehnoloogiaga rull treenib lihaseid, modelleerib n\u00e4okontuure, v\u00e4hendab turseid, aitab parandada jumet ja s\u00fcvendada aktiivsete komponentide l\u00e4bitungimist ning toetab kollageeni ja elastiini tootmist. Geel-kreemi kontsentraati v\u00f5id kasutada eraldi v\u00f5i kombineerida seda hommikuti ja \u00f5htuti teiste MY BEAUTY WEEK toodetega. See toimib nagu SMART nahahooldus 24\/7. Pikaajaline tulemus vaid 10 minutiga p\u00e4evas.<\/p>\n<p>&nbsp;<\/p>\n<p><strong>KOOSTIS:\u00a0<\/strong>WATER, BUTYLENE GLYCOL, SODIUM HYALURONATE, PORPHYRA YEZOENSIS EXTRACT, UNDARIA PINNATIFIDA EXTRACT, CHLORELLA VULGARIS EXTRACT, GLYCERIN, 1,2-HEXANEDIOL, NIACINAMIDE, BETAINE, ASCORBIC ACID, TOCOPHERYL ACETATE, HYDROXYPROPYLTRIMONIUM HYALURONATE, HYDROLYZED HYALURONIC ACID, SODIUM ACETYLATED HYALURONATE, VINEGAR, LAVANDULA ANGUSTIFOLIA (LAVENDER) FLOWER EXTRACT, MELISSA OFFICINALIS LEAF EXTRACT, CHAMOMILLA RECUTITA (MATRICARIA) FLOWER EXTRACT, ROSMARINUS OFFICINALIS (ROSEMARY) LEAF EXTRACT, CITRUS AURANTIUM DULCIS (ORANGE) FRUIT EXTRACT, CITRUS LIMON (LEMON) FRUIT EXTRACT, CITRUS PARADISI (GRAPEFRUIT) FRUIT EXTRACT, CITRUS UNSHIU FRUIT EXTRACT, CITRUS JUNOS FRUIT EXTRACT, CITRUS AURANTIFOLIA (LIME) FRUIT EXTRACT, SIMMONDSIA CHINENSIS (JOJOBA) SEED OIL, XANTHAN GUM, PHENOXYETHANOL, CARBOMER, TRIETHANOLAMINE, PEG-60 HYDROGENATED CASTOR OIL, FRAGRANCE, ETHYLHEXYLGLYCERIN, CITRIC ACID, SODIUM BENZOATE, DISODIUM EDTA.<\/p>\n","protected":false},"excerpt":{"rendered":"<p>V-kujuline n\u00e4o vananemisvastane geel-kreem kontsentraat rulliga 2in1 7DAYS HYALURONIC \u2013 on 3D massaa\u017e Korea kosmeetika aktiivsete komponentidega: h\u00fcaluroonhape, C-vitamiin, vetikakompleks&#8230;<\/p>\n","protected":false},"featured_media":55095,"comment_status":"open","ping_status":"closed","template":"","meta":{"_acf_changed":false,"inline_featured_image":false},"pwb-brand":[981],"product_brand":[],"product_cat":[864,1071,865,976],"product_tag":[1042],"class_list":{"0":"post-50018","1":"product","2":"type-product","3":"status-publish","4":"has-post-thumbnail","6":"pwb-brand-7days","7":"product_cat-naokreemid","8":"product_cat-korea","9":"product_cat-seerumid-ja-kontsentraadid","10":"product_cat-auhinnatud-tooted","11":"product_tag-7days-nao-ja-silmakreemid","13":"first","14":"instock","15":"sale","16":"taxable","17":"shipping-taxable","18":"purchasable","19":"product-type-simple"},"acf":[],"brands":[{"id":981,"name":"7Days","slug":"7days"}],"_links":{"self":[{"href":"https:\/\/startlan.ee\/en\/wp-json\/wp\/v2\/product\/50018","targetHints":{"allow":["GET"]}}],"collection":[{"href":"https:\/\/startlan.ee\/en\/wp-json\/wp\/v2\/product"}],"about":[{"href":"https:\/\/startlan.ee\/en\/wp-json\/wp\/v2\/types\/product"}],"replies":[{"embeddable":true,"href":"https:\/\/startlan.ee\/en\/wp-json\/wp\/v2\/comments?post=50018"}],"wp:featuredmedia":[{"embeddable":true,"href":"https:\/\/startlan.ee\/en\/wp-json\/wp\/v2\/media\/55095"}],"wp:attachment":[{"href":"https:\/\/startlan.ee\/en\/wp-json\/wp\/v2\/media?parent=50018"}],"wp:term":[{"taxonomy":"pwb-brand","embeddable":true,"href":"https:\/\/startlan.ee\/en\/wp-json\/wp\/v2\/pwb-brand?post=50018"},{"taxonomy":"product_brand","embeddable":true,"href":"https:\/\/startlan.ee\/en\/wp-json\/wp\/v2\/product_brand?post=50018"},{"taxonomy":"product_cat","embeddable":true,"href":"https:\/\/startlan.ee\/en\/wp-json\/wp\/v2\/product_cat?post=50018"},{"taxonomy":"product_tag","embeddable":true,"href":"https:\/\/startlan.ee\/en\/wp-json\/wp\/v2\/product_tag?post=50018"}],"curies":[{"name":"wp","href":"https:\/\/api.w.org\/{rel}","templated":true}]}}