{"id":50016,"date":"2024-05-27T10:00:17","date_gmt":"2024-05-27T07:00:17","guid":{"rendered":"https:\/\/startlan.ee\/toode\/7days-my-beauty-week-naoseerum-aha-5bha-2-kooriv-20ml\/"},"modified":"2026-05-13T18:00:18","modified_gmt":"2026-05-13T15:00:18","slug":"7days-my-beauty-week-naoseerum-aha-5bha-2-kooriv-20ml","status":"publish","type":"product","link":"https:\/\/startlan.ee\/en\/toode\/7days-my-beauty-week-naoseerum-aha-5bha-2-kooriv-20ml\/","title":{"rendered":"7DAYS MY BEAUTY WEEK n\u00e4oseerum AHA 5%+BHA 2% kooriv 20ml"},"content":{"rendered":"<p>N\u00e4okoorimisseerum 7DAYS AHA+BHA gl\u00fckool- ja salits\u00fc\u00fclhapetega s\u00fcgavpuhastuseks ja koorimiseks. MY BEAUTY WEEK SMART care on kombinatsioon nutikatest koostisosadest ja uuenduslikest koostistest, mis tagavad 100% efektiivsuse. Koorimisgeel k\u00e4ivitab taastumisprotsessi, koorib keratiniseeritud rakud, uuendab nahka ja muudab selle siledaks, annab \u00fchtlase tooni. Intensiivne valem aktiivsete hapete protsendiga: gl\u00fckoolhape eemaldab keratiniseeritud rakud, k\u00e4ivitab regeneratsiooni, v\u00f5itleb ebat\u00e4iuslikkusega ja muudab naha heledamaks. Salitsilhape on antibakteriaalsete omadustega, ahendab poore, \u00fchtlustab naha reljeefi ja toonust. Happekoorivat n\u00e4ogeeli saab kasutada aastaringselt ja see ei \u00e4rrita nahka. T\u00c4IUSLIK SOBIVUS: SOS p\u00e4eva- ja \u00f6\u00f6kreem PEACH VELVET MY BEAUTY WEEK. Koreast armastusega.<\/p>\n<p>&nbsp;<\/p>\n<p><strong>KOOSTIS:\u00a0<\/strong>AQUA, GLYCOLIC ACID, DIPROPYLENE GLYCOL, ALCOHOL DENAT., SODIUM HYDROXIDE, 1,2-HEXANEDIOL, SALICYLIC ACID, HYDROXYETHYLCELLULOSE, PEG-60 HYDROGENATED CASTOR OIL, CARAMEL, PARFUM, XANTHAN GUM, ETHYLHEXYLGLYCERIN, DISODIUM EDTA, BENZOTRIAZOLYL DODECYL P-CRESOL, ALCOHOL, TRIS (TETRAMETHYLHYDROXYPIPERIDINOL) CITRATE.<\/p>\n","protected":false},"excerpt":{"rendered":"<p>N\u00e4okoorimisseerum 7DAYS AHA+BHA gl\u00fckool- ja salits\u00fc\u00fclhapetega s\u00fcgavpuhastuseks ja koorimiseks. MY BEAUTY WEEK SMART care on kombinatsioon nutikatest koostisosadest ja uuenduslikest&#8230;<\/p>\n","protected":false},"featured_media":50175,"comment_status":"open","ping_status":"closed","template":"","meta":{"_acf_changed":false,"inline_featured_image":false},"pwb-brand":[981],"product_brand":[],"product_cat":[865,1071],"product_tag":[985],"class_list":{"0":"post-50016","1":"product","2":"type-product","3":"status-publish","4":"has-post-thumbnail","6":"pwb-brand-7days","7":"product_cat-seerumid-ja-kontsentraadid","8":"product_cat-korea","9":"product_tag-my-beauty-week-seerumid","11":"first","12":"instock","13":"sale","14":"taxable","15":"shipping-taxable","16":"purchasable","17":"product-type-simple"},"acf":[],"brands":[{"id":981,"name":"7Days","slug":"7days"}],"_links":{"self":[{"href":"https:\/\/startlan.ee\/en\/wp-json\/wp\/v2\/product\/50016","targetHints":{"allow":["GET"]}}],"collection":[{"href":"https:\/\/startlan.ee\/en\/wp-json\/wp\/v2\/product"}],"about":[{"href":"https:\/\/startlan.ee\/en\/wp-json\/wp\/v2\/types\/product"}],"replies":[{"embeddable":true,"href":"https:\/\/startlan.ee\/en\/wp-json\/wp\/v2\/comments?post=50016"}],"wp:featuredmedia":[{"embeddable":true,"href":"https:\/\/startlan.ee\/en\/wp-json\/wp\/v2\/media\/50175"}],"wp:attachment":[{"href":"https:\/\/startlan.ee\/en\/wp-json\/wp\/v2\/media?parent=50016"}],"wp:term":[{"taxonomy":"pwb-brand","embeddable":true,"href":"https:\/\/startlan.ee\/en\/wp-json\/wp\/v2\/pwb-brand?post=50016"},{"taxonomy":"product_brand","embeddable":true,"href":"https:\/\/startlan.ee\/en\/wp-json\/wp\/v2\/product_brand?post=50016"},{"taxonomy":"product_cat","embeddable":true,"href":"https:\/\/startlan.ee\/en\/wp-json\/wp\/v2\/product_cat?post=50016"},{"taxonomy":"product_tag","embeddable":true,"href":"https:\/\/startlan.ee\/en\/wp-json\/wp\/v2\/product_tag?post=50016"}],"curies":[{"name":"wp","href":"https:\/\/api.w.org\/{rel}","templated":true}]}}