{"id":50015,"date":"2024-05-27T10:00:17","date_gmt":"2024-05-27T07:00:17","guid":{"rendered":"https:\/\/startlan.ee\/toode\/7days-my-beauty-week-naoseerum-green-power-vitamin-e-2-toitev-oline-20ml\/"},"modified":"2026-05-13T18:00:18","modified_gmt":"2026-05-13T15:00:18","slug":"7days-my-beauty-week-naoseerum-green-power-vitamin-e-2-toitev-oline-20ml","status":"publish","type":"product","link":"https:\/\/startlan.ee\/en\/toode\/7days-my-beauty-week-naoseerum-green-power-vitamin-e-2-toitev-oline-20ml\/","title":{"rendered":"7DAYS MY BEAUTY WEEK n\u00e4oseerum GREEN POWER VITAMIN E 2% toitev \u00f5line 20ml"},"content":{"rendered":"<p>Peptiididega n\u00e4oseerum-aktivaator 7DAYS GREEN POWER pakub mittes\u00fcstitavaid vananemisvastaseid protseduure: s\u00fcgavniisutamine, intensiivne hooldamine, t\u00f5stmine, pingulduse, elastsuse suurendamine, kortsude v\u00e4hendamine. MY BEAUTY WEEK SMART care on kombinatsioon nutikatest koostisosadest ja uuenduslikest koostistest, mis tagavad 100% efektiivsuse. Seerum pakub koheseid tulemusi neile, kellel pole aega oodata! Intensiivne koostis toimeainetega: avokaado\u00f5li, astelpaju-, laimi- ja spinati ekstraktid. Peptiidid toimivad t\u00e4iteainena, t\u00e4idavad kortse, tungivad s\u00fcgavale naha sisse, aktiveerivad kollageeni s\u00fcnteesi, taastavad nahka, rahustavad seda ja v\u00f5itlevad pigmentatsiooniga. E-vitamiin toidab, aktiveerib rakkude uuenemist, aeglustab naha vananemist, toetab niiskustaset ja tugevust. Seerumi meeldiv \u00f5line tekstuur ei pane end tundma kleepuva kilega kaetud, selle aroom on \u00f5huline. T\u00c4IUSLIK SOBIVUS: toitev unemask AVOCADO SQUASH MY BEAUTY WEEK. Koreast armastusega.<\/p>\n<p>&nbsp;<\/p>\n<p><strong>KOOSTIS:\u00a0<\/strong>ETHYLHEXYL STEARATE, PERSEA GRATISSIMA OIL, TOCOPHERYL ACETATE, AQUA, PHENOXYETHANOL, 1,2-HEXANEDIOL, PARFUM, BENZOTRIAZOLYL DODECYL P-CRESOL, ETHYLHEXYLGLYCERIN, HIPPOPHAE RHAMNOIDES FRUIT OIL, CITRUS AURANTIFOLIA FRUIT EXTRACT, SPINACIA OLERACEA LEAF EXTRACT, ACETYL HEXAPEPTIDE-8.<\/p>\n","protected":false},"excerpt":{"rendered":"<p>Peptiididega n\u00e4oseerum-aktivaator 7DAYS GREEN POWER pakub mittes\u00fcstitavaid vananemisvastaseid protseduure: s\u00fcgavniisutamine, intensiivne hooldamine, t\u00f5stmine, pingulduse, elastsuse suurendamine, kortsude v\u00e4hendamine. MY BEAUTY&#8230;<\/p>\n","protected":false},"featured_media":50178,"comment_status":"open","ping_status":"closed","template":"","meta":{"_acf_changed":false,"inline_featured_image":false},"pwb-brand":[981],"product_brand":[],"product_cat":[865,1071],"product_tag":[985],"class_list":{"0":"post-50015","1":"product","2":"type-product","3":"status-publish","4":"has-post-thumbnail","6":"pwb-brand-7days","7":"product_cat-seerumid-ja-kontsentraadid","8":"product_cat-korea","9":"product_tag-my-beauty-week-seerumid","11":"first","12":"instock","13":"sale","14":"taxable","15":"shipping-taxable","16":"purchasable","17":"product-type-simple"},"acf":[],"brands":[{"id":981,"name":"7Days","slug":"7days"}],"_links":{"self":[{"href":"https:\/\/startlan.ee\/en\/wp-json\/wp\/v2\/product\/50015","targetHints":{"allow":["GET"]}}],"collection":[{"href":"https:\/\/startlan.ee\/en\/wp-json\/wp\/v2\/product"}],"about":[{"href":"https:\/\/startlan.ee\/en\/wp-json\/wp\/v2\/types\/product"}],"replies":[{"embeddable":true,"href":"https:\/\/startlan.ee\/en\/wp-json\/wp\/v2\/comments?post=50015"}],"wp:featuredmedia":[{"embeddable":true,"href":"https:\/\/startlan.ee\/en\/wp-json\/wp\/v2\/media\/50178"}],"wp:attachment":[{"href":"https:\/\/startlan.ee\/en\/wp-json\/wp\/v2\/media?parent=50015"}],"wp:term":[{"taxonomy":"pwb-brand","embeddable":true,"href":"https:\/\/startlan.ee\/en\/wp-json\/wp\/v2\/pwb-brand?post=50015"},{"taxonomy":"product_brand","embeddable":true,"href":"https:\/\/startlan.ee\/en\/wp-json\/wp\/v2\/product_brand?post=50015"},{"taxonomy":"product_cat","embeddable":true,"href":"https:\/\/startlan.ee\/en\/wp-json\/wp\/v2\/product_cat?post=50015"},{"taxonomy":"product_tag","embeddable":true,"href":"https:\/\/startlan.ee\/en\/wp-json\/wp\/v2\/product_tag?post=50015"}],"curies":[{"name":"wp","href":"https:\/\/api.w.org\/{rel}","templated":true}]}}