{"id":50014,"date":"2024-05-27T10:00:17","date_gmt":"2024-05-27T07:00:17","guid":{"rendered":"https:\/\/startlan.ee\/toode\/7days-my-beauty-week-naoseerum-b3-2zn-05-oil-control-20ml\/"},"modified":"2026-05-13T18:00:18","modified_gmt":"2026-05-13T15:00:18","slug":"7days-my-beauty-week-naoseerum-b3-2zn-05-oil-control-20ml","status":"publish","type":"product","link":"https:\/\/startlan.ee\/en\/toode\/7days-my-beauty-week-naoseerum-b3-2zn-05-oil-control-20ml\/","title":{"rendered":"7DAYS MY BEAUTY WEEK n\u00e4oseerum B3 2%+ZN 0,5% Oil control 20ml"},"content":{"rendered":"<p>N\u00e4oseerum-kontsentraat 7DAYS B3+ZN pakub kohest abi rasuse l\u00e4ike ja naha ebat\u00e4iuslikkuse vastu. MY BEAUTY WEEK SMART care on kombinatsioon nutikatest koostisosadest ja uuenduslikest koostistest 100% efektiivsuse saavutamiseks, t\u00e4nu millele muutub teie nahk puhtaks, matiks ja siledaks, \u00fchtlase tooni ja v\u00e4rskustundega. Intensiivne koostis toimeainetega: B3-vitamiin, tsink, aaloe ja teepuu ekstraktid. Niatsiinamiid niisutab, tugevdab, ahendab poore, reguleerib rasu tootmist ja matistab nahka. Tsink eemaldab punetuse, v\u00f5itleb puudustega ja takistab nende tekkimist. Seerumi tekstuuri kergus tagab, et sa ei tunne end kleepuva kilega kaetud, selle aroom on meeldiv ja \u00f5huline. T\u00c4IUSLIK SOBIVUS: vahupuhastusvahend SEA FOAM MY BEAUTY WEEK. Koreast armastusega.<\/p>\n<p>&nbsp;<\/p>\n<p><strong>KOOSTIS:\u00a0<\/strong>AQUA, BUTYLENE GLYCOL, DIPROPYLENE GLYCOL, METHYLPROPANEDIOL, 1,2-HEXANEDIOL, NIACINAMIDE, ZINC OXIDE (NANO), PEG-60 HYDROGENATED CASTOR OIL, PARFUM, BETAINE, HYDROXYETHYLCELLULOSE, ETHYLHEXYLGLYCERIN, DISODIUM EDTA, BENZOTRIAZOLYL DODECYL P-CRESOL, CITRIC ACID, ALOE BARBADENSIS LEAF EXTRACT, CAMELLIA SINENSIS LEAF EXTRACT, ALCOHOL, ALPHA-ISOMETHYL IONONE, LINALOOL, TRIS (TETRAMETHYLHYDROXYPIPERIDINOL) CITRATE, CITRONELLOL, CI 42090, CI 19140.<\/p>\n","protected":false},"excerpt":{"rendered":"<p>N\u00e4oseerum-kontsentraat 7DAYS B3+ZN pakub kohest abi rasuse l\u00e4ike ja naha ebat\u00e4iuslikkuse vastu. MY BEAUTY WEEK SMART care on kombinatsioon nutikatest&#8230;<\/p>\n","protected":false},"featured_media":50181,"comment_status":"open","ping_status":"closed","template":"","meta":{"_acf_changed":false,"inline_featured_image":false},"pwb-brand":[981],"product_brand":[],"product_cat":[865,1071],"product_tag":[985],"class_list":{"0":"post-50014","1":"product","2":"type-product","3":"status-publish","4":"has-post-thumbnail","6":"pwb-brand-7days","7":"product_cat-seerumid-ja-kontsentraadid","8":"product_cat-korea","9":"product_tag-my-beauty-week-seerumid","11":"first","12":"instock","13":"sale","14":"taxable","15":"shipping-taxable","16":"purchasable","17":"product-type-simple"},"acf":[],"brands":[{"id":981,"name":"7Days","slug":"7days"}],"_links":{"self":[{"href":"https:\/\/startlan.ee\/en\/wp-json\/wp\/v2\/product\/50014","targetHints":{"allow":["GET"]}}],"collection":[{"href":"https:\/\/startlan.ee\/en\/wp-json\/wp\/v2\/product"}],"about":[{"href":"https:\/\/startlan.ee\/en\/wp-json\/wp\/v2\/types\/product"}],"replies":[{"embeddable":true,"href":"https:\/\/startlan.ee\/en\/wp-json\/wp\/v2\/comments?post=50014"}],"wp:featuredmedia":[{"embeddable":true,"href":"https:\/\/startlan.ee\/en\/wp-json\/wp\/v2\/media\/50181"}],"wp:attachment":[{"href":"https:\/\/startlan.ee\/en\/wp-json\/wp\/v2\/media?parent=50014"}],"wp:term":[{"taxonomy":"pwb-brand","embeddable":true,"href":"https:\/\/startlan.ee\/en\/wp-json\/wp\/v2\/pwb-brand?post=50014"},{"taxonomy":"product_brand","embeddable":true,"href":"https:\/\/startlan.ee\/en\/wp-json\/wp\/v2\/product_brand?post=50014"},{"taxonomy":"product_cat","embeddable":true,"href":"https:\/\/startlan.ee\/en\/wp-json\/wp\/v2\/product_cat?post=50014"},{"taxonomy":"product_tag","embeddable":true,"href":"https:\/\/startlan.ee\/en\/wp-json\/wp\/v2\/product_tag?post=50014"}],"curies":[{"name":"wp","href":"https:\/\/api.w.org\/{rel}","templated":true}]}}