{"id":50013,"date":"2024-05-27T10:00:16","date_gmt":"2024-05-27T07:00:16","guid":{"rendered":"https:\/\/startlan.ee\/toode\/7days-my-beauty-week-naoseerum-collagen-drops-1-lifting-20ml\/"},"modified":"2026-05-13T18:00:18","modified_gmt":"2026-05-13T15:00:18","slug":"7days-my-beauty-week-naoseerum-collagen-drops-1-lifting-20ml","status":"publish","type":"product","link":"https:\/\/startlan.ee\/en\/toode\/7days-my-beauty-week-naoseerum-collagen-drops-1-lifting-20ml\/","title":{"rendered":"7DAYS MY BEAUTY WEEK n\u00e4oseerum COLLAGEN DROPS 1% Lifting 20ml"},"content":{"rendered":"<p>Mittes\u00fcstitav vananemisvastane n\u00e4oseerum COLLAGEN DROPS on v\u00f5imsa t\u00f5stva toimega, silub kortse, taastab nahka ja muudab selle pinguldatumaks. MY BEAUTY WEEK SMART care on kombinatsioon nutikatest koostisosadest ja uuenduslikest koostistest, mis tagavad 100% efektiivsuse. Seerum aitab v\u00e4hendada n\u00e4htavaid vanusem\u00e4rke, intensiivistab naha enda kollageeni tootmist, toimib t\u00e4iteainena, \u00fchtlustab ja t\u00e4idab kortse. Intensiivne valem toimeainetega: kollageen tagab naha tugevuse, elastsuse, k\u00fcllastuse ja toonuse. \u00d5likompleks (mandli\u00f5li, jojoba) pehmendab, toidab, regenereerib, niisutab ja omab v\u00f5imsat antioks\u00fcdantset toimet. Seerumi tekstuuri kergus tagab, et te ei tunne end kleepuva kilega kaetud, selle aroom on meeldiv ja \u00f5huline. T\u00c4IUSLIK SOBIVUS: kollageeni p\u00e4eva- ja \u00f6\u00f6kreem COLLAGEN DROPS MY BEAUTY WEEK. Koreast armastusega.<\/p>\n<p>&nbsp;<\/p>\n<p><strong>KOOSTIS:\u00a0<\/strong>AQUA, BUTYLENE GLYCOL, GLYCERIN, GLYCERETH-26, 1,2-HEXANEDIOL, CETYL ETHYLHEXANOATE, PEG-60 HYDROGENATED CASTOR OIL, ARGININE, ACRYLATES\/C10-30 ALKYL ACRYLATE CROSSPOLYMER, BETAINE, PARFUM, HYDROXYETHYLCELLULOSE, ETHYLHEXYLGLYCERIN, DISODIUM EDTA, BENZOTRIAZOLYL DODECYL P-CRESOL, HYDROLYZED COLLAGEN, ALCOHOL, ALPHA-ISOMETHYL IONONE, LIMONENE, BENZYL SALICYLATE, TRIS (TETRAMETHYLHYDROXYPIPERIDINOL) CITRATE, LINALOOL, COUMARIN, CI 16185, CI 42090.<\/p>\n","protected":false},"excerpt":{"rendered":"<p>Mittes\u00fcstitav vananemisvastane n\u00e4oseerum COLLAGEN DROPS on v\u00f5imsa t\u00f5stva toimega, silub kortse, taastab nahka ja muudab selle pinguldatumaks. MY BEAUTY WEEK&#8230;<\/p>\n","protected":false},"featured_media":50156,"comment_status":"open","ping_status":"closed","template":"","meta":{"_acf_changed":false,"inline_featured_image":false},"pwb-brand":[981],"product_brand":[],"product_cat":[865,1071],"product_tag":[985],"class_list":{"0":"post-50013","1":"product","2":"type-product","3":"status-publish","4":"has-post-thumbnail","6":"pwb-brand-7days","7":"product_cat-seerumid-ja-kontsentraadid","8":"product_cat-korea","9":"product_tag-my-beauty-week-seerumid","11":"first","12":"instock","13":"sale","14":"taxable","15":"shipping-taxable","16":"purchasable","17":"product-type-simple"},"acf":[],"brands":[{"id":981,"name":"7Days","slug":"7days"}],"_links":{"self":[{"href":"https:\/\/startlan.ee\/en\/wp-json\/wp\/v2\/product\/50013","targetHints":{"allow":["GET"]}}],"collection":[{"href":"https:\/\/startlan.ee\/en\/wp-json\/wp\/v2\/product"}],"about":[{"href":"https:\/\/startlan.ee\/en\/wp-json\/wp\/v2\/types\/product"}],"replies":[{"embeddable":true,"href":"https:\/\/startlan.ee\/en\/wp-json\/wp\/v2\/comments?post=50013"}],"wp:featuredmedia":[{"embeddable":true,"href":"https:\/\/startlan.ee\/en\/wp-json\/wp\/v2\/media\/50156"}],"wp:attachment":[{"href":"https:\/\/startlan.ee\/en\/wp-json\/wp\/v2\/media?parent=50013"}],"wp:term":[{"taxonomy":"pwb-brand","embeddable":true,"href":"https:\/\/startlan.ee\/en\/wp-json\/wp\/v2\/pwb-brand?post=50013"},{"taxonomy":"product_brand","embeddable":true,"href":"https:\/\/startlan.ee\/en\/wp-json\/wp\/v2\/product_brand?post=50013"},{"taxonomy":"product_cat","embeddable":true,"href":"https:\/\/startlan.ee\/en\/wp-json\/wp\/v2\/product_cat?post=50013"},{"taxonomy":"product_tag","embeddable":true,"href":"https:\/\/startlan.ee\/en\/wp-json\/wp\/v2\/product_tag?post=50013"}],"curies":[{"name":"wp","href":"https:\/\/api.w.org\/{rel}","templated":true}]}}