{"id":50012,"date":"2024-05-27T10:00:16","date_gmt":"2024-05-27T07:00:16","guid":{"rendered":"https:\/\/startlan.ee\/toode\/7days-my-beauty-week-naoseerum-ha-1h2o-hyaluronic-20ml\/"},"modified":"2026-05-13T18:00:17","modified_gmt":"2026-05-13T15:00:17","slug":"7days-my-beauty-week-naoseerum-ha-1h2o-hyaluronic-20ml","status":"publish","type":"product","link":"https:\/\/startlan.ee\/en\/toode\/7days-my-beauty-week-naoseerum-ha-1h2o-hyaluronic-20ml\/","title":{"rendered":"7DAYS MY BEAUTY WEEK n\u00e4oseerum HA 1%+H2O Hyaluronic 20ml"},"content":{"rendered":"<p>N\u00e4oseerum-kontsentraat 7DAYS HA+H2O \u2013 biorevitaliseerimine: s\u00fcgavniisutamine ja naha pikaajaline nooruslikkus. H\u00fcaluroonkontsentraat t\u00e4idab orgaanilisel viisil niiskuse puuduj\u00e4\u00e4ki ja taastab naha h\u00fcdrotasakaalu. Toimib t\u00e4iteainena: silub ja t\u00e4idab teie kortse. MY BEAUTY WEEK SMART care on kombinatsioon nutikatest ja uuenduslikest koostistest, mis tagavad 100% efektiivsuse: h\u00fcaluroonhape, mangustanipuu, murakas, p\u00f5ldmari. H\u00fcaluroonhape t\u00f5mbab niiskust nahka ja lukustab selle endasse, eemaldab kuivuse ja pinguldustunde, tugevdab nahka ja aitab n\u00e4o liftingut teha. Puuvilja- ja marjaekstraktid stimuleerivad kollageeni s\u00fcnteesi, taastavad rakkudevahelist nahamaatriksit, aitavad v\u00e4hendada kortse. Seerumi kerge tekstuur tagab, et te ei tunne end kleepuva kilega kaetud, sellel on meeldiv tsitruseline aroom. T\u00c4IUSLIK SOBIVUS: h\u00fcaluroonmask 2in1 AQUA INFUSSION MY BEAUTY WEEK. Koreast armastusega.<\/p>\n<p>&nbsp;<\/p>\n<p><strong>KOOSTIS:\u00a0<\/strong>AQUA, BUTYLENE GLYCOL, GLYCERIN, DIPROPYLENE GLYCOL, METHYLPROPANEDIOL, 1,2-HEXANEDIOL, PEG-60 HYDROGENATED CASTOR OIL, ARGININE, GARCINIA MANGOSTANA FRUIT EXTRACT, RUBUS FRUTICOSUS FRUIT EXTRACT, VACCINIUM ANGUSTIFOLIUM FRUIT EXTRACT, CARBOMER, PARFUM, BETAINE, HYDROXYETHYLCELLULOSE, ETHYLHEXYLGLYCERIN, DISODIUM EDTA, BENZOTRIAZOLYL DODECYL P-CRESOL, SODIUM HYALURONATE, ALCOHOL, ALPHA-ISOMETHYL IONONE, LINALOOL, TRIS (TETRAMETHYLHYDROXYPIPERIDINOL) CITRATE, CITRONELLOL, CI 42090.<\/p>\n","protected":false},"excerpt":{"rendered":"<p>N\u00e4oseerum-kontsentraat 7DAYS HA+H2O \u2013 biorevitaliseerimine: s\u00fcgavniisutamine ja naha pikaajaline nooruslikkus. H\u00fcaluroonkontsentraat t\u00e4idab orgaanilisel viisil niiskuse puuduj\u00e4\u00e4ki ja taastab naha h\u00fcdrotasakaalu&#8230;.<\/p>\n","protected":false},"featured_media":50159,"comment_status":"open","ping_status":"closed","template":"","meta":{"_acf_changed":false,"inline_featured_image":false},"pwb-brand":[981],"product_brand":[],"product_cat":[865,1071],"product_tag":[985],"class_list":{"0":"post-50012","1":"product","2":"type-product","3":"status-publish","4":"has-post-thumbnail","6":"pwb-brand-7days","7":"product_cat-seerumid-ja-kontsentraadid","8":"product_cat-korea","9":"product_tag-my-beauty-week-seerumid","11":"first","12":"instock","13":"sale","14":"taxable","15":"shipping-taxable","16":"purchasable","17":"product-type-simple"},"acf":[],"brands":[{"id":981,"name":"7Days","slug":"7days"}],"_links":{"self":[{"href":"https:\/\/startlan.ee\/en\/wp-json\/wp\/v2\/product\/50012","targetHints":{"allow":["GET"]}}],"collection":[{"href":"https:\/\/startlan.ee\/en\/wp-json\/wp\/v2\/product"}],"about":[{"href":"https:\/\/startlan.ee\/en\/wp-json\/wp\/v2\/types\/product"}],"replies":[{"embeddable":true,"href":"https:\/\/startlan.ee\/en\/wp-json\/wp\/v2\/comments?post=50012"}],"wp:featuredmedia":[{"embeddable":true,"href":"https:\/\/startlan.ee\/en\/wp-json\/wp\/v2\/media\/50159"}],"wp:attachment":[{"href":"https:\/\/startlan.ee\/en\/wp-json\/wp\/v2\/media?parent=50012"}],"wp:term":[{"taxonomy":"pwb-brand","embeddable":true,"href":"https:\/\/startlan.ee\/en\/wp-json\/wp\/v2\/pwb-brand?post=50012"},{"taxonomy":"product_brand","embeddable":true,"href":"https:\/\/startlan.ee\/en\/wp-json\/wp\/v2\/product_brand?post=50012"},{"taxonomy":"product_cat","embeddable":true,"href":"https:\/\/startlan.ee\/en\/wp-json\/wp\/v2\/product_cat?post=50012"},{"taxonomy":"product_tag","embeddable":true,"href":"https:\/\/startlan.ee\/en\/wp-json\/wp\/v2\/product_tag?post=50012"}],"curies":[{"name":"wp","href":"https:\/\/api.w.org\/{rel}","templated":true}]}}