{"id":50011,"date":"2024-05-27T10:00:16","date_gmt":"2024-05-27T07:00:16","guid":{"rendered":"https:\/\/startlan.ee\/toode\/7days-my-beauty-week-naoseerum-toonik-vitamin-c-elixir-15-radiance-20ml\/"},"modified":"2026-05-13T18:00:17","modified_gmt":"2026-05-13T15:00:17","slug":"7days-my-beauty-week-naoseerum-toonik-vitamin-c-elixir-15-radiance-20ml","status":"publish","type":"product","link":"https:\/\/startlan.ee\/en\/toode\/7days-my-beauty-week-naoseerum-toonik-vitamin-c-elixir-15-radiance-20ml\/","title":{"rendered":"7DAYS MY BEAUTY WEEK n\u00e4oseerum + toonik VITAMIN C ELIXIR 1,5% Radiance 20ml"},"content":{"rendered":"<p>N\u00e4oseerum+toonik 7DAYS VITAMIN C on vitamiinikontsentraat koheseks transformatsiooniks, kasulike ainetega k\u00fcllastamiseks ja naha s\u00e4raks. Seerum niisutab intensiivselt ja \u00fchtlustab nahatooni. MY BEAUTY WEEK SMART care on kombinatsioon nutikatest koostisosadest ja uuenduslikest koostistest, mis tagavad 100% efektiivsuse. Seerum on rikas vitamiinide ja \u00f5lide poolest, sisaldab palju &#8220;s\u00f6\u00f6davaid&#8221; koostisosi: C-vitamiini, apelsini, sidrunit, laimi, greipi, mandariini, yuzu\u00b4t. C-vitamiinil on antioks\u00fcdantsed omadused, see taastab, kergendab ja annab nahale s\u00e4ra. Tsitrusviljade kompleks niisutab, eemaldab kuivuse ning muudab naha v\u00e4rskeks ja siledaks. Seerumi kerge tekstuur tagab, et te ei tunne end kleepuva kilega kaetud, sellel on meeldiv tsitruseline aroom. T\u00e4iuslik sobivus: niisutav n\u00e4okreem VITAMIIN C MY BEAUTY WEEK. Koreast armastusega.<\/p>\n<p>&nbsp;<\/p>\n<p><strong>KOOSTIS:\u00a0<\/strong>AQUA, BUTYLENE GLYCOL, DIPROPYLENE GLYCOL, GLYCERIN, METHYLPROPANEDIOL, 1,2-HEXANEDIOL, PEG-60 HYDROGENATED CASTOR OIL, CITRUS AURANTIUM DULCIS FRUIT EXTRACT, CITRUS LIMON FRUIT EXTRACT, CITRUS PARADISI FRUIT EXTRACT, CITRUS UNSHIU FRUIT EXTRACT, CITRUS AURANTIFOLIA FRUIT EXTRACT, CITRUS JUNOS FRUIT EXTRACT, ARGININE, CARBOMER, BETAINE, ETHYLHEXYLGLYCERIN, XANTHAN GUM, DISODIUM EDTA, PARFUM, BENZOTRIAZOLYL DODECYL P-CRESOL, ASCORBIC ACID, ALCOHOL, TRIS(TETRAMETHYLHYDROXYPIPERIDINOL) CITRATE, CI 19140, CI 15985.<\/p>\n","protected":false},"excerpt":{"rendered":"<p>N\u00e4oseerum+toonik 7DAYS VITAMIN C on vitamiinikontsentraat koheseks transformatsiooniks, kasulike ainetega k\u00fcllastamiseks ja naha s\u00e4raks. Seerum niisutab intensiivselt ja \u00fchtlustab nahatooni&#8230;.<\/p>\n","protected":false},"featured_media":50164,"comment_status":"open","ping_status":"closed","template":"","meta":{"_acf_changed":false,"inline_featured_image":false},"pwb-brand":[981],"product_brand":[],"product_cat":[865,1071],"product_tag":[985],"class_list":{"0":"post-50011","1":"product","2":"type-product","3":"status-publish","4":"has-post-thumbnail","6":"pwb-brand-7days","7":"product_cat-seerumid-ja-kontsentraadid","8":"product_cat-korea","9":"product_tag-my-beauty-week-seerumid","11":"first","12":"instock","13":"sale","14":"taxable","15":"shipping-taxable","16":"purchasable","17":"product-type-simple"},"acf":[],"brands":[{"id":981,"name":"7Days","slug":"7days"}],"_links":{"self":[{"href":"https:\/\/startlan.ee\/en\/wp-json\/wp\/v2\/product\/50011","targetHints":{"allow":["GET"]}}],"collection":[{"href":"https:\/\/startlan.ee\/en\/wp-json\/wp\/v2\/product"}],"about":[{"href":"https:\/\/startlan.ee\/en\/wp-json\/wp\/v2\/types\/product"}],"replies":[{"embeddable":true,"href":"https:\/\/startlan.ee\/en\/wp-json\/wp\/v2\/comments?post=50011"}],"wp:featuredmedia":[{"embeddable":true,"href":"https:\/\/startlan.ee\/en\/wp-json\/wp\/v2\/media\/50164"}],"wp:attachment":[{"href":"https:\/\/startlan.ee\/en\/wp-json\/wp\/v2\/media?parent=50011"}],"wp:term":[{"taxonomy":"pwb-brand","embeddable":true,"href":"https:\/\/startlan.ee\/en\/wp-json\/wp\/v2\/pwb-brand?post=50011"},{"taxonomy":"product_brand","embeddable":true,"href":"https:\/\/startlan.ee\/en\/wp-json\/wp\/v2\/product_brand?post=50011"},{"taxonomy":"product_cat","embeddable":true,"href":"https:\/\/startlan.ee\/en\/wp-json\/wp\/v2\/product_cat?post=50011"},{"taxonomy":"product_tag","embeddable":true,"href":"https:\/\/startlan.ee\/en\/wp-json\/wp\/v2\/product_tag?post=50011"}],"curies":[{"name":"wp","href":"https:\/\/api.w.org\/{rel}","templated":true}]}}