{"id":50010,"date":"2024-05-27T10:00:16","date_gmt":"2024-05-27T07:00:16","guid":{"rendered":"https:\/\/startlan.ee\/toode\/7days-my-beauty-week-naoseerum-milky-boost-squalane-15-taaselustav-20ml\/"},"modified":"2026-05-13T19:00:18","modified_gmt":"2026-05-13T16:00:18","slug":"7days-my-beauty-week-naoseerum-milky-boost-squalane-15-taaselustav-20ml","status":"publish","type":"product","link":"https:\/\/startlan.ee\/en\/toode\/7days-my-beauty-week-naoseerum-milky-boost-squalane-15-taaselustav-20ml\/","title":{"rendered":"7DAYS MY BEAUTY WEEK n\u00e4oseerum MILKY BOOST SQUALANE 1,5% taaselustav 20ml"},"content":{"rendered":"<p>N\u00e4oseerum-kontsentraat 7DAYS MILKY BOOST Squalane pakub SOS taastamist, naha niisutamist ja t\u00f5stmist. MY BEAUTY WEEK SMART care on kombinatsioon nutikatest koostisosadest ja uuenduslikest koostistest, mis tagavad 100% efektiivsuse. See seerum pakub koheseid tulemusi neile, kellel pole aega oodata! Intensiivne koostis aktiivsete koostisosadega: Skvalaan pehmendab teie nahka, eemaldab punetuse, siseneb naha lipiidkihti ja tugevdab seda. Vetikad (pruunvetikas, fucus) t\u00f5mbavad ligi ja lukustavad niiskust ning neil on v\u00f5imas vananemisvastane ja t\u00f5stev toime. Seerumi tekstuuri kergus tagab, et te ei tunne end kleepuva kilega kaetud, selle aroom on meeldiv ja \u00f5huline. Koreast armastusega.<\/p>\n<p>&nbsp;<\/p>\n<p><strong>KOOSTIS:\u00a0<\/strong>AQUA, BUTYLENE GLYCOL, GLYCERIN, 1,2-HEXANEDIOL, GLYCERETH-26, SQUALANE, POLYSORBATE 60, PEG-60 HYDROGENATED CASTOR OIL, SORBITAN SESQUIOLEATE, ARGININE, ACRYLATES\/C10-30 ALKYL ACRYLATE CROSSPOLYMER, HYDROXYETHYLCELLULOSE, EUTERPE OLERACEA FRUIT EXTRACT, FUCUS SERRATUS EXTRACT, LAMINARIA CLOUSTONI EXTRACT, PARFUM, ETHYLHEXYLGLYCERIN, DISODIUM EDTA, BENZOTRIAZOLYL DODECYL P-CRESOL, ALCOHOL, TRIS (TETRAMETHYLHYDROXYPIPERIDINOL) CITRATE, CI 16185, CI 15985.<\/p>\n","protected":false},"excerpt":{"rendered":"<p>N\u00e4oseerum-kontsentraat 7DAYS MILKY BOOST Squalane pakub SOS taastamist, naha niisutamist ja t\u00f5stmist. MY BEAUTY WEEK SMART care on kombinatsioon nutikatest&#8230;<\/p>\n","protected":false},"featured_media":50166,"comment_status":"open","ping_status":"closed","template":"","meta":{"_acf_changed":false,"inline_featured_image":false},"pwb-brand":[981],"product_brand":[],"product_cat":[865,1071],"product_tag":[985],"class_list":{"0":"post-50010","1":"product","2":"type-product","3":"status-publish","4":"has-post-thumbnail","6":"pwb-brand-7days","7":"product_cat-seerumid-ja-kontsentraadid","8":"product_cat-korea","9":"product_tag-my-beauty-week-seerumid","11":"first","12":"instock","13":"sale","14":"taxable","15":"shipping-taxable","16":"purchasable","17":"product-type-simple"},"acf":[],"brands":[{"id":981,"name":"7Days","slug":"7days"}],"_links":{"self":[{"href":"https:\/\/startlan.ee\/en\/wp-json\/wp\/v2\/product\/50010","targetHints":{"allow":["GET"]}}],"collection":[{"href":"https:\/\/startlan.ee\/en\/wp-json\/wp\/v2\/product"}],"about":[{"href":"https:\/\/startlan.ee\/en\/wp-json\/wp\/v2\/types\/product"}],"replies":[{"embeddable":true,"href":"https:\/\/startlan.ee\/en\/wp-json\/wp\/v2\/comments?post=50010"}],"wp:featuredmedia":[{"embeddable":true,"href":"https:\/\/startlan.ee\/en\/wp-json\/wp\/v2\/media\/50166"}],"wp:attachment":[{"href":"https:\/\/startlan.ee\/en\/wp-json\/wp\/v2\/media?parent=50010"}],"wp:term":[{"taxonomy":"pwb-brand","embeddable":true,"href":"https:\/\/startlan.ee\/en\/wp-json\/wp\/v2\/pwb-brand?post=50010"},{"taxonomy":"product_brand","embeddable":true,"href":"https:\/\/startlan.ee\/en\/wp-json\/wp\/v2\/product_brand?post=50010"},{"taxonomy":"product_cat","embeddable":true,"href":"https:\/\/startlan.ee\/en\/wp-json\/wp\/v2\/product_cat?post=50010"},{"taxonomy":"product_tag","embeddable":true,"href":"https:\/\/startlan.ee\/en\/wp-json\/wp\/v2\/product_tag?post=50010"}],"curies":[{"name":"wp","href":"https:\/\/api.w.org\/{rel}","templated":true}]}}