{"id":50009,"date":"2024-05-27T09:00:18","date_gmt":"2024-05-27T06:00:18","guid":{"rendered":"https:\/\/startlan.ee\/toode\/7days-govegan-naomask-puhapaev-blue-day-loogastav-25g\/"},"modified":"2026-05-13T18:00:23","modified_gmt":"2026-05-13T15:00:23","slug":"7days-govegan-naomask-puhapaev-blue-day-loogastav-25g","status":"publish","type":"product","link":"https:\/\/startlan.ee\/en\/toode\/7days-govegan-naomask-puhapaev-blue-day-loogastav-25g\/","title":{"rendered":"7DAYS GoVEGAN n\u00e4omask P\u00fchap\u00e4ev BLUE DAY l\u00f5\u00f5gastav 25g"},"content":{"rendered":"<p>WOW-EFEKT: mustika-, ploomi- ja viigimarjaekstraktil on antioks\u00fcdantsed omadused, mis v\u00e4rskendavad, taastavad ja rahustavad nahka. H\u00fcaluroonhape, mis on samuti \u00fcks koostisosadest, toidab ja niisutab nahka, muutes selle elastseks.<\/p>\n<p>Kasutamine: Kandke mask n\u00e4ole 10-15 minutiks. Seej\u00e4rel peske n\u00e4gu veega.<\/p>\n<p>&nbsp;<\/p>\n<p><strong>KOOSTIS:\u00a0<\/strong>AQUA, PROPANEDIOL, GLYCERIN, HYDROLYZED HYALURONIC ACID, HYDROXYACETOPHENONE, AGAVE TEQUILANA LEAF EXTRACT, CAMELLIA SINENSIS LEAF EXTRACT, VACCINIUM ANGUSTIFOLIUM (BLUEBERRY) FRUIT EXTRACT, HYDROLYZED CORN PROTEIN, HYDROLYZED WHEAT PROTEIN, HYDROLYZED SOY PROTEIN, NELUMBO NUCIFERA FLOWER EXTRACT, XANTHAN GUM, 1,2-HEXANEDIOL, PHENOXYETHANOL, HYDROXYETHYLCELLULOSE, POLYGLYCERYL-10 MYRISTATE, INOSITOL, PHYTOSTEROLS, SACCHARIDE ISOMERATE, CITRIC ACID, SODIUM CITRATE, PHYTIC ACID, BUTYLENE GLYCOL, ETHYLHEXYLGLYCERIN, PROPYLENE GLYCOL, PARFUM.<\/p>\n","protected":false},"excerpt":{"rendered":"<p>WOW-EFEKT: mustika-, ploomi- ja viigimarjaekstraktil on antioks\u00fcdantsed omadused, mis v\u00e4rskendavad, taastavad ja rahustavad nahka. H\u00fcaluroonhape, mis on samuti \u00fcks koostisosadest,&#8230;<\/p>\n","protected":false},"featured_media":50146,"comment_status":"open","ping_status":"closed","template":"","meta":{"_acf_changed":false,"inline_featured_image":false},"pwb-brand":[981],"product_brand":[],"product_cat":[866,868,1071],"product_tag":[984],"class_list":{"0":"post-50009","1":"product","2":"type-product","3":"status-publish","4":"has-post-thumbnail","6":"pwb-brand-7days","7":"product_cat-maskid-nagu","8":"product_cat-looduskosmeetika","9":"product_cat-korea","10":"product_tag-govegan-naomaskid","12":"first","13":"instock","14":"sale","15":"taxable","16":"shipping-taxable","17":"purchasable","18":"product-type-simple"},"acf":[],"brands":[{"id":981,"name":"7Days","slug":"7days"}],"_links":{"self":[{"href":"https:\/\/startlan.ee\/en\/wp-json\/wp\/v2\/product\/50009","targetHints":{"allow":["GET"]}}],"collection":[{"href":"https:\/\/startlan.ee\/en\/wp-json\/wp\/v2\/product"}],"about":[{"href":"https:\/\/startlan.ee\/en\/wp-json\/wp\/v2\/types\/product"}],"replies":[{"embeddable":true,"href":"https:\/\/startlan.ee\/en\/wp-json\/wp\/v2\/comments?post=50009"}],"wp:featuredmedia":[{"embeddable":true,"href":"https:\/\/startlan.ee\/en\/wp-json\/wp\/v2\/media\/50146"}],"wp:attachment":[{"href":"https:\/\/startlan.ee\/en\/wp-json\/wp\/v2\/media?parent=50009"}],"wp:term":[{"taxonomy":"pwb-brand","embeddable":true,"href":"https:\/\/startlan.ee\/en\/wp-json\/wp\/v2\/pwb-brand?post=50009"},{"taxonomy":"product_brand","embeddable":true,"href":"https:\/\/startlan.ee\/en\/wp-json\/wp\/v2\/product_brand?post=50009"},{"taxonomy":"product_cat","embeddable":true,"href":"https:\/\/startlan.ee\/en\/wp-json\/wp\/v2\/product_cat?post=50009"},{"taxonomy":"product_tag","embeddable":true,"href":"https:\/\/startlan.ee\/en\/wp-json\/wp\/v2\/product_tag?post=50009"}],"curies":[{"name":"wp","href":"https:\/\/api.w.org\/{rel}","templated":true}]}}