{"id":4614,"date":"2023-12-01T10:59:05","date_gmt":"2023-12-01T10:59:05","guid":{"rendered":"https:\/\/startlan.ee\/?post_type=product&#038;p=4614"},"modified":"2026-04-18T03:31:21","modified_gmt":"2026-04-18T00:31:21","slug":"killys-kuunekaarid-floralove-lillemustriga","status":"publish","type":"product","link":"https:\/\/startlan.ee\/en\/toode\/killys-kuunekaarid-floralove-lillemustriga\/","title":{"rendered":"KillyS k\u00fc\u00fcnek\u00e4\u00e4rid Floralove lillemustriga"},"content":{"rendered":"<p>K\u00fc\u00fcnek\u00e4\u00e4rid Floralove, lillemustriga. Ohutud ja teravad terad tagavad maksimaalse l\u00f5iket\u00e4psuse, j\u00e4ttes k\u00fc\u00fcned siledaks, ilma l\u00f5henemise ja kahjustusteta. Praktilised kontuuriga k\u00e4epidemed muudavad k\u00e4\u00e4ridega manik\u00fc\u00fcri tegemise lihtsamaks ja mugavamaks. Valmistatud k\u00f5rgeima kvaliteediga materjalidest. V\u00e4rviline viimistlus n\u00e4eb kosmeetikakotis suurep\u00e4rane v\u00e4lja. www.startlan.ee<\/p>\n","protected":false},"excerpt":{"rendered":"<p>K\u00fc\u00fcnek\u00e4\u00e4rid Floralove, lillemustriga. Ohutud ja teravad terad tagavad maksimaalse l\u00f5iket\u00e4psuse, j\u00e4ttes k\u00fc\u00fcned siledaks, ilma l\u00f5henemise ja kahjustusteta. Praktilised kontuuriga k\u00e4epidemed&#8230;<\/p>\n","protected":false},"featured_media":4679,"comment_status":"open","ping_status":"closed","template":"","meta":{"_acf_changed":false,"inline_featured_image":false},"pwb-brand":[489],"product_brand":[],"product_cat":[878,898,912],"product_tag":[],"class_list":{"0":"post-4614","1":"product","2":"type-product","3":"status-publish","4":"has-post-thumbnail","6":"pwb-brand-killys","7":"product_cat-kate-ja-jalgade-hooldus","8":"product_cat-kuunehooldus-kuunelakid","9":"product_cat-manikuuritarbed","11":"first","12":"instock","13":"taxable","14":"shipping-taxable","15":"purchasable","16":"product-type-simple"},"acf":[],"brands":[{"id":489,"name":"Killys","slug":"killys"}],"_links":{"self":[{"href":"https:\/\/startlan.ee\/en\/wp-json\/wp\/v2\/product\/4614","targetHints":{"allow":["GET"]}}],"collection":[{"href":"https:\/\/startlan.ee\/en\/wp-json\/wp\/v2\/product"}],"about":[{"href":"https:\/\/startlan.ee\/en\/wp-json\/wp\/v2\/types\/product"}],"replies":[{"embeddable":true,"href":"https:\/\/startlan.ee\/en\/wp-json\/wp\/v2\/comments?post=4614"}],"wp:featuredmedia":[{"embeddable":true,"href":"https:\/\/startlan.ee\/en\/wp-json\/wp\/v2\/media\/4679"}],"wp:attachment":[{"href":"https:\/\/startlan.ee\/en\/wp-json\/wp\/v2\/media?parent=4614"}],"wp:term":[{"taxonomy":"pwb-brand","embeddable":true,"href":"https:\/\/startlan.ee\/en\/wp-json\/wp\/v2\/pwb-brand?post=4614"},{"taxonomy":"product_brand","embeddable":true,"href":"https:\/\/startlan.ee\/en\/wp-json\/wp\/v2\/product_brand?post=4614"},{"taxonomy":"product_cat","embeddable":true,"href":"https:\/\/startlan.ee\/en\/wp-json\/wp\/v2\/product_cat?post=4614"},{"taxonomy":"product_tag","embeddable":true,"href":"https:\/\/startlan.ee\/en\/wp-json\/wp\/v2\/product_tag?post=4614"}],"curies":[{"name":"wp","href":"https:\/\/api.w.org\/{rel}","templated":true}]}}