{"id":4431,"date":"2023-12-01T10:57:51","date_gmt":"2023-12-01T10:57:51","guid":{"rendered":"https:\/\/startlan.ee\/?post_type=product&#038;p=4431"},"modified":"2026-04-17T06:03:02","modified_gmt":"2026-04-17T03:03:02","slug":"botanic-mask-niisutav-kuivadele-juustele-400ml","status":"publish","type":"product","link":"https:\/\/startlan.ee\/en\/toode\/botanic-mask-niisutav-kuivadele-juustele-400ml\/","title":{"rendered":"BOTANIC mask niisutav kuivadele juustele 400ml"},"content":{"rendered":"<p>Spetsiaalselt kuivadele juustele v\u00e4lja t\u00f6\u00f6tatud koostis sisaldab kookos\u00f5li ja aminohapete kompleksi, mis toidab ja pehmendab juukseid. Tugevdab juukseid ja annab neile loomuliku l\u00e4ike. Tagab intensiivse niisutuse. Muudab juuste kammimise lihtsamaks. Sobib igap\u00e4evaseks kasutamiseks kuivadele juustele. Ei muuda juukseid raskeks. P\u00e4rast \u0161ampooni kasutamist kandke mask r\u00e4tikukuivadele juustele. \u00c4rge kandke maski liiga juuksejuurte l\u00e4hedale. Laske m\u00f5juda 3-5 minutit, seej\u00e4rel loputage hoolikalt. Toote silma sattumisel loputage koheselt silmi rohke veega.<\/p>\n<p>&nbsp;<\/p>\n<p>&nbsp;<\/p>\n<p>Parim enne: 12.2024<\/p>\n","protected":false},"excerpt":{"rendered":"<p>Spetsiaalselt kuivadele juustele v\u00e4lja t\u00f6\u00f6tatud koostis sisaldab kookos\u00f5li ja aminohapete kompleksi, mis toidab ja pehmendab juukseid. Tugevdab juukseid ja annab&#8230;<\/p>\n","protected":false},"featured_media":4476,"comment_status":"open","ping_status":"closed","template":"","meta":{"_acf_changed":false,"inline_featured_image":false},"pwb-brand":[],"product_brand":[],"product_cat":[856,936,975],"product_tag":[],"class_list":{"0":"post-4431","1":"product","2":"type-product","3":"status-publish","4":"has-post-thumbnail","6":"product_cat-maskid","7":"product_cat-soodustooted","8":"product_cat-dlsjfsdhfahnfoidfhsifhsaufhaiuosfipfisuafis","10":"first","11":"outofstock","12":"sale","13":"taxable","14":"shipping-taxable","15":"purchasable","16":"product-type-simple"},"acf":[],"brands":[],"_links":{"self":[{"href":"https:\/\/startlan.ee\/en\/wp-json\/wp\/v2\/product\/4431","targetHints":{"allow":["GET"]}}],"collection":[{"href":"https:\/\/startlan.ee\/en\/wp-json\/wp\/v2\/product"}],"about":[{"href":"https:\/\/startlan.ee\/en\/wp-json\/wp\/v2\/types\/product"}],"replies":[{"embeddable":true,"href":"https:\/\/startlan.ee\/en\/wp-json\/wp\/v2\/comments?post=4431"}],"wp:featuredmedia":[{"embeddable":true,"href":"https:\/\/startlan.ee\/en\/wp-json\/wp\/v2\/media\/4476"}],"wp:attachment":[{"href":"https:\/\/startlan.ee\/en\/wp-json\/wp\/v2\/media?parent=4431"}],"wp:term":[{"taxonomy":"pwb-brand","embeddable":true,"href":"https:\/\/startlan.ee\/en\/wp-json\/wp\/v2\/pwb-brand?post=4431"},{"taxonomy":"product_brand","embeddable":true,"href":"https:\/\/startlan.ee\/en\/wp-json\/wp\/v2\/product_brand?post=4431"},{"taxonomy":"product_cat","embeddable":true,"href":"https:\/\/startlan.ee\/en\/wp-json\/wp\/v2\/product_cat?post=4431"},{"taxonomy":"product_tag","embeddable":true,"href":"https:\/\/startlan.ee\/en\/wp-json\/wp\/v2\/product_tag?post=4431"}],"curies":[{"name":"wp","href":"https:\/\/api.w.org\/{rel}","templated":true}]}}