{"id":4164,"date":"2023-12-01T10:56:10","date_gmt":"2023-12-01T10:56:10","guid":{"rendered":"https:\/\/startlan.ee\/?post_type=product&#038;p=4164"},"modified":"2026-04-18T03:02:58","modified_gmt":"2026-04-18T00:02:58","slug":"lazell-parfuumvesi-lazell-for-women-100ml","status":"publish","type":"product","link":"https:\/\/startlan.ee\/en\/toode\/lazell-parfuumvesi-lazell-for-women-100ml\/","title":{"rendered":"Lazell parf\u00fc\u00fcmvesi Lazell for Women 100ml"},"content":{"rendered":"<p><strong>KOOSTIS: <\/strong>ALCOHOL DENAT., AQUA, PARFUM, LINALOOL, ALPHA-ISOMETHYL IONONE, CI 19140<\/p>\n","protected":false},"excerpt":{"rendered":"<p>LAZELL for Woman on oman\u00e4oline kombinatsioon \u00f5rnadest lillenootidest koos tugeva seedri, viiruki ja sandlipuu aroomiga. See l\u00f5hn on loodud enesekindlatele naistele, kes p\u00fc\u00fcdlevad j\u00e4rjekindlalt oma unistuste poole. See sobib h\u00e4sti igas olukorras, igal kellaajal.<\/p>\n<p>Lazell parf\u00fc\u00fcmvesi Lazell for Women on analoog l\u00f5hnast LACOSTE POUR FEMME by Lacoste.<\/p>\n<p>PEANOODID \u2013 pipar, freesia.<br \/>\nS\u00dcDAMENOODID \u2013 heliotroop, merevaik, jasmiin, roos, hibisk.<br \/>\nALUSNOODID \u2013 seeder, viiruk, sandlipuu.<\/p>\n","protected":false},"featured_media":51011,"comment_status":"open","ping_status":"closed","template":"","meta":{"_acf_changed":false,"inline_featured_image":false},"pwb-brand":[490],"product_brand":[],"product_cat":[900],"product_tag":[],"class_list":{"0":"post-4164","1":"product","2":"type-product","3":"status-publish","4":"has-post-thumbnail","6":"pwb-brand-lazell","7":"product_cat-parfuumiveed-naistele","9":"first","10":"instock","11":"taxable","12":"shipping-taxable","13":"purchasable","14":"product-type-simple"},"acf":[],"brands":[{"id":490,"name":"Lazell","slug":"lazell"}],"_links":{"self":[{"href":"https:\/\/startlan.ee\/en\/wp-json\/wp\/v2\/product\/4164","targetHints":{"allow":["GET"]}}],"collection":[{"href":"https:\/\/startlan.ee\/en\/wp-json\/wp\/v2\/product"}],"about":[{"href":"https:\/\/startlan.ee\/en\/wp-json\/wp\/v2\/types\/product"}],"replies":[{"embeddable":true,"href":"https:\/\/startlan.ee\/en\/wp-json\/wp\/v2\/comments?post=4164"}],"wp:featuredmedia":[{"embeddable":true,"href":"https:\/\/startlan.ee\/en\/wp-json\/wp\/v2\/media\/51011"}],"wp:attachment":[{"href":"https:\/\/startlan.ee\/en\/wp-json\/wp\/v2\/media?parent=4164"}],"wp:term":[{"taxonomy":"pwb-brand","embeddable":true,"href":"https:\/\/startlan.ee\/en\/wp-json\/wp\/v2\/pwb-brand?post=4164"},{"taxonomy":"product_brand","embeddable":true,"href":"https:\/\/startlan.ee\/en\/wp-json\/wp\/v2\/product_brand?post=4164"},{"taxonomy":"product_cat","embeddable":true,"href":"https:\/\/startlan.ee\/en\/wp-json\/wp\/v2\/product_cat?post=4164"},{"taxonomy":"product_tag","embeddable":true,"href":"https:\/\/startlan.ee\/en\/wp-json\/wp\/v2\/product_tag?post=4164"}],"curies":[{"name":"wp","href":"https:\/\/api.w.org\/{rel}","templated":true}]}}