{"id":4098,"date":"2023-12-01T10:55:48","date_gmt":"2023-12-01T10:55:48","guid":{"rendered":"https:\/\/startlan.ee\/?post_type=product&#038;p=4098"},"modified":"2026-05-13T18:02:52","modified_gmt":"2026-05-13T15:02:52","slug":"m-asam-collagen-lift-voluumiandev-huulepalsam-15ml","status":"publish","type":"product","link":"https:\/\/startlan.ee\/en\/toode\/m-asam-collagen-lift-voluumiandev-huulepalsam-15ml\/","title":{"rendered":"M.ASAM COLLAGEN LIFT vol\u00fc\u00fcmiandev huulepalsam 15ml"},"content":{"rendered":"","protected":false},"excerpt":{"rendered":"<p>M.ASAM COLLAGEN LIFT vol\u00fc\u00fcmiandev huulepalsam. Valgest lupiinist ja soja isoflavoonidest valmistatud kollageeniv\u00f5imendi muudab huuled t\u00e4idlasemaks\u00a0ja r\u00f5hutab nende kuju.\u00a0Sheav\u00f5i\u00a0, jojoba\u00f5li ja k\u00fclmpressitud ploomiseemne\u00f5li hooldavad huulte \u00f5rna nahka.\u00a0Passionivilja \u00f5li\u00a0kaitseb niiskuse kadumise eest.\u00a0H\u00fcaluroonhape ja sinepiidu ekstrakt tagavad\u00a0siidise ja t\u00e4idlase v\u00e4limusega huuled.\u00a0Kiiresti imenduv tekstuur j\u00e4tab meeldiva tunde ja kogu\u00a0huulepiirkond n\u00e4eb v\u00e4lja t\u00e4idlasem ja parematega kontuuridega.<\/p>\n","protected":false},"featured_media":4183,"comment_status":"open","ping_status":"closed","template":"","meta":{"_acf_changed":false,"inline_featured_image":false},"pwb-brand":[491],"product_brand":[],"product_cat":[894,936],"product_tag":[],"class_list":{"0":"post-4098","1":"product","2":"type-product","3":"status-publish","4":"has-post-thumbnail","6":"pwb-brand-m-asam","7":"product_cat-huuled","8":"product_cat-soodustooted","10":"first","11":"instock","12":"sale","13":"taxable","14":"shipping-taxable","15":"purchasable","16":"product-type-simple"},"acf":[],"brands":[{"id":491,"name":"M.Asam","slug":"m-asam"}],"_links":{"self":[{"href":"https:\/\/startlan.ee\/en\/wp-json\/wp\/v2\/product\/4098","targetHints":{"allow":["GET"]}}],"collection":[{"href":"https:\/\/startlan.ee\/en\/wp-json\/wp\/v2\/product"}],"about":[{"href":"https:\/\/startlan.ee\/en\/wp-json\/wp\/v2\/types\/product"}],"replies":[{"embeddable":true,"href":"https:\/\/startlan.ee\/en\/wp-json\/wp\/v2\/comments?post=4098"}],"wp:featuredmedia":[{"embeddable":true,"href":"https:\/\/startlan.ee\/en\/wp-json\/wp\/v2\/media\/4183"}],"wp:attachment":[{"href":"https:\/\/startlan.ee\/en\/wp-json\/wp\/v2\/media?parent=4098"}],"wp:term":[{"taxonomy":"pwb-brand","embeddable":true,"href":"https:\/\/startlan.ee\/en\/wp-json\/wp\/v2\/pwb-brand?post=4098"},{"taxonomy":"product_brand","embeddable":true,"href":"https:\/\/startlan.ee\/en\/wp-json\/wp\/v2\/product_brand?post=4098"},{"taxonomy":"product_cat","embeddable":true,"href":"https:\/\/startlan.ee\/en\/wp-json\/wp\/v2\/product_cat?post=4098"},{"taxonomy":"product_tag","embeddable":true,"href":"https:\/\/startlan.ee\/en\/wp-json\/wp\/v2\/product_tag?post=4098"}],"curies":[{"name":"wp","href":"https:\/\/api.w.org\/{rel}","templated":true}]}}