{"id":4089,"date":"2023-12-01T10:55:47","date_gmt":"2023-12-01T10:55:47","guid":{"rendered":"https:\/\/startlan.ee\/?post_type=product&#038;p=4089"},"modified":"2026-05-13T18:31:33","modified_gmt":"2026-05-13T15:31:33","slug":"m-asam-hyaluron-repair-puhastusoli-200ml","status":"publish","type":"product","link":"https:\/\/startlan.ee\/en\/toode\/m-asam-hyaluron-repair-puhastusoli-200ml\/","title":{"rendered":"M.ASAM HYALURON REPAIR puhastus\u00f5li 200ml"},"content":{"rendered":"","protected":false},"excerpt":{"rendered":"<p>M.ASAM HYALURON REPAIR puhastus\u00f5li eksootilise mangov\u00f5i ja moringa\u00f5liga. Luksuslik \u00f5li puhastab nahka \u00f5rnalt ning eemaldab vaevata mustuse, liigse rasu ja meigi. Niisutab. Skvalaan kaitseb niiskuse kadumise eest ja E-vitamiin neutraliseerib vabu radikaale. Tagab p\u00e4rast n\u00e4o puhastamist siidise ja sileda tunde.<\/p>\n","protected":false},"featured_media":4138,"comment_status":"open","ping_status":"closed","template":"","meta":{"_acf_changed":false,"inline_featured_image":false},"pwb-brand":[491],"product_brand":[],"product_cat":[867,936],"product_tag":[],"class_list":{"0":"post-4089","1":"product","2":"type-product","3":"status-publish","4":"has-post-thumbnail","6":"pwb-brand-m-asam","7":"product_cat-puhastus-meigieemaldus","8":"product_cat-soodustooted","10":"first","11":"instock","12":"sale","13":"taxable","14":"shipping-taxable","15":"purchasable","16":"product-type-simple"},"acf":[],"brands":[{"id":491,"name":"M.Asam","slug":"m-asam"}],"_links":{"self":[{"href":"https:\/\/startlan.ee\/en\/wp-json\/wp\/v2\/product\/4089","targetHints":{"allow":["GET"]}}],"collection":[{"href":"https:\/\/startlan.ee\/en\/wp-json\/wp\/v2\/product"}],"about":[{"href":"https:\/\/startlan.ee\/en\/wp-json\/wp\/v2\/types\/product"}],"replies":[{"embeddable":true,"href":"https:\/\/startlan.ee\/en\/wp-json\/wp\/v2\/comments?post=4089"}],"wp:featuredmedia":[{"embeddable":true,"href":"https:\/\/startlan.ee\/en\/wp-json\/wp\/v2\/media\/4138"}],"wp:attachment":[{"href":"https:\/\/startlan.ee\/en\/wp-json\/wp\/v2\/media?parent=4089"}],"wp:term":[{"taxonomy":"pwb-brand","embeddable":true,"href":"https:\/\/startlan.ee\/en\/wp-json\/wp\/v2\/pwb-brand?post=4089"},{"taxonomy":"product_brand","embeddable":true,"href":"https:\/\/startlan.ee\/en\/wp-json\/wp\/v2\/product_brand?post=4089"},{"taxonomy":"product_cat","embeddable":true,"href":"https:\/\/startlan.ee\/en\/wp-json\/wp\/v2\/product_cat?post=4089"},{"taxonomy":"product_tag","embeddable":true,"href":"https:\/\/startlan.ee\/en\/wp-json\/wp\/v2\/product_tag?post=4089"}],"curies":[{"name":"wp","href":"https:\/\/api.w.org\/{rel}","templated":true}]}}