{"id":4078,"date":"2023-12-01T10:55:46","date_gmt":"2023-12-01T10:55:46","guid":{"rendered":"https:\/\/startlan.ee\/?post_type=product&#038;p=4078"},"modified":"2026-05-13T16:02:54","modified_gmt":"2026-05-13T13:02:54","slug":"m-asam-vitamin-c-saraandev-silmakreem-20ml","status":"publish","type":"product","link":"https:\/\/startlan.ee\/en\/toode\/m-asam-vitamin-c-saraandev-silmakreem-20ml\/","title":{"rendered":"M.ASAM VITAMIN C s\u00e4raandev silmakreem 20ml"},"content":{"rendered":"","protected":false},"excerpt":{"rendered":"<p>M.ASAM VITAMIN C v\u00e4rskendav ja s\u00e4raandev silmakreem sileda ja s\u00e4rava silma\u00fcmbruse jaoks. Kaitseb nahka kahjulike keskkonnam\u00f5jude eest. V\u00e4hendab v\u00e4simuse m\u00e4rke silmade \u00fcmber. Pinguldab silma\u00fcmbruse \u00f5rna nahka. Annab nahale s\u00e4ra ja uut energiat.<\/p>\n","protected":false},"featured_media":4116,"comment_status":"open","ping_status":"closed","template":"","meta":{"_acf_changed":false,"inline_featured_image":false},"pwb-brand":[491],"product_brand":[],"product_cat":[940,936],"product_tag":[],"class_list":{"0":"post-4078","1":"product","2":"type-product","3":"status-publish","4":"has-post-thumbnail","6":"pwb-brand-m-asam","7":"product_cat-silmahooldus","8":"product_cat-soodustooted","10":"first","11":"instock","12":"sale","13":"taxable","14":"shipping-taxable","15":"purchasable","16":"product-type-simple"},"acf":[],"brands":[{"id":491,"name":"M.Asam","slug":"m-asam"}],"_links":{"self":[{"href":"https:\/\/startlan.ee\/en\/wp-json\/wp\/v2\/product\/4078","targetHints":{"allow":["GET"]}}],"collection":[{"href":"https:\/\/startlan.ee\/en\/wp-json\/wp\/v2\/product"}],"about":[{"href":"https:\/\/startlan.ee\/en\/wp-json\/wp\/v2\/types\/product"}],"replies":[{"embeddable":true,"href":"https:\/\/startlan.ee\/en\/wp-json\/wp\/v2\/comments?post=4078"}],"wp:featuredmedia":[{"embeddable":true,"href":"https:\/\/startlan.ee\/en\/wp-json\/wp\/v2\/media\/4116"}],"wp:attachment":[{"href":"https:\/\/startlan.ee\/en\/wp-json\/wp\/v2\/media?parent=4078"}],"wp:term":[{"taxonomy":"pwb-brand","embeddable":true,"href":"https:\/\/startlan.ee\/en\/wp-json\/wp\/v2\/pwb-brand?post=4078"},{"taxonomy":"product_brand","embeddable":true,"href":"https:\/\/startlan.ee\/en\/wp-json\/wp\/v2\/product_brand?post=4078"},{"taxonomy":"product_cat","embeddable":true,"href":"https:\/\/startlan.ee\/en\/wp-json\/wp\/v2\/product_cat?post=4078"},{"taxonomy":"product_tag","embeddable":true,"href":"https:\/\/startlan.ee\/en\/wp-json\/wp\/v2\/product_tag?post=4078"}],"curies":[{"name":"wp","href":"https:\/\/api.w.org\/{rel}","templated":true}]}}