{"id":4073,"date":"2023-12-01T10:55:45","date_gmt":"2023-12-01T10:55:45","guid":{"rendered":"https:\/\/startlan.ee\/?post_type=product&#038;p=4073"},"modified":"2026-05-13T18:31:33","modified_gmt":"2026-05-13T15:31:33","slug":"m-asam-resveratrol-noorendav-seerum-50ml","status":"publish","type":"product","link":"https:\/\/startlan.ee\/en\/toode\/m-asam-resveratrol-noorendav-seerum-50ml\/","title":{"rendered":"M.ASAM RESVERATROL noorendav seerum 50ml"},"content":{"rendered":"","protected":false},"excerpt":{"rendered":"<p>M.ASAM RESVERATROL noorendav seerum on k\u00f5rgkontsentreeritud seerum, mis aitab kaasa sellele, et nahk n\u00e4eks nooruslik v\u00e4lja. Parandab naha tooni, niisutab, annab s\u00e4ra, \u00fchtlustab ja uuendab nahka. Pinguldab, toetab kollageeni tootmist ja annab nahale noorusliku s\u00e4ra.<\/p>\n","protected":false},"featured_media":4106,"comment_status":"open","ping_status":"closed","template":"","meta":{"_acf_changed":false,"inline_featured_image":false},"pwb-brand":[491],"product_brand":[],"product_cat":[865,936],"product_tag":[],"class_list":{"0":"post-4073","1":"product","2":"type-product","3":"status-publish","4":"has-post-thumbnail","6":"pwb-brand-m-asam","7":"product_cat-seerumid-ja-kontsentraadid","8":"product_cat-soodustooted","10":"first","11":"instock","12":"sale","13":"taxable","14":"shipping-taxable","15":"purchasable","16":"product-type-simple"},"acf":[],"brands":[{"id":491,"name":"M.Asam","slug":"m-asam"}],"_links":{"self":[{"href":"https:\/\/startlan.ee\/en\/wp-json\/wp\/v2\/product\/4073","targetHints":{"allow":["GET"]}}],"collection":[{"href":"https:\/\/startlan.ee\/en\/wp-json\/wp\/v2\/product"}],"about":[{"href":"https:\/\/startlan.ee\/en\/wp-json\/wp\/v2\/types\/product"}],"replies":[{"embeddable":true,"href":"https:\/\/startlan.ee\/en\/wp-json\/wp\/v2\/comments?post=4073"}],"wp:featuredmedia":[{"embeddable":true,"href":"https:\/\/startlan.ee\/en\/wp-json\/wp\/v2\/media\/4106"}],"wp:attachment":[{"href":"https:\/\/startlan.ee\/en\/wp-json\/wp\/v2\/media?parent=4073"}],"wp:term":[{"taxonomy":"pwb-brand","embeddable":true,"href":"https:\/\/startlan.ee\/en\/wp-json\/wp\/v2\/pwb-brand?post=4073"},{"taxonomy":"product_brand","embeddable":true,"href":"https:\/\/startlan.ee\/en\/wp-json\/wp\/v2\/product_brand?post=4073"},{"taxonomy":"product_cat","embeddable":true,"href":"https:\/\/startlan.ee\/en\/wp-json\/wp\/v2\/product_cat?post=4073"},{"taxonomy":"product_tag","embeddable":true,"href":"https:\/\/startlan.ee\/en\/wp-json\/wp\/v2\/product_tag?post=4073"}],"curies":[{"name":"wp","href":"https:\/\/api.w.org\/{rel}","templated":true}]}}