{"id":3968,"date":"2023-12-01T10:54:56","date_gmt":"2023-12-01T10:54:56","guid":{"rendered":"https:\/\/startlan.ee\/?post_type=product&#038;p=3968"},"modified":"2026-05-13T21:02:31","modified_gmt":"2026-05-13T18:02:31","slug":"lazell-gentlemen-sport-men-100-ml","status":"publish","type":"product","link":"https:\/\/startlan.ee\/en\/toode\/lazell-gentlemen-sport-men-100-ml\/","title":{"rendered":"Lazell Gentlemen Sport Men 100 ml"},"content":{"rendered":"<p><strong>KOOSTIS: <\/strong>ALCOHOL DENAT., AQUA, PARFUM, CITRAL, CITRONELLOL, ISOEUGENOL, EUGENOL, GERANIOL, HEXYL CINNAMIC ALDEHYDE<br \/>\nCOUMARIN, D-LIMONENE, LINALOOL, METHYL EUGENOL<\/p>\n","protected":false},"excerpt":{"rendered":"<p>Tsitruseliste plahvatus koos ingveriga annab v\u00e4rskuse, eluj\u00f5u ja puhtuse tunde. Tugevalt v\u00e4rskendav aroom, ideaalne h\u00e4rrasmeestele, kes elavad t\u00e4iel rinnal.<\/p>\n<p>Tipunoodid: sidrun, pirn, greip. S\u00fcdamenoodid: muskaatp\u00e4hkel, roosa pipar, geraanium. P\u00f5hinoodid: sandlipuu, sidrun, ingver. Inspireeritud l\u00f5hnast DIOR HOMME SPORT by Christian Dior.<\/p>\n","protected":false},"featured_media":4029,"comment_status":"open","ping_status":"closed","template":"","meta":{"_acf_changed":false,"inline_featured_image":false},"pwb-brand":[],"product_brand":[],"product_cat":[901,904,936,975],"product_tag":[],"class_list":{"0":"post-3968","1":"product","2":"type-product","3":"status-publish","4":"has-post-thumbnail","6":"product_cat-tualettveed-meestele","7":"product_cat-tualettveed","8":"product_cat-soodustooted","9":"product_cat-dlsjfsdhfahnfoidfhsifhsaufhaiuosfipfisuafis","11":"first","12":"outofstock","13":"sale","14":"taxable","15":"shipping-taxable","16":"purchasable","17":"product-type-simple"},"acf":[],"brands":[],"_links":{"self":[{"href":"https:\/\/startlan.ee\/en\/wp-json\/wp\/v2\/product\/3968","targetHints":{"allow":["GET"]}}],"collection":[{"href":"https:\/\/startlan.ee\/en\/wp-json\/wp\/v2\/product"}],"about":[{"href":"https:\/\/startlan.ee\/en\/wp-json\/wp\/v2\/types\/product"}],"replies":[{"embeddable":true,"href":"https:\/\/startlan.ee\/en\/wp-json\/wp\/v2\/comments?post=3968"}],"wp:featuredmedia":[{"embeddable":true,"href":"https:\/\/startlan.ee\/en\/wp-json\/wp\/v2\/media\/4029"}],"wp:attachment":[{"href":"https:\/\/startlan.ee\/en\/wp-json\/wp\/v2\/media?parent=3968"}],"wp:term":[{"taxonomy":"pwb-brand","embeddable":true,"href":"https:\/\/startlan.ee\/en\/wp-json\/wp\/v2\/pwb-brand?post=3968"},{"taxonomy":"product_brand","embeddable":true,"href":"https:\/\/startlan.ee\/en\/wp-json\/wp\/v2\/product_brand?post=3968"},{"taxonomy":"product_cat","embeddable":true,"href":"https:\/\/startlan.ee\/en\/wp-json\/wp\/v2\/product_cat?post=3968"},{"taxonomy":"product_tag","embeddable":true,"href":"https:\/\/startlan.ee\/en\/wp-json\/wp\/v2\/product_tag?post=3968"}],"curies":[{"name":"wp","href":"https:\/\/api.w.org\/{rel}","templated":true}]}}