{"id":3897,"date":"2023-12-01T10:54:27","date_gmt":"2023-12-01T10:54:27","guid":{"rendered":"https:\/\/startlan.ee\/?post_type=product&#038;p=3897"},"modified":"2026-05-13T18:31:36","modified_gmt":"2026-05-13T15:31:36","slug":"m-asam-magic-finish-huulepliiats-rubiinpunane","status":"publish","type":"product","link":"https:\/\/startlan.ee\/en\/toode\/m-asam-magic-finish-huulepliiats-rubiinpunane\/","title":{"rendered":"M.Asam MAGIC FINISH huulepliiats Rubiinpunane"},"content":{"rendered":"","protected":false},"excerpt":{"rendered":"<p>Huulepliiats &#8211; intensiivne v\u00e4rv, t\u00e4pne pealekandmine, p\u00fcsib kuni 8h.<\/p>\n<p>T\u00e4iusliku ja kauap\u00fcsiva huulemeigi jaoks.<br \/>\nIntensiivne v\u00e4rv.<br \/>\nVeekindel.<br \/>\nTakistab huulepulgal \u00fcle huulekontuuri valguda.<\/p>\n","protected":false},"featured_media":3940,"comment_status":"open","ping_status":"closed","template":"","meta":{"_acf_changed":false,"inline_featured_image":false},"pwb-brand":[491],"product_brand":[],"product_cat":[894,936],"product_tag":[],"class_list":{"0":"post-3897","1":"product","2":"type-product","3":"status-publish","4":"has-post-thumbnail","6":"pwb-brand-m-asam","7":"product_cat-huuled","8":"product_cat-soodustooted","10":"first","11":"instock","12":"sale","13":"taxable","14":"shipping-taxable","15":"purchasable","16":"product-type-simple"},"acf":[],"brands":[{"id":491,"name":"M.Asam","slug":"m-asam"}],"_links":{"self":[{"href":"https:\/\/startlan.ee\/en\/wp-json\/wp\/v2\/product\/3897","targetHints":{"allow":["GET"]}}],"collection":[{"href":"https:\/\/startlan.ee\/en\/wp-json\/wp\/v2\/product"}],"about":[{"href":"https:\/\/startlan.ee\/en\/wp-json\/wp\/v2\/types\/product"}],"replies":[{"embeddable":true,"href":"https:\/\/startlan.ee\/en\/wp-json\/wp\/v2\/comments?post=3897"}],"wp:featuredmedia":[{"embeddable":true,"href":"https:\/\/startlan.ee\/en\/wp-json\/wp\/v2\/media\/3940"}],"wp:attachment":[{"href":"https:\/\/startlan.ee\/en\/wp-json\/wp\/v2\/media?parent=3897"}],"wp:term":[{"taxonomy":"pwb-brand","embeddable":true,"href":"https:\/\/startlan.ee\/en\/wp-json\/wp\/v2\/pwb-brand?post=3897"},{"taxonomy":"product_brand","embeddable":true,"href":"https:\/\/startlan.ee\/en\/wp-json\/wp\/v2\/product_brand?post=3897"},{"taxonomy":"product_cat","embeddable":true,"href":"https:\/\/startlan.ee\/en\/wp-json\/wp\/v2\/product_cat?post=3897"},{"taxonomy":"product_tag","embeddable":true,"href":"https:\/\/startlan.ee\/en\/wp-json\/wp\/v2\/product_tag?post=3897"}],"curies":[{"name":"wp","href":"https:\/\/api.w.org\/{rel}","templated":true}]}}