{"id":3837,"date":"2023-12-01T10:54:04","date_gmt":"2023-12-01T10:54:04","guid":{"rendered":"https:\/\/startlan.ee\/?post_type=product&#038;p=3837"},"modified":"2026-05-13T18:02:52","modified_gmt":"2026-05-13T15:02:52","slug":"m-asam-magic-finish-satiin-huulepulk-parliroosa","status":"publish","type":"product","link":"https:\/\/startlan.ee\/en\/toode\/m-asam-magic-finish-satiin-huulepulk-parliroosa\/","title":{"rendered":"M.Asam MAGIC FINISH Satiin huulepulk P\u00e4rliroosa"},"content":{"rendered":"","protected":false},"excerpt":{"rendered":"<p>Satiin huulepulk on kreemja tekstuuriga, intensiivse v\u00e4rviga ning 11 toitva \u00f5liga ja vahaga.<\/p>\n<p><strong>Kasutamine:<\/strong>\u00a0Asetage huulepulk \u00fclemise huule kaare keskele ja t\u00f5mmake see v\u00e4ljapoole, samuti alumise huule k\u00fclge. Vajadusel korrake seda.<br \/>\n<strong>Hoiatus:<\/strong>\u00a0Ainult v\u00e4lispidiseks kasutamiseks. Hoida lastele k\u00e4ttesaamatus kohas.<\/p>\n","protected":false},"featured_media":3920,"comment_status":"open","ping_status":"closed","template":"","meta":{"_acf_changed":false,"inline_featured_image":false},"pwb-brand":[491],"product_brand":[],"product_cat":[894,936],"product_tag":[],"class_list":{"0":"post-3837","1":"product","2":"type-product","3":"status-publish","4":"has-post-thumbnail","6":"pwb-brand-m-asam","7":"product_cat-huuled","8":"product_cat-soodustooted","10":"first","11":"instock","12":"sale","13":"taxable","14":"shipping-taxable","15":"purchasable","16":"product-type-simple"},"acf":[],"brands":[{"id":491,"name":"M.Asam","slug":"m-asam"}],"_links":{"self":[{"href":"https:\/\/startlan.ee\/en\/wp-json\/wp\/v2\/product\/3837","targetHints":{"allow":["GET"]}}],"collection":[{"href":"https:\/\/startlan.ee\/en\/wp-json\/wp\/v2\/product"}],"about":[{"href":"https:\/\/startlan.ee\/en\/wp-json\/wp\/v2\/types\/product"}],"replies":[{"embeddable":true,"href":"https:\/\/startlan.ee\/en\/wp-json\/wp\/v2\/comments?post=3837"}],"wp:featuredmedia":[{"embeddable":true,"href":"https:\/\/startlan.ee\/en\/wp-json\/wp\/v2\/media\/3920"}],"wp:attachment":[{"href":"https:\/\/startlan.ee\/en\/wp-json\/wp\/v2\/media?parent=3837"}],"wp:term":[{"taxonomy":"pwb-brand","embeddable":true,"href":"https:\/\/startlan.ee\/en\/wp-json\/wp\/v2\/pwb-brand?post=3837"},{"taxonomy":"product_brand","embeddable":true,"href":"https:\/\/startlan.ee\/en\/wp-json\/wp\/v2\/product_brand?post=3837"},{"taxonomy":"product_cat","embeddable":true,"href":"https:\/\/startlan.ee\/en\/wp-json\/wp\/v2\/product_cat?post=3837"},{"taxonomy":"product_tag","embeddable":true,"href":"https:\/\/startlan.ee\/en\/wp-json\/wp\/v2\/product_tag?post=3837"}],"curies":[{"name":"wp","href":"https:\/\/api.w.org\/{rel}","templated":true}]}}