{"id":3389,"date":"2023-12-01T10:51:07","date_gmt":"2023-12-01T10:51:07","guid":{"rendered":"https:\/\/startlan.ee\/?post_type=product&#038;p=3389"},"modified":"2026-05-13T18:02:49","modified_gmt":"2026-05-13T15:02:49","slug":"m-asam-magic-finish-jumestusvaht-30ml","status":"publish","type":"product","link":"https:\/\/startlan.ee\/en\/toode\/m-asam-magic-finish-jumestusvaht-30ml\/","title":{"rendered":"M.Asam MAGIC FINISH Jumestusvaht 30ml"},"content":{"rendered":"<p><strong>Koostis:\u00a0<\/strong>CYCLOPENTASILOXANE, ISODODECANE, DIMETHICONE CROSSPOLYMER, DIMETHICONE, DIMETHICONE\/VINYL DIMETHICONE CROSSPOLYMER, DIMETHICONOL, CYCLOHEXASILOXANE, TOCOPHERYL ACETATE, PARFUM (FRAGRANCE), SILICA, ISOCETETH-10, CI 77491 (IRON OXIDES), CI 77492 (IRON OXIDES), CI 77499 (IRON OXIDES), CI 77891 (TITANIUM DIOXIDE).<\/p>\n","protected":false},"excerpt":{"rendered":"<p><strong>Iga M. Asam Magic Finish jumestusvahuga saad kingituseks kaasa M. Asam\u00a0 <a href=\"https:\/\/startlan.ee\/toode\/m-asam-magic-finish-diamond-glow-seerum-valge-helebeez\/\">M.Asam MAGIC FINISH DIAMOND GLOW seerumi<\/a> ja <a href=\"https:\/\/startlan.ee\/toode\/m-asam-magic-finish-satiin-huulepulk-roosipuu-4g\/\">M.Asam MAGIC FINISH Satiin huulepulga<\/a><\/strong><\/p>\n<p>&nbsp;<\/p>\n<p>\u00d5rn, \u00f5huline, kerge jumestusvaht on t\u00f5eline v\u00e4ike ime. Teie nahk on t\u00e4iuslikult matt ja imeliselt \u00fchtlane. Jumestusvaht kohaneb teie naha tooniga t\u00e4pselt minuti jooksul ja annab teile veatu jume.<\/p>\n<p><strong>Number 1 jumestusvaht Saksamaal!<\/strong><\/p>\n<p><strong>Kasutamine:<\/strong> Kanda puhtale n\u00e4ole soovitud kattekihi saavutamiseni, ei ole vaja lisada eraldi puudrit.<br \/>\n<strong>Hoiatus:<\/strong> Ainult v\u00e4lispidiseks kasutamiseks. Hoida lastele k\u00e4ttesaamatus kohas.<\/p>\n","protected":false},"featured_media":3441,"comment_status":"open","ping_status":"closed","template":"","meta":{"_acf_changed":false,"inline_featured_image":false},"pwb-brand":[491],"product_brand":[],"product_cat":[887,973,976],"product_tag":[351,353,384],"class_list":{"0":"post-3389","1":"product","2":"type-product","3":"status-publish","4":"has-post-thumbnail","6":"pwb-brand-m-asam","7":"product_cat-jumestuskreemid","8":"product_cat-populaarne","9":"product_cat-auhinnatud-tooted","10":"product_tag-jumestus","11":"product_tag-jumestusvaht","12":"product_tag-m-asam","14":"first","15":"outofstock","16":"taxable","17":"shipping-taxable","18":"purchasable","19":"product-type-simple"},"acf":[],"brands":[{"id":491,"name":"M.Asam","slug":"m-asam"}],"_links":{"self":[{"href":"https:\/\/startlan.ee\/en\/wp-json\/wp\/v2\/product\/3389","targetHints":{"allow":["GET"]}}],"collection":[{"href":"https:\/\/startlan.ee\/en\/wp-json\/wp\/v2\/product"}],"about":[{"href":"https:\/\/startlan.ee\/en\/wp-json\/wp\/v2\/types\/product"}],"replies":[{"embeddable":true,"href":"https:\/\/startlan.ee\/en\/wp-json\/wp\/v2\/comments?post=3389"}],"wp:featuredmedia":[{"embeddable":true,"href":"https:\/\/startlan.ee\/en\/wp-json\/wp\/v2\/media\/3441"}],"wp:attachment":[{"href":"https:\/\/startlan.ee\/en\/wp-json\/wp\/v2\/media?parent=3389"}],"wp:term":[{"taxonomy":"pwb-brand","embeddable":true,"href":"https:\/\/startlan.ee\/en\/wp-json\/wp\/v2\/pwb-brand?post=3389"},{"taxonomy":"product_brand","embeddable":true,"href":"https:\/\/startlan.ee\/en\/wp-json\/wp\/v2\/product_brand?post=3389"},{"taxonomy":"product_cat","embeddable":true,"href":"https:\/\/startlan.ee\/en\/wp-json\/wp\/v2\/product_cat?post=3389"},{"taxonomy":"product_tag","embeddable":true,"href":"https:\/\/startlan.ee\/en\/wp-json\/wp\/v2\/product_tag?post=3389"}],"curies":[{"name":"wp","href":"https:\/\/api.w.org\/{rel}","templated":true}]}}