{"id":3323,"date":"2023-12-01T10:50:39","date_gmt":"2023-12-01T10:50:39","guid":{"rendered":"https:\/\/startlan.ee\/?post_type=product&#038;p=3323"},"modified":"2026-04-17T06:01:43","modified_gmt":"2026-04-17T03:01:43","slug":"bell-hypoallergenic-glancego-huulepulk-01","status":"publish","type":"product","link":"https:\/\/startlan.ee\/en\/toode\/bell-hypoallergenic-glancego-huulepulk-01\/","title":{"rendered":"Bell HYPOALLERGENIC GLANCE&#038;GO huulepulk 01"},"content":{"rendered":"","protected":false},"excerpt":{"rendered":"<p>H\u00fcpoallergeeniline huulepulk annab m\u00e4rgade huulte efekti ning huuled tunduvad h\u00e4mmastavalt siledad. Toote peale kandmine on \u00f5rn ja delikaatne. T\u00e4nu koostises olevatele pehmendavatele ainetele niisutab ja toidab huuli. Spetsiaalne komponent suurendab v\u00e4rvi intensiivsust, hoiab \u00e4ra v\u00e4rvi laiali valgumise ja pikendab selle p\u00fcsivust. Huulepulk ei too esile kortsukesi, vaid v\u00f5imendab nende kuju ja t\u00e4idab neid optiliselt.<\/p>\n<p>Tegemist on vegan tootega.<\/p>\n","protected":false},"featured_media":3366,"comment_status":"open","ping_status":"closed","template":"","meta":{"_acf_changed":false,"inline_featured_image":false},"pwb-brand":[],"product_brand":[],"product_cat":[936,974,975],"product_tag":[461,311,335,340,342],"class_list":{"0":"post-3323","1":"product","2":"type-product","3":"status-publish","4":"has-post-thumbnail","6":"product_cat-soodustooted","7":"product_cat-uncategorized","8":"product_cat-dlsjfsdhfahnfoidfhsifhsaufhaiuosfipfisuafis","9":"product_tag-vegan","10":"product_tag-bell","11":"product_tag-huuled","12":"product_tag-huulepulk","13":"product_tag-hypoallergenic","15":"first","16":"outofstock","17":"taxable","18":"shipping-taxable","19":"purchasable","20":"product-type-simple"},"acf":[],"brands":[],"_links":{"self":[{"href":"https:\/\/startlan.ee\/en\/wp-json\/wp\/v2\/product\/3323","targetHints":{"allow":["GET"]}}],"collection":[{"href":"https:\/\/startlan.ee\/en\/wp-json\/wp\/v2\/product"}],"about":[{"href":"https:\/\/startlan.ee\/en\/wp-json\/wp\/v2\/types\/product"}],"replies":[{"embeddable":true,"href":"https:\/\/startlan.ee\/en\/wp-json\/wp\/v2\/comments?post=3323"}],"wp:featuredmedia":[{"embeddable":true,"href":"https:\/\/startlan.ee\/en\/wp-json\/wp\/v2\/media\/3366"}],"wp:attachment":[{"href":"https:\/\/startlan.ee\/en\/wp-json\/wp\/v2\/media?parent=3323"}],"wp:term":[{"taxonomy":"pwb-brand","embeddable":true,"href":"https:\/\/startlan.ee\/en\/wp-json\/wp\/v2\/pwb-brand?post=3323"},{"taxonomy":"product_brand","embeddable":true,"href":"https:\/\/startlan.ee\/en\/wp-json\/wp\/v2\/product_brand?post=3323"},{"taxonomy":"product_cat","embeddable":true,"href":"https:\/\/startlan.ee\/en\/wp-json\/wp\/v2\/product_cat?post=3323"},{"taxonomy":"product_tag","embeddable":true,"href":"https:\/\/startlan.ee\/en\/wp-json\/wp\/v2\/product_tag?post=3323"}],"curies":[{"name":"wp","href":"https:\/\/api.w.org\/{rel}","templated":true}]}}