{"id":29688,"date":"2024-05-24T15:00:18","date_gmt":"2024-05-24T12:00:18","guid":{"rendered":"https:\/\/startlan.ee\/toode\/7days-naomask-romantiline-laupaev-valmistuge-kohtinguks-veriapelsini-ja-papaiaga-28g\/"},"modified":"2026-05-13T18:00:24","modified_gmt":"2026-05-13T15:00:24","slug":"7days-naomask-romantiline-laupaev-valmistuge-kohtinguks-veriapelsini-ja-papaiaga-28g","status":"publish","type":"product","link":"https:\/\/startlan.ee\/en\/toode\/7days-naomask-romantiline-laupaev-valmistuge-kohtinguks-veriapelsini-ja-papaiaga-28g\/","title":{"rendered":"7DAYS n\u00e4omask ROMANTILINE LAUP\u00c4EV Valmistuge kohtinguks veriapelsini ja papaiaga 28g"},"content":{"rendered":"<p>WOW-EFEKT: Laup\u00e4evane mask k\u00f5rvaldab v\u00e4simuse m\u00e4rgid. Veriapelsin parandab elastsust ja niisutab. Papaia muudab naha v\u00e4rskeks ja s\u00e4ravaks \u2013 selle ens\u00fc\u00fcmid niisutavad ja toniseerivad nahka t\u00e4iuslikult. Ainulaadne vitamiinikompleks t\u00e4idab naha energiaga, \u00fchtlustab tekstuuri ja annab sellele jume, mida oled otsinud.<\/p>\n<p>Kasutamine: Kandke mask n\u00e4ole 10-15 minutiks. Seej\u00e4rel peske n\u00e4gu veega.<\/p>\n<p>&nbsp;<\/p>\n<p><strong>KOOSTIS:\u00a0<\/strong>AQUA, GLYCERIN, PROPYLENE GLYCOL, ISONONYL ISONONANOATE, CYCLOpentasiloxane, BUTYROSPERMUM PARKII (SHEA) BUTTER, OLEA EUROPAEA (OLIVE) FRUIT OIL, ARGANIA SPINOSA KERNEL OIL, CARICA PAPAYA (PAPAYA) FRUIT JUICE, VACCINIUM MYRTILLUS FRUIT EXTRACT, SACCHARUM OFFICINARUM (SUGAR CANE) EXTRACT, ACER SACCHARUM (SUGAR MAPLE) EXTRACT, CITRUS AURANTIUM DULCIS (ORANGE) FRUIT EXTRACT, CITRUS LIMON (LEMON) FRUIT EXTRACT, 1,2-HEXANEDIOL, CORN GLUTEN AMINO ACIDS, TREHALOSE, TRIETHYLHEXANOIN, HYDROXYACETOPHENONE, GLYCERYL STEARATE, HYDROXYETHYLCELLULOSE, XANTHAN GUM, PHENOXYETHANOL, SOLUBLE PROTEOGLYCAN, PEG-100 STEARATE, C14-22 ALCOHOLS, C12-20 ALKYL GLUCOSIDE, PANTHENOL, HYDROXYETHYL ACRYLATE\/SODIUM ACRYLOYLDIMETHYL TAURATE COPOLYMER, ALLANTOIN, POLYGLUTAMIC ACID, XYLITYLGLUCOSIDE, NIACINAMIDE, TOCOPHERYL ACETATE, XYLITOL, DISODIUM EDTA, ANHYDROXYLITOL, CHLORPHENESIN, BISABOLOL, ZINGIBER OFFICINALE (GINGER) ROOT EXTRACT, CITRIC ACID, SODIUM BENZOATE, POTASSIUM SORBATE, CANDIDA BOMBICOLA\/GLUCOSE\/METHIL RAPESEEDATE FERMENT, GLUCOSE, PARFUM, LIMONENE.<\/p>\n","protected":false},"excerpt":{"rendered":"<p>WOW-EFEKT: Laup\u00e4evane mask k\u00f5rvaldab v\u00e4simuse m\u00e4rgid. Veriapelsin parandab elastsust ja niisutab. Papaia muudab naha v\u00e4rskeks ja s\u00e4ravaks \u2013 selle ens\u00fc\u00fcmid&#8230;<\/p>\n","protected":false},"featured_media":50134,"comment_status":"open","ping_status":"closed","template":"","meta":{"_acf_changed":false,"inline_featured_image":false},"pwb-brand":[981],"product_brand":[],"product_cat":[866,1071],"product_tag":[],"class_list":{"0":"post-29688","1":"product","2":"type-product","3":"status-publish","4":"has-post-thumbnail","6":"pwb-brand-7days","7":"product_cat-maskid-nagu","8":"product_cat-korea","10":"first","11":"instock","12":"sale","13":"taxable","14":"shipping-taxable","15":"purchasable","16":"product-type-simple"},"acf":[],"brands":[{"id":981,"name":"7Days","slug":"7days"}],"_links":{"self":[{"href":"https:\/\/startlan.ee\/en\/wp-json\/wp\/v2\/product\/29688","targetHints":{"allow":["GET"]}}],"collection":[{"href":"https:\/\/startlan.ee\/en\/wp-json\/wp\/v2\/product"}],"about":[{"href":"https:\/\/startlan.ee\/en\/wp-json\/wp\/v2\/types\/product"}],"replies":[{"embeddable":true,"href":"https:\/\/startlan.ee\/en\/wp-json\/wp\/v2\/comments?post=29688"}],"wp:featuredmedia":[{"embeddable":true,"href":"https:\/\/startlan.ee\/en\/wp-json\/wp\/v2\/media\/50134"}],"wp:attachment":[{"href":"https:\/\/startlan.ee\/en\/wp-json\/wp\/v2\/media?parent=29688"}],"wp:term":[{"taxonomy":"pwb-brand","embeddable":true,"href":"https:\/\/startlan.ee\/en\/wp-json\/wp\/v2\/pwb-brand?post=29688"},{"taxonomy":"product_brand","embeddable":true,"href":"https:\/\/startlan.ee\/en\/wp-json\/wp\/v2\/product_brand?post=29688"},{"taxonomy":"product_cat","embeddable":true,"href":"https:\/\/startlan.ee\/en\/wp-json\/wp\/v2\/product_cat?post=29688"},{"taxonomy":"product_tag","embeddable":true,"href":"https:\/\/startlan.ee\/en\/wp-json\/wp\/v2\/product_tag?post=29688"}],"curies":[{"name":"wp","href":"https:\/\/api.w.org\/{rel}","templated":true}]}}