{"id":29686,"date":"2024-05-24T15:00:18","date_gmt":"2024-05-24T12:00:18","guid":{"rendered":"https:\/\/startlan.ee\/toode\/7days-naomask-aktiivne-neljapaev-parast-sportimist-pojengi-ja-mustikaga-28g\/"},"modified":"2026-05-13T18:00:24","modified_gmt":"2026-05-13T15:00:24","slug":"7days-naomask-aktiivne-neljapaev-parast-sportimist-pojengi-ja-mustikaga-28g","status":"publish","type":"product","link":"https:\/\/startlan.ee\/en\/toode\/7days-naomask-aktiivne-neljapaev-parast-sportimist-pojengi-ja-mustikaga-28g\/","title":{"rendered":"7DAYS n\u00e4omask AKTIIVNE NELJAP\u00c4EV P\u00e4rast sportimist pojengi ja mustikaga 28g"},"content":{"rendered":"<p>WOW-EFEKT: Pojengi ekstrakt taastab elastsuse, niisutab ja pehmendab nahka s\u00fcgavuti. Mustikas tugevdab naha kaitsebarj\u00e4\u00e4ri ja toidab seda vitamiinidega. Shea-, makadaamia- ja jojoba\u00f5lid taaselustavad nahka toitvate koostisosadega, muutes selle pehmeks ja siledaks. H\u00fcaluroonhape tungib s\u00fcgavale nahka ja niisutab seda seestpoolt.<\/p>\n<p>Kasutamine: Kandke mask n\u00e4ole 10-15 minutiks. Seej\u00e4rel peske n\u00e4gu veega.<\/p>\n<p>&nbsp;<\/p>\n<p><strong>KOOSTIS: <\/strong>AQUA, GLYCERIN, PROPYLENE GLYCOL, ISONONYL ISONONANOATE, CYCLOPENTASILOXANE, BUTYROSPERMUM PARKII (SHEA) BUTTER, OLEA EUROPAEA (OLIVE) FRUIT OIL, ARGANIA SPINOSA KERNEL OIL, MACADAMIA TERNIFOLIA SEED OIL, SIMMONDSIA CHINENSIS (JOJOBA) SEED OIL, PAEONIA SUFFRUTICOSA ROOT EXTRACT, 1,2-HEXANEDIOL, CORN GLUTEN AMINO ACIDS, TREHALOSE, TRIETHYLHEXANOIN, HYDROXYACETOPHENONE, GLYCERYL STEARATE, HYDROXYETHYLCELLULOSE, XANTHAN GUM, PHENOXYETHANOL, SOLUBLE PROTEOGLYCAN, PEG-100 STEARATE, C14-22 ALCOHOLS, C12-20 ALKYL GLUCOSIDE, PANTHENOL, HYDROXYETHYL ACRYLATE\/SODIUM ACRYLOYLDIMETHYL TAURATE COPOLYMER, ALLANTOIN, POLYGLUTAMIC ACID, XYLITYLGLUCOSIDE, NIACINAMIDE, TOCOPHERYL ACETATE, XYLITOL, DISODIUM EDTA, ANHYDROXYLITOL, CHLORPHENESIN, BISABOLOL, HYALURONIC ACID, ZINGIBER OFFICINALE (GINGER) ROOT EXTRACT, VACCINIUM ANGUSTIFOLIUM (BLUEBERRY) FRUIT EXTRACT, CANDIDA BOMBICOLA\/ GLUCOSE\/METHYL RAPESEEDATE FERMENT, GLUCOSE, BUTYLENE GLYCOL, ETHYLHEXYLGLYCERIN, PARFUM.<\/p>\n","protected":false},"excerpt":{"rendered":"<p>WOW-EFEKT: Pojengi ekstrakt taastab elastsuse, niisutab ja pehmendab nahka s\u00fcgavuti. Mustikas tugevdab naha kaitsebarj\u00e4\u00e4ri ja toidab seda vitamiinidega. Shea-, makadaamia-&#8230;<\/p>\n","protected":false},"featured_media":50139,"comment_status":"open","ping_status":"closed","template":"","meta":{"_acf_changed":false,"inline_featured_image":false},"pwb-brand":[981],"product_brand":[],"product_cat":[866,1071],"product_tag":[],"class_list":{"0":"post-29686","1":"product","2":"type-product","3":"status-publish","4":"has-post-thumbnail","6":"pwb-brand-7days","7":"product_cat-maskid-nagu","8":"product_cat-korea","10":"first","11":"instock","12":"sale","13":"taxable","14":"shipping-taxable","15":"purchasable","16":"product-type-simple"},"acf":[],"brands":[{"id":981,"name":"7Days","slug":"7days"}],"_links":{"self":[{"href":"https:\/\/startlan.ee\/en\/wp-json\/wp\/v2\/product\/29686","targetHints":{"allow":["GET"]}}],"collection":[{"href":"https:\/\/startlan.ee\/en\/wp-json\/wp\/v2\/product"}],"about":[{"href":"https:\/\/startlan.ee\/en\/wp-json\/wp\/v2\/types\/product"}],"replies":[{"embeddable":true,"href":"https:\/\/startlan.ee\/en\/wp-json\/wp\/v2\/comments?post=29686"}],"wp:featuredmedia":[{"embeddable":true,"href":"https:\/\/startlan.ee\/en\/wp-json\/wp\/v2\/media\/50139"}],"wp:attachment":[{"href":"https:\/\/startlan.ee\/en\/wp-json\/wp\/v2\/media?parent=29686"}],"wp:term":[{"taxonomy":"pwb-brand","embeddable":true,"href":"https:\/\/startlan.ee\/en\/wp-json\/wp\/v2\/pwb-brand?post=29686"},{"taxonomy":"product_brand","embeddable":true,"href":"https:\/\/startlan.ee\/en\/wp-json\/wp\/v2\/product_brand?post=29686"},{"taxonomy":"product_cat","embeddable":true,"href":"https:\/\/startlan.ee\/en\/wp-json\/wp\/v2\/product_cat?post=29686"},{"taxonomy":"product_tag","embeddable":true,"href":"https:\/\/startlan.ee\/en\/wp-json\/wp\/v2\/product_tag?post=29686"}],"curies":[{"name":"wp","href":"https:\/\/api.w.org\/{rel}","templated":true}]}}