{"id":29684,"date":"2024-05-24T15:00:17","date_gmt":"2024-05-24T12:00:17","guid":{"rendered":"https:\/\/startlan.ee\/toode\/77days-naomask-roomus-teisipaev-vastumurk-pahale-tujule-meloni-ja-piparmundiga-28g\/"},"modified":"2026-05-13T18:00:24","modified_gmt":"2026-05-13T15:00:24","slug":"77days-naomask-roomus-teisipaev-vastumurk-pahale-tujule-meloni-ja-piparmundiga-28g","status":"publish","type":"product","link":"https:\/\/startlan.ee\/en\/toode\/77days-naomask-roomus-teisipaev-vastumurk-pahale-tujule-meloni-ja-piparmundiga-28g\/","title":{"rendered":"7DAYS n\u00e4omask R\u00d5\u00d5MUS TEISIP\u00c4EV Vastum\u00fcrk pahale tujule meloni ja piparm\u00fcndiga 28g"},"content":{"rendered":"<p>WOW-EFEKT: Melon kiirendab naha taastumist, \u00fchtlustab toonust ja kaitseb kahjulike keskkonnategurite eest. M\u00fcndi ekstrakt v\u00e4rskendab, jahutab ja toidab nahka. Selle ainulaadne vitamiinikompleks t\u00e4idab naha energiaga, \u00fchtlustab tekstuuri ja annab sellele jume, mida oled otsinud.<\/p>\n<p>Kasutamine: Kandke mask n\u00e4ole 10-15 minutiks. Seej\u00e4rel peske n\u00e4gu veega.<\/p>\n<p>&nbsp;<\/p>\n<p><strong>KOOSTIS<\/strong>: AQUA, GLYCERIN, PROPYLENE GLYCOL, ISONONYL ISONONANOATE, CYCLOPENTASILOXANE, BUTYROSPERMUM PARKII (SHEA) BUTTER, OLEA EUROPAEA FRUIT OIL, ARGANIA SPINOSA KERNEL OIL, ACTINIDIA CHINENSIS FRUIT EXTRACT, CUCUMIS MELO FRUIT EXTRACT, 1,2-HEXANEDIOL, CORN GLUTEN AMINO ACIDS, TREHALOSE, TRIETHYLHEXANOIN, HYDROXYACETOPHENONE, GLYCERYL STEARATE, HYDROXYETHYLCELLULOSE, XANTHAN GUM, PHENOXYETHANOL, SOLUBLE PROTEOGLYCAN, PEG-100 STEARATE, C14-22 ALCOHOLS, C12-20 ALKYL GLUCOSIDE, PANTHENOL, HYDROXYETHYL ACRYLATE\/SODIUM ACRYLOYLDIMETHYL TAURATE COPOLYMER, ALLANTOIN, POLYGLUTAMIC ACID, XYLITYLGLUCOSIDE, NIACINAMIDE, TOCOPHERYL ACETATE, XYLITOL, DISODIUM EDTA, ANHYDROXYLITOL, CHLORPHENESIN, BISABOLOL, ZINGIBER OFFICINALE ROOT EXTRACT, PENTYLENE GLYCOL, MENTHA PIPERITA LEAF EXTRACT, CANDIDA BOMBICOLA\/GLUCOSE\/METHYL RAPESEEDATE FERMENT, GLUCOSE, BUTYLENE GLYCOL, CITRIC ACID, SODIUM BENZOATE, POTASSIUM SORBATE, PARFUM.<\/p>\n","protected":false},"excerpt":{"rendered":"<p>WOW-EFEKT: Melon kiirendab naha taastumist, \u00fchtlustab toonust ja kaitseb kahjulike keskkonnategurite eest. M\u00fcndi ekstrakt v\u00e4rskendab, jahutab ja toidab nahka. Selle&#8230;<\/p>\n","protected":false},"featured_media":50125,"comment_status":"open","ping_status":"closed","template":"","meta":{"_acf_changed":false,"inline_featured_image":false},"pwb-brand":[981],"product_brand":[],"product_cat":[866,1071],"product_tag":[],"class_list":{"0":"post-29684","1":"product","2":"type-product","3":"status-publish","4":"has-post-thumbnail","6":"pwb-brand-7days","7":"product_cat-maskid-nagu","8":"product_cat-korea","10":"first","11":"instock","12":"sale","13":"taxable","14":"shipping-taxable","15":"purchasable","16":"product-type-simple"},"acf":[],"brands":[{"id":981,"name":"7Days","slug":"7days"}],"_links":{"self":[{"href":"https:\/\/startlan.ee\/en\/wp-json\/wp\/v2\/product\/29684","targetHints":{"allow":["GET"]}}],"collection":[{"href":"https:\/\/startlan.ee\/en\/wp-json\/wp\/v2\/product"}],"about":[{"href":"https:\/\/startlan.ee\/en\/wp-json\/wp\/v2\/types\/product"}],"replies":[{"embeddable":true,"href":"https:\/\/startlan.ee\/en\/wp-json\/wp\/v2\/comments?post=29684"}],"wp:featuredmedia":[{"embeddable":true,"href":"https:\/\/startlan.ee\/en\/wp-json\/wp\/v2\/media\/50125"}],"wp:attachment":[{"href":"https:\/\/startlan.ee\/en\/wp-json\/wp\/v2\/media?parent=29684"}],"wp:term":[{"taxonomy":"pwb-brand","embeddable":true,"href":"https:\/\/startlan.ee\/en\/wp-json\/wp\/v2\/pwb-brand?post=29684"},{"taxonomy":"product_brand","embeddable":true,"href":"https:\/\/startlan.ee\/en\/wp-json\/wp\/v2\/product_brand?post=29684"},{"taxonomy":"product_cat","embeddable":true,"href":"https:\/\/startlan.ee\/en\/wp-json\/wp\/v2\/product_cat?post=29684"},{"taxonomy":"product_tag","embeddable":true,"href":"https:\/\/startlan.ee\/en\/wp-json\/wp\/v2\/product_tag?post=29684"}],"curies":[{"name":"wp","href":"https:\/\/api.w.org\/{rel}","templated":true}]}}