{"id":29682,"date":"2024-05-24T15:00:17","date_gmt":"2024-05-24T12:00:17","guid":{"rendered":"https:\/\/startlan.ee\/toode\/7days-govegan-naomask-teisipaev-yellow-day-vapustavaks-hommikuks-25g\/"},"modified":"2026-05-13T18:00:23","modified_gmt":"2026-05-13T15:00:23","slug":"7days-govegan-naomask-teisipaev-yellow-day-vapustavaks-hommikuks-25g","status":"publish","type":"product","link":"https:\/\/startlan.ee\/en\/toode\/7days-govegan-naomask-teisipaev-yellow-day-vapustavaks-hommikuks-25g\/","title":{"rendered":"7DAYS GoVEGAN n\u00e4omask Teisip\u00e4ev YELLOW DAY vapustavaks hommikuks 25g"},"content":{"rendered":"<p>WOW-EFEKT: Pirniekstrakt, mis on \u00fcks maski koostisosadest, niisutab s\u00fcgavuti ja hoiab \u00e4ra naha kuivuse. Mandli\u00f5li ja banaaniekstrakt toidavad ja rahustavad nahka, pakkudes intensiivset hooldust ja muutes naha s\u00e4ravaks!<\/p>\n<p>Kasutamine: Kandke mask n\u00e4ole 10-15 minutiks. Seej\u00e4rel peske n\u00e4gu veega.<\/p>\n<p>&nbsp;<\/p>\n<p><strong>KOOSTIS<\/strong>:<strong>\u00a0<\/strong>AQUA, PROPANEDIOL, GLYCERIN, PRUNUS AMYGDALUS DULCIS (SWEET ALMOND) OIL, MUSA SAPIENTUM (BANANA) FRUIT EXTRACT, PYRUS COMMUNIS (PEAR) SEED EXTRACT, HYDROLYZED HYALURONIC ACID, HYDROXYACETOPHENONE, XANTHAN GUM, 1,2-HEXANEDIOL, PHENOXYETHANOL, HYDROXYETHYLCELLULOSE, POLYGLYCERYL-10 MYRISTATE, INOSITOL, PHYTOSTEROLS, SACCHARIDE ISOMERATE, CITRIC ACID, SODIUM CITRATE, PHYTIC ACID, BUTYLENE GLYCOL, ETHYLHEXYLGLYCERIN, PARFUM.<\/p>\n","protected":false},"excerpt":{"rendered":"<p>WOW-EFEKT: Pirniekstrakt, mis on \u00fcks maski koostisosadest, niisutab s\u00fcgavuti ja hoiab \u00e4ra naha kuivuse. Mandli\u00f5li ja banaaniekstrakt toidavad ja rahustavad&#8230;<\/p>\n","protected":false},"featured_media":50130,"comment_status":"open","ping_status":"closed","template":"","meta":{"_acf_changed":false,"inline_featured_image":false},"pwb-brand":[981],"product_brand":[],"product_cat":[866,868,1071],"product_tag":[984],"class_list":{"0":"post-29682","1":"product","2":"type-product","3":"status-publish","4":"has-post-thumbnail","6":"pwb-brand-7days","7":"product_cat-maskid-nagu","8":"product_cat-looduskosmeetika","9":"product_cat-korea","10":"product_tag-govegan-naomaskid","12":"first","13":"instock","14":"sale","15":"taxable","16":"shipping-taxable","17":"purchasable","18":"product-type-simple"},"acf":[],"brands":[{"id":981,"name":"7Days","slug":"7days"}],"_links":{"self":[{"href":"https:\/\/startlan.ee\/en\/wp-json\/wp\/v2\/product\/29682","targetHints":{"allow":["GET"]}}],"collection":[{"href":"https:\/\/startlan.ee\/en\/wp-json\/wp\/v2\/product"}],"about":[{"href":"https:\/\/startlan.ee\/en\/wp-json\/wp\/v2\/types\/product"}],"replies":[{"embeddable":true,"href":"https:\/\/startlan.ee\/en\/wp-json\/wp\/v2\/comments?post=29682"}],"wp:featuredmedia":[{"embeddable":true,"href":"https:\/\/startlan.ee\/en\/wp-json\/wp\/v2\/media\/50130"}],"wp:attachment":[{"href":"https:\/\/startlan.ee\/en\/wp-json\/wp\/v2\/media?parent=29682"}],"wp:term":[{"taxonomy":"pwb-brand","embeddable":true,"href":"https:\/\/startlan.ee\/en\/wp-json\/wp\/v2\/pwb-brand?post=29682"},{"taxonomy":"product_brand","embeddable":true,"href":"https:\/\/startlan.ee\/en\/wp-json\/wp\/v2\/product_brand?post=29682"},{"taxonomy":"product_cat","embeddable":true,"href":"https:\/\/startlan.ee\/en\/wp-json\/wp\/v2\/product_cat?post=29682"},{"taxonomy":"product_tag","embeddable":true,"href":"https:\/\/startlan.ee\/en\/wp-json\/wp\/v2\/product_tag?post=29682"}],"curies":[{"name":"wp","href":"https:\/\/api.w.org\/{rel}","templated":true}]}}