{"id":29670,"date":"2024-05-24T13:00:20","date_gmt":"2024-05-24T10:00:20","guid":{"rendered":"https:\/\/startlan.ee\/toode\/7days-naomask-dunaamiline-esmaspaev-parast-pikka-toopaeva-paju-ja-kakaoubadega-28g\/"},"modified":"2026-05-13T18:00:24","modified_gmt":"2026-05-13T15:00:24","slug":"7days-naomask-dunaamiline-esmaspaev-parast-pikka-toopaeva-paju-ja-kakaoubadega-28g","status":"publish","type":"product","link":"https:\/\/startlan.ee\/en\/toode\/7days-naomask-dunaamiline-esmaspaev-parast-pikka-toopaeva-paju-ja-kakaoubadega-28g\/","title":{"rendered":"7DAYS n\u00e4omask D\u00dcNAAMILINE ESMASP\u00c4EV P\u00e4rast pikka t\u00f6\u00f6p\u00e4eva paju ja kakaoubadega 28g"},"content":{"rendered":"<p>WOW-EFEKT: Esmasp\u00e4evane mask on esimene samm sinu teekonnal unistuste naha poole! Pajuekstrakt puhastab \u00f5rnalt, \u00fchtlustab nahatooni ja minimeerib poore. H\u00fcaluroonhape ja ainulaadne niisutav kompleks suurendavad elastsust. Kakaooad on t\u00e4is \u00fchendeid, mis pehmendavad ja toidavad nahka, muutes selle pehmeks ja sametiseks.<\/p>\n<p>Kasutamine: Kandke mask n\u00e4ole 10-15 minutiks. Seej\u00e4rel peske n\u00e4gu veega.<\/p>\n<p>&nbsp;<\/p>\n<p><strong>KOOSTIS<\/strong>: Aqua, Glycerin, Propylene Glycol, Isononyl Isononanoate, Cyclopentasiloxane, Butyrospermum Parkii (Shea) Butter, Olea Europaea (Olive) Fruit Oil, Argania Spinosa Kernel Oil, Salix Alba (Willow) Bark Extract, Theobroma Cacao (Cocoa) Seed Extract, 1,2-Hexanediol, Corn Gluten Amino Acids, Trehalose, Triethylhexanoin Candida Bombicola\/Glucose\/Methyl Rapeseedate Ferment, Glucose, Butylene Glycol, Ethylhexylglycerin, Parfum, Hydroxyacetophenone, Glyceryl Stearate, Hydroxyethylcellulose, Xanthan Gum, Phenoxyethanol, Soluble Proteoglycan, PEG-100 Stearate, C14-22 Alcohols, C12-20 Alkyl Glucoside, Panthenol, Hydroxyethyl Acrylate\/Sodium Acryloyldimethyl Taurate Copolymer, Allantoin, Polyglutamic Acid, Xylitylglucoside, Niacinamide, Tocopheryl Acetate, Xylitol, Disodium EDTA, Anhydroxylitol, Chlorphenesin, Bisabolol, Hyaluronic Acid, Zingiber Officinale (Ginger) Root Extract.<\/p>\n","protected":false},"excerpt":{"rendered":"<p>WOW-EFEKT: Esmasp\u00e4evane mask on esimene samm sinu teekonnal unistuste naha poole! Pajuekstrakt puhastab \u00f5rnalt, \u00fchtlustab nahatooni ja minimeerib poore. H\u00fcaluroonhape&#8230;<\/p>\n","protected":false},"featured_media":50115,"comment_status":"open","ping_status":"closed","template":"","meta":{"_acf_changed":false,"inline_featured_image":false},"pwb-brand":[981],"product_brand":[],"product_cat":[866,1071],"product_tag":[],"class_list":{"0":"post-29670","1":"product","2":"type-product","3":"status-publish","4":"has-post-thumbnail","6":"pwb-brand-7days","7":"product_cat-maskid-nagu","8":"product_cat-korea","10":"first","11":"instock","12":"sale","13":"taxable","14":"shipping-taxable","15":"purchasable","16":"product-type-simple"},"acf":[],"brands":[{"id":981,"name":"7Days","slug":"7days"}],"_links":{"self":[{"href":"https:\/\/startlan.ee\/en\/wp-json\/wp\/v2\/product\/29670","targetHints":{"allow":["GET"]}}],"collection":[{"href":"https:\/\/startlan.ee\/en\/wp-json\/wp\/v2\/product"}],"about":[{"href":"https:\/\/startlan.ee\/en\/wp-json\/wp\/v2\/types\/product"}],"replies":[{"embeddable":true,"href":"https:\/\/startlan.ee\/en\/wp-json\/wp\/v2\/comments?post=29670"}],"wp:featuredmedia":[{"embeddable":true,"href":"https:\/\/startlan.ee\/en\/wp-json\/wp\/v2\/media\/50115"}],"wp:attachment":[{"href":"https:\/\/startlan.ee\/en\/wp-json\/wp\/v2\/media?parent=29670"}],"wp:term":[{"taxonomy":"pwb-brand","embeddable":true,"href":"https:\/\/startlan.ee\/en\/wp-json\/wp\/v2\/pwb-brand?post=29670"},{"taxonomy":"product_brand","embeddable":true,"href":"https:\/\/startlan.ee\/en\/wp-json\/wp\/v2\/product_brand?post=29670"},{"taxonomy":"product_cat","embeddable":true,"href":"https:\/\/startlan.ee\/en\/wp-json\/wp\/v2\/product_cat?post=29670"},{"taxonomy":"product_tag","embeddable":true,"href":"https:\/\/startlan.ee\/en\/wp-json\/wp\/v2\/product_tag?post=29670"}],"curies":[{"name":"wp","href":"https:\/\/api.w.org\/{rel}","templated":true}]}}