{"id":29533,"date":"2024-05-14T14:01:42","date_gmt":"2024-05-14T11:01:42","guid":{"rendered":"https:\/\/startlan.ee\/toode\/dr-scheller-sheavoi-100-orgaaniline-50ml\/"},"modified":"2026-05-13T18:02:02","modified_gmt":"2026-05-13T15:02:02","slug":"dr-scheller-sheavoi-100-orgaaniline-50ml","status":"publish","type":"product","link":"https:\/\/startlan.ee\/en\/toode\/dr-scheller-sheavoi-100-orgaaniline-50ml\/","title":{"rendered":"Dr. Scheller Sheav\u00f5i 100% orgaaniline 48g"},"content":{"rendered":"<p>DR.SCHELLER 100% puhas sheav\u00f5ikreem avaldab muljet oma rikkaliku toime poolest. Kreem koosneb 100% sheav\u00f5ist ja sobib nahale, huulepiirkonnale ja ka juustele. Kreemil on intensiivne niisutav toime, mis v\u00e4hendab pingetunnet ja moodustab nahale kaitsva barj\u00e4\u00e4ri. Juuksed saavad s\u00e4ra ja elastsuse. L\u00f5hnavaba.<\/p>\n<p>Kasutamine: &#8220;Nahk: soojendage v\u00e4ike kogus k\u00e4te vahel, seej\u00e4rel kandke toode puhtale nahale v\u00f5i huultele ja masseerige. Kasuta vastavalt vajadusele.<br \/>\nJuuksed: kandke v\u00e4ike kogus juustesse, laske m\u00f5juda 15 minutit, seej\u00e4rel loputage hoolikalt.&#8221;<\/p>\n","protected":false},"excerpt":{"rendered":"<p>DR.SCHELLER 100% puhas sheav\u00f5ikreem avaldab muljet oma rikkaliku toime poolest. Kreem koosneb 100% sheav\u00f5ist ja sobib nahale, huulepiirkonnale ja ka&#8230;<\/p>\n","protected":false},"featured_media":29553,"comment_status":"open","ping_status":"closed","template":"","meta":{"_acf_changed":false,"inline_featured_image":false},"pwb-brand":[978],"product_brand":[],"product_cat":[853,872,927],"product_tag":[],"class_list":{"0":"post-29533","1":"product","2":"type-product","3":"status-publish","4":"has-post-thumbnail","6":"pwb-brand-dr-scheller","7":"product_cat-juuksed","8":"product_cat-kehakreemid-ihupiimad","9":"product_cat-apteegikosmeetika","11":"first","12":"instock","13":"taxable","14":"shipping-taxable","15":"purchasable","16":"product-type-simple"},"acf":[],"brands":[{"id":978,"name":"Dr. Scheller","slug":"dr-scheller"}],"_links":{"self":[{"href":"https:\/\/startlan.ee\/en\/wp-json\/wp\/v2\/product\/29533","targetHints":{"allow":["GET"]}}],"collection":[{"href":"https:\/\/startlan.ee\/en\/wp-json\/wp\/v2\/product"}],"about":[{"href":"https:\/\/startlan.ee\/en\/wp-json\/wp\/v2\/types\/product"}],"replies":[{"embeddable":true,"href":"https:\/\/startlan.ee\/en\/wp-json\/wp\/v2\/comments?post=29533"}],"wp:featuredmedia":[{"embeddable":true,"href":"https:\/\/startlan.ee\/en\/wp-json\/wp\/v2\/media\/29553"}],"wp:attachment":[{"href":"https:\/\/startlan.ee\/en\/wp-json\/wp\/v2\/media?parent=29533"}],"wp:term":[{"taxonomy":"pwb-brand","embeddable":true,"href":"https:\/\/startlan.ee\/en\/wp-json\/wp\/v2\/pwb-brand?post=29533"},{"taxonomy":"product_brand","embeddable":true,"href":"https:\/\/startlan.ee\/en\/wp-json\/wp\/v2\/product_brand?post=29533"},{"taxonomy":"product_cat","embeddable":true,"href":"https:\/\/startlan.ee\/en\/wp-json\/wp\/v2\/product_cat?post=29533"},{"taxonomy":"product_tag","embeddable":true,"href":"https:\/\/startlan.ee\/en\/wp-json\/wp\/v2\/product_tag?post=29533"}],"curies":[{"name":"wp","href":"https:\/\/api.w.org\/{rel}","templated":true}]}}