{"id":29532,"date":"2024-05-14T14:01:42","date_gmt":"2024-05-14T11:01:42","guid":{"rendered":"https:\/\/startlan.ee\/toode\/dr-scheller-kastooroli-100-orgaaniline-30ml\/"},"modified":"2026-05-13T18:02:02","modified_gmt":"2026-05-13T15:02:02","slug":"dr-scheller-kastooroli-100-orgaaniline-30ml","status":"publish","type":"product","link":"https:\/\/startlan.ee\/en\/toode\/dr-scheller-kastooroli-100-orgaaniline-30ml\/","title":{"rendered":"Dr. Scheller Kastoor\u00f5li 100% orgaaniline 30ml"},"content":{"rendered":"<p>DR. SCHELLERi 100% puhas kastoor\u00f5li on t\u00f5eline universaal: praktiline orgaaniline \u00f5li sobib nii nahale kui ka juustele. L\u00f5hnavaba, toetab juuste, kulmude ja ripsmete kasvu ning annab neile hingematvalt kauni s\u00e4ra. V\u00f5ib kasutada ka n\u00e4o\u00f5lina, toidab intensiivselt kuiva nahka.<\/p>\n<p>Kasutamine: Kandke puhtale nahale v\u00f5i hajutage juustele, kulmudele ja ripsmetele.<\/p>\n","protected":false},"excerpt":{"rendered":"<p>DR. SCHELLERi 100% puhas kastoor\u00f5li on t\u00f5eline universaal: praktiline orgaaniline \u00f5li sobib nii nahale kui ka juustele. L\u00f5hnavaba, toetab juuste,&#8230;<\/p>\n","protected":false},"featured_media":29536,"comment_status":"open","ping_status":"closed","template":"","meta":{"_acf_changed":false,"inline_featured_image":false},"pwb-brand":[978],"product_brand":[],"product_cat":[865,868,927,857],"product_tag":[],"class_list":{"0":"post-29532","1":"product","2":"type-product","3":"status-publish","4":"has-post-thumbnail","6":"pwb-brand-dr-scheller","7":"product_cat-seerumid-ja-kontsentraadid","8":"product_cat-looduskosmeetika","9":"product_cat-apteegikosmeetika","10":"product_cat-seerumid","12":"first","13":"instock","14":"taxable","15":"shipping-taxable","16":"purchasable","17":"product-type-simple"},"acf":[],"brands":[{"id":978,"name":"Dr. Scheller","slug":"dr-scheller"}],"_links":{"self":[{"href":"https:\/\/startlan.ee\/en\/wp-json\/wp\/v2\/product\/29532","targetHints":{"allow":["GET"]}}],"collection":[{"href":"https:\/\/startlan.ee\/en\/wp-json\/wp\/v2\/product"}],"about":[{"href":"https:\/\/startlan.ee\/en\/wp-json\/wp\/v2\/types\/product"}],"replies":[{"embeddable":true,"href":"https:\/\/startlan.ee\/en\/wp-json\/wp\/v2\/comments?post=29532"}],"wp:featuredmedia":[{"embeddable":true,"href":"https:\/\/startlan.ee\/en\/wp-json\/wp\/v2\/media\/29536"}],"wp:attachment":[{"href":"https:\/\/startlan.ee\/en\/wp-json\/wp\/v2\/media?parent=29532"}],"wp:term":[{"taxonomy":"pwb-brand","embeddable":true,"href":"https:\/\/startlan.ee\/en\/wp-json\/wp\/v2\/pwb-brand?post=29532"},{"taxonomy":"product_brand","embeddable":true,"href":"https:\/\/startlan.ee\/en\/wp-json\/wp\/v2\/product_brand?post=29532"},{"taxonomy":"product_cat","embeddable":true,"href":"https:\/\/startlan.ee\/en\/wp-json\/wp\/v2\/product_cat?post=29532"},{"taxonomy":"product_tag","embeddable":true,"href":"https:\/\/startlan.ee\/en\/wp-json\/wp\/v2\/product_tag?post=29532"}],"curies":[{"name":"wp","href":"https:\/\/api.w.org\/{rel}","templated":true}]}}