{"id":29531,"date":"2024-05-14T14:01:41","date_gmt":"2024-05-14T11:01:41","guid":{"rendered":"https:\/\/startlan.ee\/toode\/dr-scheller-jojobaoli-100-orgaaniline-30ml\/"},"modified":"2026-05-13T18:02:02","modified_gmt":"2026-05-13T15:02:02","slug":"dr-scheller-jojobaoli-100-orgaaniline-30ml","status":"publish","type":"product","link":"https:\/\/startlan.ee\/en\/toode\/dr-scheller-jojobaoli-100-orgaaniline-30ml\/","title":{"rendered":"Dr. Scheller Jojoba\u00f5li 100% orgaaniline 30ml"},"content":{"rendered":"<p>DR.SCHELLER 100% puhtas orgaaniline jojoba\u00f5li toetab naha loomulikku kaitsebarj\u00e4\u00e4ri ja suurendab naha s\u00e4ra. Vedel vaha on toitvate omadustega ning sobib ideaalselt kuivale peanahat\u00fc\u00fcbile ja kahjustatud juustele, kuivale nahale.<\/p>\n<p>Kasutamine:<br \/>\n&#8220;Nahk: kandke vajadusel puhtale nahale ja masseerige \u00f5rnalt.<br \/>\nJuuksed: kandke juuste otstesse.<br \/>\nJuuksemask: kandke peanahale ja juustele ning loputage 10 minuti p\u00e4rast hoolikalt.&#8221;<\/p>\n","protected":false},"excerpt":{"rendered":"<p>DR.SCHELLER 100% puhtas orgaaniline jojoba\u00f5li toetab naha loomulikku kaitsebarj\u00e4\u00e4ri ja suurendab naha s\u00e4ra. Vedel vaha on toitvate omadustega ning sobib&#8230;<\/p>\n","protected":false},"featured_media":29550,"comment_status":"open","ping_status":"closed","template":"","meta":{"_acf_changed":false,"inline_featured_image":false},"pwb-brand":[978],"product_brand":[],"product_cat":[857,865,868,927],"product_tag":[],"class_list":{"0":"post-29531","1":"product","2":"type-product","3":"status-publish","4":"has-post-thumbnail","6":"pwb-brand-dr-scheller","7":"product_cat-seerumid","8":"product_cat-seerumid-ja-kontsentraadid","9":"product_cat-looduskosmeetika","10":"product_cat-apteegikosmeetika","12":"first","13":"instock","14":"taxable","15":"shipping-taxable","16":"purchasable","17":"product-type-simple"},"acf":[],"brands":[{"id":978,"name":"Dr. Scheller","slug":"dr-scheller"}],"_links":{"self":[{"href":"https:\/\/startlan.ee\/en\/wp-json\/wp\/v2\/product\/29531","targetHints":{"allow":["GET"]}}],"collection":[{"href":"https:\/\/startlan.ee\/en\/wp-json\/wp\/v2\/product"}],"about":[{"href":"https:\/\/startlan.ee\/en\/wp-json\/wp\/v2\/types\/product"}],"replies":[{"embeddable":true,"href":"https:\/\/startlan.ee\/en\/wp-json\/wp\/v2\/comments?post=29531"}],"wp:featuredmedia":[{"embeddable":true,"href":"https:\/\/startlan.ee\/en\/wp-json\/wp\/v2\/media\/29550"}],"wp:attachment":[{"href":"https:\/\/startlan.ee\/en\/wp-json\/wp\/v2\/media?parent=29531"}],"wp:term":[{"taxonomy":"pwb-brand","embeddable":true,"href":"https:\/\/startlan.ee\/en\/wp-json\/wp\/v2\/pwb-brand?post=29531"},{"taxonomy":"product_brand","embeddable":true,"href":"https:\/\/startlan.ee\/en\/wp-json\/wp\/v2\/product_brand?post=29531"},{"taxonomy":"product_cat","embeddable":true,"href":"https:\/\/startlan.ee\/en\/wp-json\/wp\/v2\/product_cat?post=29531"},{"taxonomy":"product_tag","embeddable":true,"href":"https:\/\/startlan.ee\/en\/wp-json\/wp\/v2\/product_tag?post=29531"}],"curies":[{"name":"wp","href":"https:\/\/api.w.org\/{rel}","templated":true}]}}