{"id":28884,"date":"2024-04-04T08:58:03","date_gmt":"2024-04-04T06:58:03","guid":{"rendered":"https:\/\/startlan.ee\/toode\/dr-scheller-huulepalsam-meliss-kaitsev-48g\/"},"modified":"2026-05-13T18:02:01","modified_gmt":"2026-05-13T15:02:01","slug":"dr-scheller-huulepalsam-meliss-kaitsev-48g","status":"publish","type":"product","link":"https:\/\/startlan.ee\/en\/toode\/dr-scheller-huulepalsam-meliss-kaitsev-48g\/","title":{"rendered":"Dr. Scheller Huulepalsam Meliss kaitsev 4,8g"},"content":{"rendered":"<p>Rikkalik sheav\u00f5i ja h\u00fcaluroonhappega vananemisvastase toimega huulepalsam siledate ja kaitstud huulte jaoks.Kanna \u00f5rnalt huultele nii tihti kui vaja.<\/p>\n","protected":false},"excerpt":{"rendered":"<p>Rikkalik sheav\u00f5i ja h\u00fcaluroonhappega vananemisvastase toimega huulepalsam siledate ja kaitstud huulte jaoks.Kanna \u00f5rnalt huultele nii tihti kui vaja.<\/p>\n","protected":false},"featured_media":50939,"comment_status":"open","ping_status":"closed","template":"","meta":{"_acf_changed":false,"inline_featured_image":false},"pwb-brand":[978],"product_brand":[],"product_cat":[923,927,1036],"product_tag":[],"class_list":{"0":"post-28884","1":"product","2":"type-product","3":"status-publish","4":"has-post-thumbnail","6":"pwb-brand-dr-scheller","7":"product_cat-apteegikaubad","8":"product_cat-apteegikosmeetika","9":"product_cat-huulehooldus","11":"first","12":"instock","13":"taxable","14":"shipping-taxable","15":"purchasable","16":"product-type-simple"},"acf":[],"brands":[{"id":978,"name":"Dr. Scheller","slug":"dr-scheller"}],"_links":{"self":[{"href":"https:\/\/startlan.ee\/en\/wp-json\/wp\/v2\/product\/28884","targetHints":{"allow":["GET"]}}],"collection":[{"href":"https:\/\/startlan.ee\/en\/wp-json\/wp\/v2\/product"}],"about":[{"href":"https:\/\/startlan.ee\/en\/wp-json\/wp\/v2\/types\/product"}],"replies":[{"embeddable":true,"href":"https:\/\/startlan.ee\/en\/wp-json\/wp\/v2\/comments?post=28884"}],"wp:featuredmedia":[{"embeddable":true,"href":"https:\/\/startlan.ee\/en\/wp-json\/wp\/v2\/media\/50939"}],"wp:attachment":[{"href":"https:\/\/startlan.ee\/en\/wp-json\/wp\/v2\/media?parent=28884"}],"wp:term":[{"taxonomy":"pwb-brand","embeddable":true,"href":"https:\/\/startlan.ee\/en\/wp-json\/wp\/v2\/pwb-brand?post=28884"},{"taxonomy":"product_brand","embeddable":true,"href":"https:\/\/startlan.ee\/en\/wp-json\/wp\/v2\/product_brand?post=28884"},{"taxonomy":"product_cat","embeddable":true,"href":"https:\/\/startlan.ee\/en\/wp-json\/wp\/v2\/product_cat?post=28884"},{"taxonomy":"product_tag","embeddable":true,"href":"https:\/\/startlan.ee\/en\/wp-json\/wp\/v2\/product_tag?post=28884"}],"curies":[{"name":"wp","href":"https:\/\/api.w.org\/{rel}","templated":true}]}}