{"id":28883,"date":"2024-04-04T08:58:03","date_gmt":"2024-04-04T06:58:03","guid":{"rendered":"https:\/\/startlan.ee\/toode\/dr-scheller-katekreem-saialill-75ml\/"},"modified":"2026-05-13T18:31:04","modified_gmt":"2026-05-13T15:31:04","slug":"dr-scheller-katekreem-saialill-75ml","status":"publish","type":"product","link":"https:\/\/startlan.ee\/en\/toode\/dr-scheller-katekreem-saialill-75ml\/","title":{"rendered":"Dr. Scheller K\u00e4tekreem Saialill 81g"},"content":{"rendered":"<p>Intensiivselt kaitsev saialille ning A ja E vitamiinidega k\u00e4tekreem, mis rahustab ja toidab koheselt karedaid ja kuivi k\u00e4si. Kanna vajalik kogus k\u00e4tele ja masseeri naha sisse. Kasuta nii tihti kui vaja.<\/p>\n","protected":false},"excerpt":{"rendered":"<p>Intensiivselt kaitsev saialille ning A ja E vitamiinidega k\u00e4tekreem, mis rahustab ja toidab koheselt karedaid ja kuivi k\u00e4si. Kanna vajalik&#8230;<\/p>\n","protected":false},"featured_media":50941,"comment_status":"open","ping_status":"closed","template":"","meta":{"_acf_changed":false,"inline_featured_image":false},"pwb-brand":[978],"product_brand":[],"product_cat":[878,923],"product_tag":[],"class_list":{"0":"post-28883","1":"product","2":"type-product","3":"status-publish","4":"has-post-thumbnail","6":"pwb-brand-dr-scheller","7":"product_cat-kate-ja-jalgade-hooldus","8":"product_cat-apteegikaubad","10":"first","11":"instock","12":"taxable","13":"shipping-taxable","14":"purchasable","15":"product-type-simple"},"acf":[],"brands":[{"id":978,"name":"Dr. Scheller","slug":"dr-scheller"}],"_links":{"self":[{"href":"https:\/\/startlan.ee\/en\/wp-json\/wp\/v2\/product\/28883","targetHints":{"allow":["GET"]}}],"collection":[{"href":"https:\/\/startlan.ee\/en\/wp-json\/wp\/v2\/product"}],"about":[{"href":"https:\/\/startlan.ee\/en\/wp-json\/wp\/v2\/types\/product"}],"replies":[{"embeddable":true,"href":"https:\/\/startlan.ee\/en\/wp-json\/wp\/v2\/comments?post=28883"}],"wp:featuredmedia":[{"embeddable":true,"href":"https:\/\/startlan.ee\/en\/wp-json\/wp\/v2\/media\/50941"}],"wp:attachment":[{"href":"https:\/\/startlan.ee\/en\/wp-json\/wp\/v2\/media?parent=28883"}],"wp:term":[{"taxonomy":"pwb-brand","embeddable":true,"href":"https:\/\/startlan.ee\/en\/wp-json\/wp\/v2\/pwb-brand?post=28883"},{"taxonomy":"product_brand","embeddable":true,"href":"https:\/\/startlan.ee\/en\/wp-json\/wp\/v2\/product_brand?post=28883"},{"taxonomy":"product_cat","embeddable":true,"href":"https:\/\/startlan.ee\/en\/wp-json\/wp\/v2\/product_cat?post=28883"},{"taxonomy":"product_tag","embeddable":true,"href":"https:\/\/startlan.ee\/en\/wp-json\/wp\/v2\/product_tag?post=28883"}],"curies":[{"name":"wp","href":"https:\/\/api.w.org\/{rel}","templated":true}]}}