{"id":2865,"date":"2023-12-01T10:48:02","date_gmt":"2023-12-01T10:48:02","guid":{"rendered":"https:\/\/startlan.ee\/?post_type=product&#038;p=2865"},"modified":"2026-04-17T06:00:39","modified_gmt":"2026-04-17T03:00:39","slug":"bell-hypoallergenic-kauakestev-huulepliiats-long-wear-toon-02","status":"publish","type":"product","link":"https:\/\/startlan.ee\/en\/toode\/bell-hypoallergenic-kauakestev-huulepliiats-long-wear-toon-02\/","title":{"rendered":"Bell HYPOAllergenic kauakestev huulepliiats Long Wear, toon 02"},"content":{"rendered":"<p><strong>Koostis:<\/strong> Octyldodecanol \u2022 Ricinus Communis (Castor) Seed Oil \u2022 Cera Microcristallina (Microcrystalline Wax) \u2022 Copernicia Cerifera Cera (Copernicia Cerifera (Carnauba) Wax) \u2022 Cera Alba (Beeswax) \u2022 Lanolin \u2022 Methyl Methacrylate Crosspolymer \u2022 VP\/Hexadecene Copolymer \u2022 Glyceryl Caprylate \u2022 Tocopherol \u2022 Ascorbyl Palmitate \u2022 Ascorbic Acid \u2022 PEG-8 \u2022 Citric Acid \u2022 BHT \u2022 [may contain +\/- CI 15850 (Red 6 Lake, Red 7 Lake) \u2022 CI 19140 (Yellow 5 Lake) \u2022 CI 42090 (Blue 1 Lake) \u2022 CI 45410 (Red 27 Lake) \u2022 CI 77491, CI 77492, CI 77499 (Iron Oxides) \u2022 CI 77742 (Manganese Violet) \u2022 CI 77891 (Titanium Dioxide)]<\/p>\n","protected":false},"excerpt":{"rendered":"<p>Bell HYPOAllergenic automaatse huulepliiatsiga saate oma huuled kontuurida t\u00e4psete piirjoontega. Huulepliiats tagab kauap\u00fcsiva huulemeigi, ei kuivata huuli ega m\u00e4\u00e4ri.<\/p>\n<p>T\u00e4nu oma pehmele \u00f5rnale tekstuurile on huulepliiatsit kerge kasutada.<\/p>\n<p>Dermatoloogide poolt testitud. Sobib ka tundlikule ja allergilisele nahale.<\/p>\n<p>V\u00e4rvitoon: 02 (Tea Rose).<\/p>\n","protected":false},"featured_media":2941,"comment_status":"open","ping_status":"closed","template":"","meta":{"_acf_changed":false,"inline_featured_image":false},"pwb-brand":[477],"product_brand":[],"product_cat":[894],"product_tag":[342,391,311,335,339],"class_list":{"0":"post-2865","1":"product","2":"type-product","3":"status-publish","4":"has-post-thumbnail","6":"pwb-brand-bell-hypoallergenic","7":"product_cat-huuled","8":"product_tag-hypoallergenic","9":"product_tag-must-reede","10":"product_tag-bell","11":"product_tag-huuled","12":"product_tag-huulepliiats","14":"first","15":"instock","16":"taxable","17":"shipping-taxable","18":"purchasable","19":"product-type-simple"},"acf":[],"brands":[{"id":477,"name":"Bell HypoAllergenic","slug":"bell-hypoallergenic"}],"_links":{"self":[{"href":"https:\/\/startlan.ee\/en\/wp-json\/wp\/v2\/product\/2865","targetHints":{"allow":["GET"]}}],"collection":[{"href":"https:\/\/startlan.ee\/en\/wp-json\/wp\/v2\/product"}],"about":[{"href":"https:\/\/startlan.ee\/en\/wp-json\/wp\/v2\/types\/product"}],"replies":[{"embeddable":true,"href":"https:\/\/startlan.ee\/en\/wp-json\/wp\/v2\/comments?post=2865"}],"wp:featuredmedia":[{"embeddable":true,"href":"https:\/\/startlan.ee\/en\/wp-json\/wp\/v2\/media\/2941"}],"wp:attachment":[{"href":"https:\/\/startlan.ee\/en\/wp-json\/wp\/v2\/media?parent=2865"}],"wp:term":[{"taxonomy":"pwb-brand","embeddable":true,"href":"https:\/\/startlan.ee\/en\/wp-json\/wp\/v2\/pwb-brand?post=2865"},{"taxonomy":"product_brand","embeddable":true,"href":"https:\/\/startlan.ee\/en\/wp-json\/wp\/v2\/product_brand?post=2865"},{"taxonomy":"product_cat","embeddable":true,"href":"https:\/\/startlan.ee\/en\/wp-json\/wp\/v2\/product_cat?post=2865"},{"taxonomy":"product_tag","embeddable":true,"href":"https:\/\/startlan.ee\/en\/wp-json\/wp\/v2\/product_tag?post=2865"}],"curies":[{"name":"wp","href":"https:\/\/api.w.org\/{rel}","templated":true}]}}