{"id":28352,"date":"2024-04-16T12:56:51","date_gmt":"2024-04-16T09:56:51","guid":{"rendered":"https:\/\/startlan.ee\/?post_type=product&#038;p=28352"},"modified":"2026-05-13T18:31:37","modified_gmt":"2026-05-13T15:31:37","slug":"m-asam-24h-kreem-retinol-intense-50ml","status":"publish","type":"product","link":"https:\/\/startlan.ee\/en\/toode\/m-asam-24h-kreem-retinol-intense-50ml\/","title":{"rendered":"M.Asam  24H Kreem Retinol Intense 50ml"},"content":{"rendered":"<p>AQUA (WATER), BUTYROSPERMUM PARKII (SHEA) BUTTER, ACACIA DECURRENS\/JOJOBA\/SUNFLOWER SEED WAX\/POLYGLYCERYL-3 ESTERS, DICAPRYLYL CARBONATE, GLYCERIN, CETEARYL ALCOHOL, CETEARYL OLIVATE, CAPRYLIC\/CAPRIC TRIGLYCERIDE, THEOBROMA CACAO (COCOA) SEED BUTTER, SIMMONDSIA CHINENSIS (JOJOBA) SEED OIL, SORBITAN OLIVATE, RETINYL PALMITATE, RETINOL, MORINGA OLEIFERA SEED OIL, SODIUM STEAROYL GLUTAMATE, HYDROGENATED ETHYLHEXYL OLIVATE, ROSA CANINA FRUIT OIL, HYDROGENATED OLIVE OIL UNSAPONIFIABLES, COPERNICIA CERIFERA CERA (CA) SOYBEAN) OIL, HELIANTHUS ANNUUS (SUNFLOWER) SEED OIL, ROSMARINUS OFFICINALIS (ROSEMARY) EXTRACT, HUMULUS LUPULUS (HOPS) EXTRACT, SODIUM HYALURONATE, TOCOPHEROL, TOCOPHERYL ACETATE, TAPIOCA STARCH, ETHYL FERULATE, DISODIUM COCOAMPHODIACETATE, PARFUM (FRAGRANCE), 1, 2-HEXANEDIOL, CAPRYLYL GLYCOL, CETYL PALMITATE,CITRIC ACID, PROPANEDIOL, ETHYLHEXYLGLYCEROL, SODIUM GLUCONATE, SORBITAN OLEATE, SORBITAN PALMITATE, XANTHAN GUM, PHENOXYETHANOL<\/p>\n","protected":false},"excerpt":{"rendered":"<p>M.ASAM RETINOL INTENSE 24h kreem. K\u00f5rge kontsentratsiooniga retinool toimib eriti kiiresti ja t\u00f5husalt koos kapseldatud retinooliga.\u00a0Koos regenereerivate \u00f5lidega toimib kreem nagu\u00a0intensiivne hooldus vananemisilmingute vastu 24 tundi \u00f6\u00f6p\u00e4evas!\u00a0Toetab naha taastumist ja parandab m\u00e4rgatavalt jume.\u00a0Jume n\u00e4eb v\u00e4lja v\u00e4rskem ja peened kortsud v\u00e4henevad oluliselt.\u00a0Nahk tundub toonuses juba p\u00e4rast paarip\u00e4evast kasutamist.<\/p>\n","protected":false},"featured_media":29238,"comment_status":"open","ping_status":"closed","template":"","meta":{"_acf_changed":false,"inline_featured_image":false},"pwb-brand":[491],"product_brand":[],"product_cat":[864,936,973],"product_tag":[],"class_list":{"0":"post-28352","1":"product","2":"type-product","3":"status-publish","4":"has-post-thumbnail","6":"pwb-brand-m-asam","7":"product_cat-naokreemid","8":"product_cat-soodustooted","9":"product_cat-populaarne","11":"first","12":"instock","13":"sale","14":"taxable","15":"shipping-taxable","16":"purchasable","17":"product-type-simple"},"acf":[],"brands":[{"id":491,"name":"M.Asam","slug":"m-asam"}],"_links":{"self":[{"href":"https:\/\/startlan.ee\/en\/wp-json\/wp\/v2\/product\/28352","targetHints":{"allow":["GET"]}}],"collection":[{"href":"https:\/\/startlan.ee\/en\/wp-json\/wp\/v2\/product"}],"about":[{"href":"https:\/\/startlan.ee\/en\/wp-json\/wp\/v2\/types\/product"}],"replies":[{"embeddable":true,"href":"https:\/\/startlan.ee\/en\/wp-json\/wp\/v2\/comments?post=28352"}],"wp:featuredmedia":[{"embeddable":true,"href":"https:\/\/startlan.ee\/en\/wp-json\/wp\/v2\/media\/29238"}],"wp:attachment":[{"href":"https:\/\/startlan.ee\/en\/wp-json\/wp\/v2\/media?parent=28352"}],"wp:term":[{"taxonomy":"pwb-brand","embeddable":true,"href":"https:\/\/startlan.ee\/en\/wp-json\/wp\/v2\/pwb-brand?post=28352"},{"taxonomy":"product_brand","embeddable":true,"href":"https:\/\/startlan.ee\/en\/wp-json\/wp\/v2\/product_brand?post=28352"},{"taxonomy":"product_cat","embeddable":true,"href":"https:\/\/startlan.ee\/en\/wp-json\/wp\/v2\/product_cat?post=28352"},{"taxonomy":"product_tag","embeddable":true,"href":"https:\/\/startlan.ee\/en\/wp-json\/wp\/v2\/product_tag?post=28352"}],"curies":[{"name":"wp","href":"https:\/\/api.w.org\/{rel}","templated":true}]}}