{"id":1988,"date":"2023-12-01T10:42:36","date_gmt":"2023-12-01T10:42:36","guid":{"rendered":"https:\/\/startlan.ee\/?post_type=product&#038;p=1988"},"modified":"2026-04-18T03:01:27","modified_gmt":"2026-04-18T00:01:27","slug":"bell-hypoallergenic-kauapusiv-kuunelakk-toon-07","status":"publish","type":"product","link":"https:\/\/startlan.ee\/en\/toode\/bell-hypoallergenic-kauapusiv-kuunelakk-toon-07\/","title":{"rendered":"Bell HYPOAllergenic kauap\u00fcsiv k\u00fc\u00fcnelakk. Toon 07"},"content":{"rendered":"<p><strong>Koostis:\u00a0<\/strong>Butyl Acetate, Ethyl Acetate, Nitrocellulose, Acetyl Tributyl Citrate, Isopropyl Alcohol, Adipic Acid\/Neopentyl Glycol\/Trimellitic Anhydride Copolymer, Styrene\/Acrylates Copolymer, Stearalkonium Bentonite, Sucrose Acetate Isobutyrate, Acrylates Copolymer, Benzophenone-1, Trimethylpentanediyl Dibenzoate, Polyvinyl Butyral, Silica, Alumina, Dimethicone, Trimethylsiloxysilicate, Phthalic Anhydride\/Trimellitic Anhydride\/Glycols Copolymer, Stearalkonium Hectorite, Polyethylene Terephthalate, Polyurethane-11, N-Butyl Alcohol, Alcohol Denat., [v\u00f5ib sisaldada +\/- CI 15850 (Red 6 Lake, Red 7 Lake), CI 15880 (Red 34 Lake), CI 19140 (Yellow 5 Lake), CI 42090 (Blue 1 Lake), CI 77000 (Aluminum Powder), CI 77007 (Ultramarines), CI 77163 (Bismuth Oxychloride), CI 77266 [nano] (Black 2), CI 77491 (Iron Oxides), CI 77510 (Ferric Ammonium Ferrocyanide), CI 77891 (Titanium Dioxide), Calcium Aluminum Borosilicate, Calcium Sodium Borosilicate, Mica, Synthetic Fluorphlogopite, Tin Oxide]<\/p>\n","protected":false},"excerpt":{"rendered":"<p>K\u00fcllastunud toonidega kauap\u00fcsiv k\u00fc\u00fcnelakk laseb k\u00fc\u00fcneplaadil &#8220;hingata&#8221;. K\u00f5rgkvaliteetsed pol\u00fcmeerid tagavad lakile kriimustus-, koorumis- ja kulumiskindluse. Lame pintsel kohandub k\u00fc\u00fcne kujuga ja lakki saab t\u00e4pselt ja mugavalt k\u00fc\u00fcnele kanda.<\/p>\n<p>Sobib tundlikule ja naha\u00e4rritustele kalduvale nahale. Dermatoloogiliselt testitud.<\/p>\n<p>Sobib veganitele.<\/p>\n<p>Toon: 07 (Passion).<\/p>\n","protected":false},"featured_media":2038,"comment_status":"open","ping_status":"closed","template":"","meta":{"_acf_changed":false,"inline_featured_image":false},"pwb-brand":[477],"product_brand":[],"product_cat":[898],"product_tag":[342,377,378,461,311],"class_list":{"0":"post-1988","1":"product","2":"type-product","3":"status-publish","4":"has-post-thumbnail","6":"pwb-brand-bell-hypoallergenic","7":"product_cat-kuunehooldus-kuunelakid","8":"product_tag-hypoallergenic","9":"product_tag-kuuned","10":"product_tag-kuunelakk","11":"product_tag-vegan","12":"product_tag-bell","14":"first","15":"instock","16":"taxable","17":"shipping-taxable","18":"purchasable","19":"product-type-simple"},"acf":[],"brands":[{"id":477,"name":"Bell HypoAllergenic","slug":"bell-hypoallergenic"}],"_links":{"self":[{"href":"https:\/\/startlan.ee\/en\/wp-json\/wp\/v2\/product\/1988","targetHints":{"allow":["GET"]}}],"collection":[{"href":"https:\/\/startlan.ee\/en\/wp-json\/wp\/v2\/product"}],"about":[{"href":"https:\/\/startlan.ee\/en\/wp-json\/wp\/v2\/types\/product"}],"replies":[{"embeddable":true,"href":"https:\/\/startlan.ee\/en\/wp-json\/wp\/v2\/comments?post=1988"}],"wp:featuredmedia":[{"embeddable":true,"href":"https:\/\/startlan.ee\/en\/wp-json\/wp\/v2\/media\/2038"}],"wp:attachment":[{"href":"https:\/\/startlan.ee\/en\/wp-json\/wp\/v2\/media?parent=1988"}],"wp:term":[{"taxonomy":"pwb-brand","embeddable":true,"href":"https:\/\/startlan.ee\/en\/wp-json\/wp\/v2\/pwb-brand?post=1988"},{"taxonomy":"product_brand","embeddable":true,"href":"https:\/\/startlan.ee\/en\/wp-json\/wp\/v2\/product_brand?post=1988"},{"taxonomy":"product_cat","embeddable":true,"href":"https:\/\/startlan.ee\/en\/wp-json\/wp\/v2\/product_cat?post=1988"},{"taxonomy":"product_tag","embeddable":true,"href":"https:\/\/startlan.ee\/en\/wp-json\/wp\/v2\/product_tag?post=1988"}],"curies":[{"name":"wp","href":"https:\/\/api.w.org\/{rel}","templated":true}]}}