{"id":1932,"date":"2023-12-01T10:42:12","date_gmt":"2023-12-01T10:42:12","guid":{"rendered":"https:\/\/startlan.ee\/?post_type=product&#038;p=1932"},"modified":"2026-04-17T06:03:19","modified_gmt":"2026-04-17T03:03:19","slug":"alter-heideschafer-saialillesalv-250-ml","status":"publish","type":"product","link":"https:\/\/startlan.ee\/en\/toode\/alter-heideschafer-saialillesalv-250-ml\/","title":{"rendered":"Alter Heidesch\u00e4fer saialillesalv 250 ml"},"content":{"rendered":"<p><strong>Koostis:<\/strong> Aqua, Petrolatum, Methylpropanediol, Glyceryl Stearate, Glycerin, Cetyl Alcohol, Ceteareth-20, Cetearyl Alcohol, Calendula Officinalis Flower Extract, Propylene Glycol, Cetyl Palmitate, Panthenol, Ceteareth-12, Sodium Carbomer, Parfum, Benzyl Benzoate, Dimethicone, Glucose, Sodium Benzoate, Potassium Sorbate, Disodium EDTA, Ethylhexylglycerin, Phenoxyethanol, CI16255, CI19140<\/p>\n","protected":false},"excerpt":{"rendered":"<p>Rahvameditsiinis tuntud saialill on nahka pehmendava ja p\u00f5letikuvastase toimega. Kaitseb nahka ilmastiku kahjuliku toime eest. Sobib k\u00e4te, jalgade, l\u00f5henenud huulte ja \u00fcldiselt kuiva naha hoolduseks ning raviks. Salvi koostises olev soja\u00f5li pehmendab, toidab ja kaitseb nahka.<\/p>\n<p>Maht: 250 ml.<\/p>\n","protected":false},"featured_media":878,"comment_status":"open","ping_status":"closed","template":"","meta":{"_acf_changed":false,"inline_featured_image":false},"pwb-brand":[472],"product_brand":[],"product_cat":[927],"product_tag":[],"class_list":{"0":"post-1932","1":"product","2":"type-product","3":"status-publish","4":"has-post-thumbnail","6":"pwb-brand-alter-heideschafer","7":"product_cat-apteegikosmeetika","9":"first","10":"instock","11":"taxable","12":"shipping-taxable","13":"purchasable","14":"product-type-simple"},"acf":[],"brands":[{"id":472,"name":"Alter Heidesch\u00e4fer","slug":"alter-heideschafer"}],"_links":{"self":[{"href":"https:\/\/startlan.ee\/en\/wp-json\/wp\/v2\/product\/1932","targetHints":{"allow":["GET"]}}],"collection":[{"href":"https:\/\/startlan.ee\/en\/wp-json\/wp\/v2\/product"}],"about":[{"href":"https:\/\/startlan.ee\/en\/wp-json\/wp\/v2\/types\/product"}],"replies":[{"embeddable":true,"href":"https:\/\/startlan.ee\/en\/wp-json\/wp\/v2\/comments?post=1932"}],"wp:featuredmedia":[{"embeddable":true,"href":"https:\/\/startlan.ee\/en\/wp-json\/wp\/v2\/media\/878"}],"wp:attachment":[{"href":"https:\/\/startlan.ee\/en\/wp-json\/wp\/v2\/media?parent=1932"}],"wp:term":[{"taxonomy":"pwb-brand","embeddable":true,"href":"https:\/\/startlan.ee\/en\/wp-json\/wp\/v2\/pwb-brand?post=1932"},{"taxonomy":"product_brand","embeddable":true,"href":"https:\/\/startlan.ee\/en\/wp-json\/wp\/v2\/product_brand?post=1932"},{"taxonomy":"product_cat","embeddable":true,"href":"https:\/\/startlan.ee\/en\/wp-json\/wp\/v2\/product_cat?post=1932"},{"taxonomy":"product_tag","embeddable":true,"href":"https:\/\/startlan.ee\/en\/wp-json\/wp\/v2\/product_tag?post=1932"}],"curies":[{"name":"wp","href":"https:\/\/api.w.org\/{rel}","templated":true}]}}