{"id":1406,"date":"2023-12-01T10:38:58","date_gmt":"2023-12-01T10:38:58","guid":{"rendered":"https:\/\/startlan.ee\/?post_type=product&#038;p=1406"},"modified":"2026-05-13T18:00:10","modified_gmt":"2026-05-13T15:00:10","slug":"loodusliku-ilu-kinkekomplekt","status":"publish","type":"product","link":"https:\/\/startlan.ee\/en\/toode\/loodusliku-ilu-kinkekomplekt\/","title":{"rendered":"Loodusliku ilu kinkekomplekt"},"content":{"rendered":"<p>Bell huulepulk Colour 05<br \/>\nHYPOAllergenic huulepulk Rich Creamy 05<br \/>\nHYPOAllergenic pikendav ja tihendav ripsmetu\u00f0\u00f0 Bold Up! Intensiivne must<br \/>\nHYPOAllergenic k\u00fc\u00fcnelakk French Nail 05<br \/>\nDr. Scheller mask Kannatuslille v\u00e4rskendav 16ml<br \/>\nJEP k\u00e4tekreem Oliiv niisutav 75ml<\/p>\n","protected":false},"excerpt":{"rendered":"<p>Bell huulepulk Colour 05 HYPOAllergenic huulepulk Rich Creamy 05 HYPOAllergenic pikendav ja tihendav ripsmetu\u00f0\u00f0 Bold Up! Intensiivne must HYPOAllergenic k\u00fc\u00fcnelakk&#8230;<\/p>\n","protected":false},"featured_media":56630,"comment_status":"open","ping_status":"closed","template":"","meta":{"_acf_changed":false,"inline_featured_image":false},"pwb-brand":[477,476,978,487],"product_brand":[],"product_cat":[936,866,878,884,894,898,939],"product_tag":[],"class_list":{"0":"post-1406","1":"product","2":"type-product","3":"status-publish","4":"has-post-thumbnail","6":"pwb-brand-bell-hypoallergenic","7":"pwb-brand-bell","8":"pwb-brand-dr-scheller","9":"pwb-brand-jeanne-en-provence","10":"product_cat-soodustooted","11":"product_cat-maskid-nagu","12":"product_cat-kate-ja-jalgade-hooldus","13":"product_cat-ripsmetusid","14":"product_cat-huuled","15":"product_cat-kuunehooldus-kuunelakid","16":"product_cat-kinkekomplektid","18":"first","19":"outofstock","20":"sale","21":"taxable","22":"shipping-taxable","23":"purchasable","24":"product-type-simple"},"acf":[],"brands":[{"id":476,"name":"Bell","slug":"bell"},{"id":477,"name":"Bell HypoAllergenic","slug":"bell-hypoallergenic"},{"id":978,"name":"Dr. Scheller","slug":"dr-scheller"},{"id":487,"name":"Jeanne en Provence","slug":"jeanne-en-provence"}],"_links":{"self":[{"href":"https:\/\/startlan.ee\/en\/wp-json\/wp\/v2\/product\/1406","targetHints":{"allow":["GET"]}}],"collection":[{"href":"https:\/\/startlan.ee\/en\/wp-json\/wp\/v2\/product"}],"about":[{"href":"https:\/\/startlan.ee\/en\/wp-json\/wp\/v2\/types\/product"}],"replies":[{"embeddable":true,"href":"https:\/\/startlan.ee\/en\/wp-json\/wp\/v2\/comments?post=1406"}],"wp:featuredmedia":[{"embeddable":true,"href":"https:\/\/startlan.ee\/en\/wp-json\/wp\/v2\/media\/56630"}],"wp:attachment":[{"href":"https:\/\/startlan.ee\/en\/wp-json\/wp\/v2\/media?parent=1406"}],"wp:term":[{"taxonomy":"pwb-brand","embeddable":true,"href":"https:\/\/startlan.ee\/en\/wp-json\/wp\/v2\/pwb-brand?post=1406"},{"taxonomy":"product_brand","embeddable":true,"href":"https:\/\/startlan.ee\/en\/wp-json\/wp\/v2\/product_brand?post=1406"},{"taxonomy":"product_cat","embeddable":true,"href":"https:\/\/startlan.ee\/en\/wp-json\/wp\/v2\/product_cat?post=1406"},{"taxonomy":"product_tag","embeddable":true,"href":"https:\/\/startlan.ee\/en\/wp-json\/wp\/v2\/product_tag?post=1406"}],"curies":[{"name":"wp","href":"https:\/\/api.w.org\/{rel}","templated":true}]}}